{"id":19422,"date":"2020-07-23T13:53:35","date_gmt":"2020-07-23T10:53:35","guid":{"rendered":"https:\/\/maarjamagdaleenagild.ee\/pood\/?post_type=product&#038;p=19422"},"modified":"2025-12-05T21:25:22","modified_gmt":"2025-12-05T18:25:22","slug":"klaasi-kokkusulatus-ja-koolitus","status":"publish","type":"product","link":"https:\/\/maarjamagdaleenagild.ee\/pood\/toode\/klaasi-kokkusulatus-ja-koolitus\/","title":{"rendered":"Klaasi kokkusulatus ja koolutus"},"content":{"rendered":"<p>Taaskasutatud klaasist piltide, tarbeesemete ja kausside valmistamine. \u00d5pime klaasi l\u00f5ikama, t\u00fckid asetatakse ahjuplaadile, kinnitatakse liimiga ja kaunistatakse v\u00e4rviliste pudelikildudega. Kausi valmistamiseks kasutame keraamilist vormi, mille j\u00e4rgi klaas kooldub. Laste kasutuses on ohutud v\u00e4ikesed v\u00e4rvilised pudelikillud, millest nad saavad teha mosaiigi p\u00f5him\u00f5ttel pildikesi. Seej\u00e4rel l\u00e4hevad t\u00f6\u00f6d ahju ja 800 kraadi juures sulab klaas kokku. T\u00f6\u00f6d saab k\u00e4tte alates \u00fclej\u00e4rgmisest p\u00e4evast kuni n\u00e4dala jooksul.<\/p>\n<p>Juhendaja: <a href=\"https:\/\/maarjamagdaleenagild.ee\/et\/leili-klaasikoda-leili-kokk\/\">Leili Kokk<\/a><br \/>\n<a href=\"tel:+372 5057 754\">+372 5057 754<\/a><br \/>\n<a href=\"mailto:leilikokk@gmail.com\">leilikokk@gmail.com<\/a><\/p>\n","protected":false},"excerpt":{"rendered":"<h2>8\u20ac<\/h2>\n<p>\u00d5pitoa hind oleneb t\u00f6\u00f6de suurusest.<br \/>\n\u00dcks ahjuplaat l\u00e4bim\u00f5\u00f5duga 45cm Hind: 20\u20ac (min hind 8\u20ac)<br \/>\nToimumise aeg: kokkuleppel ja korraliste \u00f5pitubade p\u00e4eval (reedel ja laup\u00e4eval)<\/p>\n","protected":false},"featured_media":19647,"template":"","meta":{"_monsterinsights_skip_tracking":false,"_monsterinsights_sitenote_active":false,"_monsterinsights_sitenote_note":"","_monsterinsights_sitenote_category":0},"product_brand":[],"product_cat":[16,118],"product_tag":[309,308,220],"class_list":{"0":"post-19422","1":"product","2":"type-product","3":"status-publish","4":"has-post-thumbnail","6":"product_cat-tootoad","7":"product_cat-leili-klaasikoda","8":"product_tag-leili-klaasikoda","9":"product_tag-leili-kokk","10":"product_tag-tootuba","11":"pa_grupi-suurus-1-12-inimest","12":"pa_hind-alates-8-e-osaleja","13":"pa_hind-oleneb-toode-suurusest","14":"pa_keel-eesti-keel","15":"pa_keel-inglise-keel","16":"pa_keel-soome-keel","17":"pa_keel-vene-keel","18":"pa_kestvus-1-2-h","19":"pa_vanus-alates-5","21":"first","22":"instock","23":"shipping-taxable","24":"product-type-simple"},"yoast_head":"<!-- This site is optimized with the Yoast SEO plugin v27.0 - https:\/\/yoast.com\/product\/yoast-seo-wordpress\/ -->\n<title>Klaasi kokkusulatus ja koolutus - Maarja-Magdaleena Gild<\/title>\n<meta name=\"robots\" content=\"index, follow, max-snippet:-1, max-image-preview:large, max-video-preview:-1\" \/>\n<link rel=\"canonical\" href=\"https:\/\/maarjamagdaleenagild.ee\/pood\/toode\/klaasi-kokkusulatus-ja-koolitus\/\" \/>\n<meta property=\"og:locale\" content=\"et_EE\" \/>\n<meta property=\"og:type\" content=\"article\" \/>\n<meta property=\"og:title\" content=\"Klaasi kokkusulatus ja koolutus - Maarja-Magdaleena Gild\" \/>\n<meta property=\"og:description\" content=\"8\u20ac \u00d5pitoa hind oleneb t\u00f6\u00f6de suurusest. \u00dcks ahjuplaat l\u00e4bim\u00f5\u00f5duga 45cm Hind: 20\u20ac (min hind 8\u20ac) Toimumise aeg: kokkuleppel ja korraliste \u00f5pitubade p\u00e4eval (reedel ja laup\u00e4eval)\" \/>\n<meta property=\"og:url\" content=\"https:\/\/maarjamagdaleenagild.ee\/pood\/toode\/klaasi-kokkusulatus-ja-koolitus\/\" \/>\n<meta property=\"og:site_name\" content=\"Maarja-Magdaleena Gild\" \/>\n<meta property=\"article:publisher\" content=\"https:\/\/www.facebook.com\/MaarjaMagdaleenaGild\" \/>\n<meta property=\"article:modified_time\" content=\"2025-12-05T18:25:22+00:00\" \/>\n<meta property=\"og:image\" content=\"https:\/\/maarjamagdaleenagild.ee\/pood\/wp-content\/uploads\/2020\/05\/aiki-33.jpg\" \/>\n\t<meta property=\"og:image:width\" content=\"1631\" \/>\n\t<meta property=\"og:image:height\" content=\"1080\" \/>\n\t<meta property=\"og:image:type\" content=\"image\/jpeg\" \/>\n<meta name=\"twitter:card\" content=\"summary_large_image\" \/>\n<meta name=\"twitter:label1\" content=\"Est. reading time\" \/>\n\t<meta name=\"twitter:data1\" content=\"1 minut\" \/>\n<script type=\"application\/ld+json\" class=\"yoast-schema-graph\">{\"@context\":\"https:\/\/schema.org\",\"@graph\":[{\"@type\":\"WebPage\",\"@id\":\"https:\/\/maarjamagdaleenagild.ee\/pood\/toode\/klaasi-kokkusulatus-ja-koolitus\/\",\"url\":\"https:\/\/maarjamagdaleenagild.ee\/pood\/toode\/klaasi-kokkusulatus-ja-koolitus\/\",\"name\":\"Klaasi kokkusulatus ja koolutus - Maarja-Magdaleena Gild\",\"isPartOf\":{\"@id\":\"https:\/\/maarjamagdaleenagild.ee\/pood\/#website\"},\"primaryImageOfPage\":{\"@id\":\"https:\/\/maarjamagdaleenagild.ee\/pood\/toode\/klaasi-kokkusulatus-ja-koolitus\/#primaryimage\"},\"image\":{\"@id\":\"https:\/\/maarjamagdaleenagild.ee\/pood\/toode\/klaasi-kokkusulatus-ja-koolitus\/#primaryimage\"},\"thumbnailUrl\":\"https:\/\/maarjamagdaleenagild.ee\/pood\/wp-content\/uploads\/2020\/05\/aiki-33.jpg\",\"datePublished\":\"2020-07-23T10:53:35+00:00\",\"dateModified\":\"2025-12-05T18:25:22+00:00\",\"breadcrumb\":{\"@id\":\"https:\/\/maarjamagdaleenagild.ee\/pood\/toode\/klaasi-kokkusulatus-ja-koolitus\/#breadcrumb\"},\"inLanguage\":\"et\",\"potentialAction\":[{\"@type\":\"ReadAction\",\"target\":[\"https:\/\/maarjamagdaleenagild.ee\/pood\/toode\/klaasi-kokkusulatus-ja-koolitus\/\"]}]},{\"@type\":\"ImageObject\",\"inLanguage\":\"et\",\"@id\":\"https:\/\/maarjamagdaleenagild.ee\/pood\/toode\/klaasi-kokkusulatus-ja-koolitus\/#primaryimage\",\"url\":\"https:\/\/maarjamagdaleenagild.ee\/pood\/wp-content\/uploads\/2020\/05\/aiki-33.jpg\",\"contentUrl\":\"https:\/\/maarjamagdaleenagild.ee\/pood\/wp-content\/uploads\/2020\/05\/aiki-33.jpg\",\"width\":1631,\"height\":1080},{\"@type\":\"BreadcrumbList\",\"@id\":\"https:\/\/maarjamagdaleenagild.ee\/pood\/toode\/klaasi-kokkusulatus-ja-koolitus\/#breadcrumb\",\"itemListElement\":[{\"@type\":\"ListItem\",\"position\":1,\"name\":\"Home\",\"item\":\"https:\/\/maarjamagdaleenagild.ee\/pood\/\"},{\"@type\":\"ListItem\",\"position\":2,\"name\":\"Pood\",\"item\":\"https:\/\/maarjamagdaleenagild.ee\/pood\/pood\/\"},{\"@type\":\"ListItem\",\"position\":3,\"name\":\"Klaasi kokkusulatus ja koolutus\"}]},{\"@type\":\"WebSite\",\"@id\":\"https:\/\/maarjamagdaleenagild.ee\/pood\/#website\",\"url\":\"https:\/\/maarjamagdaleenagild.ee\/pood\/\",\"name\":\"Maarja-Magdaleena Gild\",\"description\":\"E-pood\",\"publisher\":{\"@id\":\"https:\/\/maarjamagdaleenagild.ee\/pood\/#organization\"},\"potentialAction\":[{\"@type\":\"SearchAction\",\"target\":{\"@type\":\"EntryPoint\",\"urlTemplate\":\"https:\/\/maarjamagdaleenagild.ee\/pood\/?s={search_term_string}\"},\"query-input\":{\"@type\":\"PropertyValueSpecification\",\"valueRequired\":true,\"valueName\":\"search_term_string\"}}],\"inLanguage\":\"et\"},{\"@type\":\"Organization\",\"@id\":\"https:\/\/maarjamagdaleenagild.ee\/pood\/#organization\",\"name\":\"MT\u00dc Maarja-Magdaleena Gild\",\"url\":\"https:\/\/maarjamagdaleenagild.ee\/pood\/\",\"logo\":{\"@type\":\"ImageObject\",\"inLanguage\":\"et\",\"@id\":\"https:\/\/maarjamagdaleenagild.ee\/pood\/#\/schema\/logo\/image\/\",\"url\":\"https:\/\/maarjamagdaleenagild.ee\/pood\/wp-content\/uploads\/2020\/10\/MMGild_VAIKE.jpg\",\"contentUrl\":\"https:\/\/maarjamagdaleenagild.ee\/pood\/wp-content\/uploads\/2020\/10\/MMGild_VAIKE.jpg\",\"width\":121,\"height\":160,\"caption\":\"MT\u00dc Maarja-Magdaleena Gild\"},\"image\":{\"@id\":\"https:\/\/maarjamagdaleenagild.ee\/pood\/#\/schema\/logo\/image\/\"},\"sameAs\":[\"https:\/\/www.facebook.com\/MaarjaMagdaleenaGild\",\"https:\/\/www.instagram.com\/maarjamagdaleenagild\/\",\"https:\/\/youtube.com\/channel\/UC58lYlWK76vAqsDJ_gunuow\"]}]}<\/script>\n<!-- \/ Yoast SEO plugin. -->","yoast_head_json":{"title":"Klaasi kokkusulatus ja koolutus - Maarja-Magdaleena Gild","robots":{"index":"index","follow":"follow","max-snippet":"max-snippet:-1","max-image-preview":"max-image-preview:large","max-video-preview":"max-video-preview:-1"},"canonical":"https:\/\/maarjamagdaleenagild.ee\/pood\/toode\/klaasi-kokkusulatus-ja-koolitus\/","og_locale":"et_EE","og_type":"article","og_title":"Klaasi kokkusulatus ja koolutus - Maarja-Magdaleena Gild","og_description":"8\u20ac \u00d5pitoa hind oleneb t\u00f6\u00f6de suurusest. \u00dcks ahjuplaat l\u00e4bim\u00f5\u00f5duga 45cm Hind: 20\u20ac (min hind 8\u20ac) Toimumise aeg: kokkuleppel ja korraliste \u00f5pitubade p\u00e4eval (reedel ja laup\u00e4eval)","og_url":"https:\/\/maarjamagdaleenagild.ee\/pood\/toode\/klaasi-kokkusulatus-ja-koolitus\/","og_site_name":"Maarja-Magdaleena Gild","article_publisher":"https:\/\/www.facebook.com\/MaarjaMagdaleenaGild","article_modified_time":"2025-12-05T18:25:22+00:00","og_image":[{"width":1631,"height":1080,"url":"https:\/\/maarjamagdaleenagild.ee\/pood\/wp-content\/uploads\/2020\/05\/aiki-33.jpg","type":"image\/jpeg"}],"twitter_card":"summary_large_image","twitter_misc":{"Est. reading time":"1 minut"},"schema":{"@context":"https:\/\/schema.org","@graph":[{"@type":"WebPage","@id":"https:\/\/maarjamagdaleenagild.ee\/pood\/toode\/klaasi-kokkusulatus-ja-koolitus\/","url":"https:\/\/maarjamagdaleenagild.ee\/pood\/toode\/klaasi-kokkusulatus-ja-koolitus\/","name":"Klaasi kokkusulatus ja koolutus - Maarja-Magdaleena Gild","isPartOf":{"@id":"https:\/\/maarjamagdaleenagild.ee\/pood\/#website"},"primaryImageOfPage":{"@id":"https:\/\/maarjamagdaleenagild.ee\/pood\/toode\/klaasi-kokkusulatus-ja-koolitus\/#primaryimage"},"image":{"@id":"https:\/\/maarjamagdaleenagild.ee\/pood\/toode\/klaasi-kokkusulatus-ja-koolitus\/#primaryimage"},"thumbnailUrl":"https:\/\/maarjamagdaleenagild.ee\/pood\/wp-content\/uploads\/2020\/05\/aiki-33.jpg","datePublished":"2020-07-23T10:53:35+00:00","dateModified":"2025-12-05T18:25:22+00:00","breadcrumb":{"@id":"https:\/\/maarjamagdaleenagild.ee\/pood\/toode\/klaasi-kokkusulatus-ja-koolitus\/#breadcrumb"},"inLanguage":"et","potentialAction":[{"@type":"ReadAction","target":["https:\/\/maarjamagdaleenagild.ee\/pood\/toode\/klaasi-kokkusulatus-ja-koolitus\/"]}]},{"@type":"ImageObject","inLanguage":"et","@id":"https:\/\/maarjamagdaleenagild.ee\/pood\/toode\/klaasi-kokkusulatus-ja-koolitus\/#primaryimage","url":"https:\/\/maarjamagdaleenagild.ee\/pood\/wp-content\/uploads\/2020\/05\/aiki-33.jpg","contentUrl":"https:\/\/maarjamagdaleenagild.ee\/pood\/wp-content\/uploads\/2020\/05\/aiki-33.jpg","width":1631,"height":1080},{"@type":"BreadcrumbList","@id":"https:\/\/maarjamagdaleenagild.ee\/pood\/toode\/klaasi-kokkusulatus-ja-koolitus\/#breadcrumb","itemListElement":[{"@type":"ListItem","position":1,"name":"Home","item":"https:\/\/maarjamagdaleenagild.ee\/pood\/"},{"@type":"ListItem","position":2,"name":"Pood","item":"https:\/\/maarjamagdaleenagild.ee\/pood\/pood\/"},{"@type":"ListItem","position":3,"name":"Klaasi kokkusulatus ja koolutus"}]},{"@type":"WebSite","@id":"https:\/\/maarjamagdaleenagild.ee\/pood\/#website","url":"https:\/\/maarjamagdaleenagild.ee\/pood\/","name":"Maarja-Magdaleena Gild","description":"E-pood","publisher":{"@id":"https:\/\/maarjamagdaleenagild.ee\/pood\/#organization"},"potentialAction":[{"@type":"SearchAction","target":{"@type":"EntryPoint","urlTemplate":"https:\/\/maarjamagdaleenagild.ee\/pood\/?s={search_term_string}"},"query-input":{"@type":"PropertyValueSpecification","valueRequired":true,"valueName":"search_term_string"}}],"inLanguage":"et"},{"@type":"Organization","@id":"https:\/\/maarjamagdaleenagild.ee\/pood\/#organization","name":"MT\u00dc Maarja-Magdaleena Gild","url":"https:\/\/maarjamagdaleenagild.ee\/pood\/","logo":{"@type":"ImageObject","inLanguage":"et","@id":"https:\/\/maarjamagdaleenagild.ee\/pood\/#\/schema\/logo\/image\/","url":"https:\/\/maarjamagdaleenagild.ee\/pood\/wp-content\/uploads\/2020\/10\/MMGild_VAIKE.jpg","contentUrl":"https:\/\/maarjamagdaleenagild.ee\/pood\/wp-content\/uploads\/2020\/10\/MMGild_VAIKE.jpg","width":121,"height":160,"caption":"MT\u00dc Maarja-Magdaleena Gild"},"image":{"@id":"https:\/\/maarjamagdaleenagild.ee\/pood\/#\/schema\/logo\/image\/"},"sameAs":["https:\/\/www.facebook.com\/MaarjaMagdaleenaGild","https:\/\/www.instagram.com\/maarjamagdaleenagild\/","https:\/\/youtube.com\/channel\/UC58lYlWK76vAqsDJ_gunuow"]}]}},"_links":{"self":[{"href":"https:\/\/maarjamagdaleenagild.ee\/pood\/wp-json\/wp\/v2\/product\/19422","targetHints":{"allow":["GET"]}}],"collection":[{"href":"https:\/\/maarjamagdaleenagild.ee\/pood\/wp-json\/wp\/v2\/product"}],"about":[{"href":"https:\/\/maarjamagdaleenagild.ee\/pood\/wp-json\/wp\/v2\/types\/product"}],"wp:featuredmedia":[{"embeddable":true,"href":"https:\/\/maarjamagdaleenagild.ee\/pood\/wp-json\/wp\/v2\/media\/19647"}],"wp:attachment":[{"href":"https:\/\/maarjamagdaleenagild.ee\/pood\/wp-json\/wp\/v2\/media?parent=19422"}],"wp:term":[{"taxonomy":"product_brand","embeddable":true,"href":"https:\/\/maarjamagdaleenagild.ee\/pood\/wp-json\/wp\/v2\/product_brand?post=19422"},{"taxonomy":"product_cat","embeddable":true,"href":"https:\/\/maarjamagdaleenagild.ee\/pood\/wp-json\/wp\/v2\/product_cat?post=19422"},{"taxonomy":"product_tag","embeddable":true,"href":"https:\/\/maarjamagdaleenagild.ee\/pood\/wp-json\/wp\/v2\/product_tag?post=19422"}],"curies":[{"name":"wp","href":"https:\/\/api.w.org\/{rel}","templated":true}]}}