{"id":19425,"date":"2020-07-23T14:03:04","date_gmt":"2020-07-23T11:03:04","guid":{"rendered":"https:\/\/maarjamagdaleenagild.ee\/pood\/?post_type=product&#038;p=19425"},"modified":"2026-01-07T14:41:25","modified_gmt":"2026-01-07T11:41:25","slug":"pronksspiraalpunutis-ehk-vaseline","status":"publish","type":"product","link":"https:\/\/maarjamagdaleenagild.ee\/pood\/toode\/pronksspiraalpunutis-ehk-vaseline\/","title":{"rendered":"Pronksspiraalpunutis ehk \u201evaseline\u201d"},"content":{"rendered":"<p>Juhendaja:<br \/>\n<a href=\"https:\/\/maarjamagdaleenagild.ee\/et\/jane-vaselised\/\">Jane Erikson<\/a><br \/>\n<a href=\"mailto:jane.erikson@outlook.com\">jane.erikson@outlook.com<\/a><\/p>\n","protected":false},"excerpt":{"rendered":"<h2>V\u00f5tmehoidja 12\u20ac<br \/>\nPross 15\u20ac<\/h2>\n<p>Tuhande aasta taguses tehnikas v\u00f5tmehoidja v\u00f5i prossi valmistamine.<\/p>\n<p>&nbsp;<\/p>\n","protected":false},"featured_media":21407,"template":"","meta":{"_monsterinsights_skip_tracking":false,"_monsterinsights_sitenote_active":false,"_monsterinsights_sitenote_note":"","_monsterinsights_sitenote_category":0},"product_brand":[],"product_cat":[16,113],"product_tag":[793,320,220],"class_list":{"0":"post-19425","1":"product","2":"type-product","3":"status-publish","4":"has-post-thumbnail","6":"product_cat-tootoad","7":"product_cat-jane-vaselised","8":"product_tag-jane-erikson","9":"product_tag-jane-vaselised","10":"product_tag-tootuba","11":"pa_grupi-suurus-1-10-inimest","12":"pa_hind-12-15-e-osaleja","13":"pa_keel-eesti-keel","14":"pa_keel-inglise-keel","15":"pa_keel-vene-keel","16":"pa_kestvus-15-25-h","17":"pa_vanus-alates-7","19":"first","20":"instock","21":"shipping-taxable","22":"product-type-simple"},"yoast_head":"<!-- This site is optimized with the Yoast SEO plugin v27.0 - https:\/\/yoast.com\/product\/yoast-seo-wordpress\/ -->\n<title>Pronksspiraalpunutis ehk \u201evaseline\u201d - Maarja-Magdaleena Gild<\/title>\n<meta name=\"description\" content=\"Pronksspiraal ehk vaseline on tuhande aastane vanune tehnika, vaselistega kaunistati r\u00f5ivaid. Uuri l\u00e4hemalt ja tule t\u00f6\u00f6tuppa!\" \/>\n<meta name=\"robots\" content=\"index, follow, max-snippet:-1, max-image-preview:large, max-video-preview:-1\" \/>\n<link rel=\"canonical\" href=\"https:\/\/maarjamagdaleenagild.ee\/pood\/toode\/pronksspiraalpunutis-ehk-vaseline\/\" \/>\n<meta property=\"og:locale\" content=\"et_EE\" \/>\n<meta property=\"og:type\" content=\"article\" \/>\n<meta property=\"og:title\" content=\"Pronksspiraalpunutis ehk \u201evaseline\u201d - Maarja-Magdaleena Gild\" \/>\n<meta property=\"og:description\" content=\"Pronksspiraal ehk vaseline on tuhande aastane vanune tehnika, vaselistega kaunistati r\u00f5ivaid. Uuri l\u00e4hemalt ja tule t\u00f6\u00f6tuppa!\" \/>\n<meta property=\"og:url\" content=\"https:\/\/maarjamagdaleenagild.ee\/pood\/toode\/pronksspiraalpunutis-ehk-vaseline\/\" \/>\n<meta property=\"og:site_name\" content=\"Maarja-Magdaleena Gild\" \/>\n<meta property=\"article:publisher\" content=\"https:\/\/www.facebook.com\/MaarjaMagdaleenaGild\" \/>\n<meta property=\"article:modified_time\" content=\"2026-01-07T11:41:25+00:00\" \/>\n<meta property=\"og:image\" content=\"https:\/\/maarjamagdaleenagild.ee\/pood\/wp-content\/uploads\/2020\/07\/4-1-scaled.jpg\" \/>\n\t<meta property=\"og:image:width\" content=\"1920\" \/>\n\t<meta property=\"og:image:height\" content=\"2560\" \/>\n\t<meta property=\"og:image:type\" content=\"image\/jpeg\" \/>\n<meta name=\"twitter:card\" content=\"summary_large_image\" \/>\n<meta name=\"twitter:label1\" content=\"Est. reading time\" \/>\n\t<meta name=\"twitter:data1\" content=\"1 minut\" \/>\n<script type=\"application\/ld+json\" class=\"yoast-schema-graph\">{\"@context\":\"https:\/\/schema.org\",\"@graph\":[{\"@type\":\"WebPage\",\"@id\":\"https:\/\/maarjamagdaleenagild.ee\/pood\/toode\/pronksspiraalpunutis-ehk-vaseline\/\",\"url\":\"https:\/\/maarjamagdaleenagild.ee\/pood\/toode\/pronksspiraalpunutis-ehk-vaseline\/\",\"name\":\"Pronksspiraalpunutis ehk \u201evaseline\u201d - Maarja-Magdaleena Gild\",\"isPartOf\":{\"@id\":\"https:\/\/maarjamagdaleenagild.ee\/pood\/#website\"},\"primaryImageOfPage\":{\"@id\":\"https:\/\/maarjamagdaleenagild.ee\/pood\/toode\/pronksspiraalpunutis-ehk-vaseline\/#primaryimage\"},\"image\":{\"@id\":\"https:\/\/maarjamagdaleenagild.ee\/pood\/toode\/pronksspiraalpunutis-ehk-vaseline\/#primaryimage\"},\"thumbnailUrl\":\"https:\/\/maarjamagdaleenagild.ee\/pood\/wp-content\/uploads\/2020\/07\/4-1-scaled.jpg\",\"datePublished\":\"2020-07-23T11:03:04+00:00\",\"dateModified\":\"2026-01-07T11:41:25+00:00\",\"description\":\"Pronksspiraal ehk vaseline on tuhande aastane vanune tehnika, vaselistega kaunistati r\u00f5ivaid. Uuri l\u00e4hemalt ja tule t\u00f6\u00f6tuppa!\",\"breadcrumb\":{\"@id\":\"https:\/\/maarjamagdaleenagild.ee\/pood\/toode\/pronksspiraalpunutis-ehk-vaseline\/#breadcrumb\"},\"inLanguage\":\"et\",\"potentialAction\":[{\"@type\":\"ReadAction\",\"target\":[\"https:\/\/maarjamagdaleenagild.ee\/pood\/toode\/pronksspiraalpunutis-ehk-vaseline\/\"]}]},{\"@type\":\"ImageObject\",\"inLanguage\":\"et\",\"@id\":\"https:\/\/maarjamagdaleenagild.ee\/pood\/toode\/pronksspiraalpunutis-ehk-vaseline\/#primaryimage\",\"url\":\"https:\/\/maarjamagdaleenagild.ee\/pood\/wp-content\/uploads\/2020\/07\/4-1-scaled.jpg\",\"contentUrl\":\"https:\/\/maarjamagdaleenagild.ee\/pood\/wp-content\/uploads\/2020\/07\/4-1-scaled.jpg\",\"width\":1920,\"height\":2560,\"caption\":\"ancient jewelry made for Today\"},{\"@type\":\"BreadcrumbList\",\"@id\":\"https:\/\/maarjamagdaleenagild.ee\/pood\/toode\/pronksspiraalpunutis-ehk-vaseline\/#breadcrumb\",\"itemListElement\":[{\"@type\":\"ListItem\",\"position\":1,\"name\":\"Home\",\"item\":\"https:\/\/maarjamagdaleenagild.ee\/pood\/\"},{\"@type\":\"ListItem\",\"position\":2,\"name\":\"Pood\",\"item\":\"https:\/\/maarjamagdaleenagild.ee\/pood\/pood\/\"},{\"@type\":\"ListItem\",\"position\":3,\"name\":\"Pronksspiraalpunutis ehk \u201evaseline\u201d\"}]},{\"@type\":\"WebSite\",\"@id\":\"https:\/\/maarjamagdaleenagild.ee\/pood\/#website\",\"url\":\"https:\/\/maarjamagdaleenagild.ee\/pood\/\",\"name\":\"Maarja-Magdaleena Gild\",\"description\":\"E-pood\",\"publisher\":{\"@id\":\"https:\/\/maarjamagdaleenagild.ee\/pood\/#organization\"},\"potentialAction\":[{\"@type\":\"SearchAction\",\"target\":{\"@type\":\"EntryPoint\",\"urlTemplate\":\"https:\/\/maarjamagdaleenagild.ee\/pood\/?s={search_term_string}\"},\"query-input\":{\"@type\":\"PropertyValueSpecification\",\"valueRequired\":true,\"valueName\":\"search_term_string\"}}],\"inLanguage\":\"et\"},{\"@type\":\"Organization\",\"@id\":\"https:\/\/maarjamagdaleenagild.ee\/pood\/#organization\",\"name\":\"MT\u00dc Maarja-Magdaleena Gild\",\"url\":\"https:\/\/maarjamagdaleenagild.ee\/pood\/\",\"logo\":{\"@type\":\"ImageObject\",\"inLanguage\":\"et\",\"@id\":\"https:\/\/maarjamagdaleenagild.ee\/pood\/#\/schema\/logo\/image\/\",\"url\":\"https:\/\/maarjamagdaleenagild.ee\/pood\/wp-content\/uploads\/2020\/10\/MMGild_VAIKE.jpg\",\"contentUrl\":\"https:\/\/maarjamagdaleenagild.ee\/pood\/wp-content\/uploads\/2020\/10\/MMGild_VAIKE.jpg\",\"width\":121,\"height\":160,\"caption\":\"MT\u00dc Maarja-Magdaleena Gild\"},\"image\":{\"@id\":\"https:\/\/maarjamagdaleenagild.ee\/pood\/#\/schema\/logo\/image\/\"},\"sameAs\":[\"https:\/\/www.facebook.com\/MaarjaMagdaleenaGild\",\"https:\/\/www.instagram.com\/maarjamagdaleenagild\/\",\"https:\/\/youtube.com\/channel\/UC58lYlWK76vAqsDJ_gunuow\"]}]}<\/script>\n<!-- \/ Yoast SEO plugin. -->","yoast_head_json":{"title":"Pronksspiraalpunutis ehk \u201evaseline\u201d - Maarja-Magdaleena Gild","description":"Pronksspiraal ehk vaseline on tuhande aastane vanune tehnika, vaselistega kaunistati r\u00f5ivaid. Uuri l\u00e4hemalt ja tule t\u00f6\u00f6tuppa!","robots":{"index":"index","follow":"follow","max-snippet":"max-snippet:-1","max-image-preview":"max-image-preview:large","max-video-preview":"max-video-preview:-1"},"canonical":"https:\/\/maarjamagdaleenagild.ee\/pood\/toode\/pronksspiraalpunutis-ehk-vaseline\/","og_locale":"et_EE","og_type":"article","og_title":"Pronksspiraalpunutis ehk \u201evaseline\u201d - Maarja-Magdaleena Gild","og_description":"Pronksspiraal ehk vaseline on tuhande aastane vanune tehnika, vaselistega kaunistati r\u00f5ivaid. Uuri l\u00e4hemalt ja tule t\u00f6\u00f6tuppa!","og_url":"https:\/\/maarjamagdaleenagild.ee\/pood\/toode\/pronksspiraalpunutis-ehk-vaseline\/","og_site_name":"Maarja-Magdaleena Gild","article_publisher":"https:\/\/www.facebook.com\/MaarjaMagdaleenaGild","article_modified_time":"2026-01-07T11:41:25+00:00","og_image":[{"width":1920,"height":2560,"url":"https:\/\/maarjamagdaleenagild.ee\/pood\/wp-content\/uploads\/2020\/07\/4-1-scaled.jpg","type":"image\/jpeg"}],"twitter_card":"summary_large_image","twitter_misc":{"Est. reading time":"1 minut"},"schema":{"@context":"https:\/\/schema.org","@graph":[{"@type":"WebPage","@id":"https:\/\/maarjamagdaleenagild.ee\/pood\/toode\/pronksspiraalpunutis-ehk-vaseline\/","url":"https:\/\/maarjamagdaleenagild.ee\/pood\/toode\/pronksspiraalpunutis-ehk-vaseline\/","name":"Pronksspiraalpunutis ehk \u201evaseline\u201d - Maarja-Magdaleena Gild","isPartOf":{"@id":"https:\/\/maarjamagdaleenagild.ee\/pood\/#website"},"primaryImageOfPage":{"@id":"https:\/\/maarjamagdaleenagild.ee\/pood\/toode\/pronksspiraalpunutis-ehk-vaseline\/#primaryimage"},"image":{"@id":"https:\/\/maarjamagdaleenagild.ee\/pood\/toode\/pronksspiraalpunutis-ehk-vaseline\/#primaryimage"},"thumbnailUrl":"https:\/\/maarjamagdaleenagild.ee\/pood\/wp-content\/uploads\/2020\/07\/4-1-scaled.jpg","datePublished":"2020-07-23T11:03:04+00:00","dateModified":"2026-01-07T11:41:25+00:00","description":"Pronksspiraal ehk vaseline on tuhande aastane vanune tehnika, vaselistega kaunistati r\u00f5ivaid. Uuri l\u00e4hemalt ja tule t\u00f6\u00f6tuppa!","breadcrumb":{"@id":"https:\/\/maarjamagdaleenagild.ee\/pood\/toode\/pronksspiraalpunutis-ehk-vaseline\/#breadcrumb"},"inLanguage":"et","potentialAction":[{"@type":"ReadAction","target":["https:\/\/maarjamagdaleenagild.ee\/pood\/toode\/pronksspiraalpunutis-ehk-vaseline\/"]}]},{"@type":"ImageObject","inLanguage":"et","@id":"https:\/\/maarjamagdaleenagild.ee\/pood\/toode\/pronksspiraalpunutis-ehk-vaseline\/#primaryimage","url":"https:\/\/maarjamagdaleenagild.ee\/pood\/wp-content\/uploads\/2020\/07\/4-1-scaled.jpg","contentUrl":"https:\/\/maarjamagdaleenagild.ee\/pood\/wp-content\/uploads\/2020\/07\/4-1-scaled.jpg","width":1920,"height":2560,"caption":"ancient jewelry made for Today"},{"@type":"BreadcrumbList","@id":"https:\/\/maarjamagdaleenagild.ee\/pood\/toode\/pronksspiraalpunutis-ehk-vaseline\/#breadcrumb","itemListElement":[{"@type":"ListItem","position":1,"name":"Home","item":"https:\/\/maarjamagdaleenagild.ee\/pood\/"},{"@type":"ListItem","position":2,"name":"Pood","item":"https:\/\/maarjamagdaleenagild.ee\/pood\/pood\/"},{"@type":"ListItem","position":3,"name":"Pronksspiraalpunutis ehk \u201evaseline\u201d"}]},{"@type":"WebSite","@id":"https:\/\/maarjamagdaleenagild.ee\/pood\/#website","url":"https:\/\/maarjamagdaleenagild.ee\/pood\/","name":"Maarja-Magdaleena Gild","description":"E-pood","publisher":{"@id":"https:\/\/maarjamagdaleenagild.ee\/pood\/#organization"},"potentialAction":[{"@type":"SearchAction","target":{"@type":"EntryPoint","urlTemplate":"https:\/\/maarjamagdaleenagild.ee\/pood\/?s={search_term_string}"},"query-input":{"@type":"PropertyValueSpecification","valueRequired":true,"valueName":"search_term_string"}}],"inLanguage":"et"},{"@type":"Organization","@id":"https:\/\/maarjamagdaleenagild.ee\/pood\/#organization","name":"MT\u00dc Maarja-Magdaleena Gild","url":"https:\/\/maarjamagdaleenagild.ee\/pood\/","logo":{"@type":"ImageObject","inLanguage":"et","@id":"https:\/\/maarjamagdaleenagild.ee\/pood\/#\/schema\/logo\/image\/","url":"https:\/\/maarjamagdaleenagild.ee\/pood\/wp-content\/uploads\/2020\/10\/MMGild_VAIKE.jpg","contentUrl":"https:\/\/maarjamagdaleenagild.ee\/pood\/wp-content\/uploads\/2020\/10\/MMGild_VAIKE.jpg","width":121,"height":160,"caption":"MT\u00dc Maarja-Magdaleena Gild"},"image":{"@id":"https:\/\/maarjamagdaleenagild.ee\/pood\/#\/schema\/logo\/image\/"},"sameAs":["https:\/\/www.facebook.com\/MaarjaMagdaleenaGild","https:\/\/www.instagram.com\/maarjamagdaleenagild\/","https:\/\/youtube.com\/channel\/UC58lYlWK76vAqsDJ_gunuow"]}]}},"_links":{"self":[{"href":"https:\/\/maarjamagdaleenagild.ee\/pood\/wp-json\/wp\/v2\/product\/19425","targetHints":{"allow":["GET"]}}],"collection":[{"href":"https:\/\/maarjamagdaleenagild.ee\/pood\/wp-json\/wp\/v2\/product"}],"about":[{"href":"https:\/\/maarjamagdaleenagild.ee\/pood\/wp-json\/wp\/v2\/types\/product"}],"wp:featuredmedia":[{"embeddable":true,"href":"https:\/\/maarjamagdaleenagild.ee\/pood\/wp-json\/wp\/v2\/media\/21407"}],"wp:attachment":[{"href":"https:\/\/maarjamagdaleenagild.ee\/pood\/wp-json\/wp\/v2\/media?parent=19425"}],"wp:term":[{"taxonomy":"product_brand","embeddable":true,"href":"https:\/\/maarjamagdaleenagild.ee\/pood\/wp-json\/wp\/v2\/product_brand?post=19425"},{"taxonomy":"product_cat","embeddable":true,"href":"https:\/\/maarjamagdaleenagild.ee\/pood\/wp-json\/wp\/v2\/product_cat?post=19425"},{"taxonomy":"product_tag","embeddable":true,"href":"https:\/\/maarjamagdaleenagild.ee\/pood\/wp-json\/wp\/v2\/product_tag?post=19425"}],"curies":[{"name":"wp","href":"https:\/\/api.w.org\/{rel}","templated":true}]}}