{"id":19458,"date":"2020-07-28T16:35:38","date_gmt":"2020-07-28T13:35:38","guid":{"rendered":"https:\/\/maarjamagdaleenagild.ee\/pood\/?post_type=product&#038;p=19458"},"modified":"2025-12-05T21:34:34","modified_gmt":"2025-12-05T18:34:34","slug":"prossid-organza-viltlehest-ehted","status":"publish","type":"product","link":"https:\/\/maarjamagdaleenagild.ee\/pood\/toode\/prossid-organza-viltlehest-ehted\/","title":{"rendered":"Prossid (organza), viltlehest ehted"},"content":{"rendered":"<p>Juhendaja: <a href=\"https:\/\/maarjamagdaleenagild.ee\/et\/ene-7-asja-ene-riso\/\">Ene Riso<\/a><br \/>\n<a href=\"tel: +372 5533956\">+372 5533956<\/a><br \/>\n<a href=\"mailto:risoene5@gmail.com\">risoene5@gmail.com<\/a><\/p>\n","protected":false},"excerpt":{"rendered":"<h2>10\u20ac<\/h2>\n","protected":false},"featured_media":19891,"template":"","meta":{"_monsterinsights_skip_tracking":false,"_monsterinsights_sitenote_active":false,"_monsterinsights_sitenote_note":"","_monsterinsights_sitenote_category":0},"product_brand":[],"product_cat":[16,111],"product_tag":[311,310,220],"class_list":{"0":"post-19458","1":"product","2":"type-product","3":"status-publish","4":"has-post-thumbnail","6":"product_cat-tootoad","7":"product_cat-ene-7-asja","8":"product_tag-ene-7-asja","9":"product_tag-ene-riso","10":"product_tag-tootuba","11":"pa_grupi-suurus-1-10-inimest","12":"pa_hind-5-10-e-osaleja","13":"pa_keel-eesti-keel","14":"pa_keel-inglise-keel","15":"pa_keel-soome-keel","16":"pa_keel-vene-keel","17":"pa_kestvus-05-15-h","18":"pa_vanus-alates-10","20":"first","21":"instock","22":"shipping-taxable","23":"product-type-simple"},"yoast_head":"<!-- This site is optimized with the Yoast SEO plugin v27.0 - https:\/\/yoast.com\/product\/yoast-seo-wordpress\/ -->\n<title>Prossid (organza), viltlehest ehted - Maarja-Magdaleena Gild<\/title>\n<meta name=\"description\" content=\"Ene 7 Asja kojas saab valmistada viltlehest ehteid (k\u00f5rvar\u00f5ngad, prossid, kaelakeed ja k\u00e4ev\u00f5rud) ja organzast \u00f5hulisi prosse\" \/>\n<meta name=\"robots\" content=\"index, follow, max-snippet:-1, max-image-preview:large, max-video-preview:-1\" \/>\n<link rel=\"canonical\" href=\"https:\/\/maarjamagdaleenagild.ee\/pood\/toode\/prossid-organza-viltlehest-ehted\/\" \/>\n<meta property=\"og:locale\" content=\"et_EE\" \/>\n<meta property=\"og:type\" content=\"article\" \/>\n<meta property=\"og:title\" content=\"Prossid (organza), viltlehest ehted - Maarja-Magdaleena Gild\" \/>\n<meta property=\"og:description\" content=\"Ene 7 Asja kojas saab valmistada viltlehest ehteid (k\u00f5rvar\u00f5ngad, prossid, kaelakeed ja k\u00e4ev\u00f5rud) ja organzast \u00f5hulisi prosse\" \/>\n<meta property=\"og:url\" content=\"https:\/\/maarjamagdaleenagild.ee\/pood\/toode\/prossid-organza-viltlehest-ehted\/\" \/>\n<meta property=\"og:site_name\" content=\"Maarja-Magdaleena Gild\" \/>\n<meta property=\"article:publisher\" content=\"https:\/\/www.facebook.com\/MaarjaMagdaleenaGild\" \/>\n<meta property=\"article:modified_time\" content=\"2025-12-05T18:34:34+00:00\" \/>\n<meta property=\"og:image\" content=\"https:\/\/maarjamagdaleenagild.ee\/pood\/wp-content\/uploads\/2020\/07\/1209-gild-33.jpg\" \/>\n\t<meta property=\"og:image:width\" content=\"1620\" \/>\n\t<meta property=\"og:image:height\" content=\"1080\" \/>\n\t<meta property=\"og:image:type\" content=\"image\/jpeg\" \/>\n<meta name=\"twitter:card\" content=\"summary_large_image\" \/>\n<meta name=\"twitter:label1\" content=\"Est. reading time\" \/>\n\t<meta name=\"twitter:data1\" content=\"1 minut\" \/>\n<script type=\"application\/ld+json\" class=\"yoast-schema-graph\">{\"@context\":\"https:\/\/schema.org\",\"@graph\":[{\"@type\":\"WebPage\",\"@id\":\"https:\/\/maarjamagdaleenagild.ee\/pood\/toode\/prossid-organza-viltlehest-ehted\/\",\"url\":\"https:\/\/maarjamagdaleenagild.ee\/pood\/toode\/prossid-organza-viltlehest-ehted\/\",\"name\":\"Prossid (organza), viltlehest ehted - Maarja-Magdaleena Gild\",\"isPartOf\":{\"@id\":\"https:\/\/maarjamagdaleenagild.ee\/pood\/#website\"},\"primaryImageOfPage\":{\"@id\":\"https:\/\/maarjamagdaleenagild.ee\/pood\/toode\/prossid-organza-viltlehest-ehted\/#primaryimage\"},\"image\":{\"@id\":\"https:\/\/maarjamagdaleenagild.ee\/pood\/toode\/prossid-organza-viltlehest-ehted\/#primaryimage\"},\"thumbnailUrl\":\"https:\/\/maarjamagdaleenagild.ee\/pood\/wp-content\/uploads\/2020\/07\/1209-gild-33.jpg\",\"datePublished\":\"2020-07-28T13:35:38+00:00\",\"dateModified\":\"2025-12-05T18:34:34+00:00\",\"description\":\"Ene 7 Asja kojas saab valmistada viltlehest ehteid (k\u00f5rvar\u00f5ngad, prossid, kaelakeed ja k\u00e4ev\u00f5rud) ja organzast \u00f5hulisi prosse\",\"breadcrumb\":{\"@id\":\"https:\/\/maarjamagdaleenagild.ee\/pood\/toode\/prossid-organza-viltlehest-ehted\/#breadcrumb\"},\"inLanguage\":\"et\",\"potentialAction\":[{\"@type\":\"ReadAction\",\"target\":[\"https:\/\/maarjamagdaleenagild.ee\/pood\/toode\/prossid-organza-viltlehest-ehted\/\"]}]},{\"@type\":\"ImageObject\",\"inLanguage\":\"et\",\"@id\":\"https:\/\/maarjamagdaleenagild.ee\/pood\/toode\/prossid-organza-viltlehest-ehted\/#primaryimage\",\"url\":\"https:\/\/maarjamagdaleenagild.ee\/pood\/wp-content\/uploads\/2020\/07\/1209-gild-33.jpg\",\"contentUrl\":\"https:\/\/maarjamagdaleenagild.ee\/pood\/wp-content\/uploads\/2020\/07\/1209-gild-33.jpg\",\"width\":1620,\"height\":1080},{\"@type\":\"BreadcrumbList\",\"@id\":\"https:\/\/maarjamagdaleenagild.ee\/pood\/toode\/prossid-organza-viltlehest-ehted\/#breadcrumb\",\"itemListElement\":[{\"@type\":\"ListItem\",\"position\":1,\"name\":\"Home\",\"item\":\"https:\/\/maarjamagdaleenagild.ee\/pood\/\"},{\"@type\":\"ListItem\",\"position\":2,\"name\":\"Pood\",\"item\":\"https:\/\/maarjamagdaleenagild.ee\/pood\/pood\/\"},{\"@type\":\"ListItem\",\"position\":3,\"name\":\"Prossid (organza), viltlehest ehted\"}]},{\"@type\":\"WebSite\",\"@id\":\"https:\/\/maarjamagdaleenagild.ee\/pood\/#website\",\"url\":\"https:\/\/maarjamagdaleenagild.ee\/pood\/\",\"name\":\"Maarja-Magdaleena Gild\",\"description\":\"E-pood\",\"publisher\":{\"@id\":\"https:\/\/maarjamagdaleenagild.ee\/pood\/#organization\"},\"potentialAction\":[{\"@type\":\"SearchAction\",\"target\":{\"@type\":\"EntryPoint\",\"urlTemplate\":\"https:\/\/maarjamagdaleenagild.ee\/pood\/?s={search_term_string}\"},\"query-input\":{\"@type\":\"PropertyValueSpecification\",\"valueRequired\":true,\"valueName\":\"search_term_string\"}}],\"inLanguage\":\"et\"},{\"@type\":\"Organization\",\"@id\":\"https:\/\/maarjamagdaleenagild.ee\/pood\/#organization\",\"name\":\"MT\u00dc Maarja-Magdaleena Gild\",\"url\":\"https:\/\/maarjamagdaleenagild.ee\/pood\/\",\"logo\":{\"@type\":\"ImageObject\",\"inLanguage\":\"et\",\"@id\":\"https:\/\/maarjamagdaleenagild.ee\/pood\/#\/schema\/logo\/image\/\",\"url\":\"https:\/\/maarjamagdaleenagild.ee\/pood\/wp-content\/uploads\/2020\/10\/MMGild_VAIKE.jpg\",\"contentUrl\":\"https:\/\/maarjamagdaleenagild.ee\/pood\/wp-content\/uploads\/2020\/10\/MMGild_VAIKE.jpg\",\"width\":121,\"height\":160,\"caption\":\"MT\u00dc Maarja-Magdaleena Gild\"},\"image\":{\"@id\":\"https:\/\/maarjamagdaleenagild.ee\/pood\/#\/schema\/logo\/image\/\"},\"sameAs\":[\"https:\/\/www.facebook.com\/MaarjaMagdaleenaGild\",\"https:\/\/www.instagram.com\/maarjamagdaleenagild\/\",\"https:\/\/youtube.com\/channel\/UC58lYlWK76vAqsDJ_gunuow\"]}]}<\/script>\n<!-- \/ Yoast SEO plugin. -->","yoast_head_json":{"title":"Prossid (organza), viltlehest ehted - Maarja-Magdaleena Gild","description":"Ene 7 Asja kojas saab valmistada viltlehest ehteid (k\u00f5rvar\u00f5ngad, prossid, kaelakeed ja k\u00e4ev\u00f5rud) ja organzast \u00f5hulisi prosse","robots":{"index":"index","follow":"follow","max-snippet":"max-snippet:-1","max-image-preview":"max-image-preview:large","max-video-preview":"max-video-preview:-1"},"canonical":"https:\/\/maarjamagdaleenagild.ee\/pood\/toode\/prossid-organza-viltlehest-ehted\/","og_locale":"et_EE","og_type":"article","og_title":"Prossid (organza), viltlehest ehted - Maarja-Magdaleena Gild","og_description":"Ene 7 Asja kojas saab valmistada viltlehest ehteid (k\u00f5rvar\u00f5ngad, prossid, kaelakeed ja k\u00e4ev\u00f5rud) ja organzast \u00f5hulisi prosse","og_url":"https:\/\/maarjamagdaleenagild.ee\/pood\/toode\/prossid-organza-viltlehest-ehted\/","og_site_name":"Maarja-Magdaleena Gild","article_publisher":"https:\/\/www.facebook.com\/MaarjaMagdaleenaGild","article_modified_time":"2025-12-05T18:34:34+00:00","og_image":[{"width":1620,"height":1080,"url":"https:\/\/maarjamagdaleenagild.ee\/pood\/wp-content\/uploads\/2020\/07\/1209-gild-33.jpg","type":"image\/jpeg"}],"twitter_card":"summary_large_image","twitter_misc":{"Est. reading time":"1 minut"},"schema":{"@context":"https:\/\/schema.org","@graph":[{"@type":"WebPage","@id":"https:\/\/maarjamagdaleenagild.ee\/pood\/toode\/prossid-organza-viltlehest-ehted\/","url":"https:\/\/maarjamagdaleenagild.ee\/pood\/toode\/prossid-organza-viltlehest-ehted\/","name":"Prossid (organza), viltlehest ehted - Maarja-Magdaleena Gild","isPartOf":{"@id":"https:\/\/maarjamagdaleenagild.ee\/pood\/#website"},"primaryImageOfPage":{"@id":"https:\/\/maarjamagdaleenagild.ee\/pood\/toode\/prossid-organza-viltlehest-ehted\/#primaryimage"},"image":{"@id":"https:\/\/maarjamagdaleenagild.ee\/pood\/toode\/prossid-organza-viltlehest-ehted\/#primaryimage"},"thumbnailUrl":"https:\/\/maarjamagdaleenagild.ee\/pood\/wp-content\/uploads\/2020\/07\/1209-gild-33.jpg","datePublished":"2020-07-28T13:35:38+00:00","dateModified":"2025-12-05T18:34:34+00:00","description":"Ene 7 Asja kojas saab valmistada viltlehest ehteid (k\u00f5rvar\u00f5ngad, prossid, kaelakeed ja k\u00e4ev\u00f5rud) ja organzast \u00f5hulisi prosse","breadcrumb":{"@id":"https:\/\/maarjamagdaleenagild.ee\/pood\/toode\/prossid-organza-viltlehest-ehted\/#breadcrumb"},"inLanguage":"et","potentialAction":[{"@type":"ReadAction","target":["https:\/\/maarjamagdaleenagild.ee\/pood\/toode\/prossid-organza-viltlehest-ehted\/"]}]},{"@type":"ImageObject","inLanguage":"et","@id":"https:\/\/maarjamagdaleenagild.ee\/pood\/toode\/prossid-organza-viltlehest-ehted\/#primaryimage","url":"https:\/\/maarjamagdaleenagild.ee\/pood\/wp-content\/uploads\/2020\/07\/1209-gild-33.jpg","contentUrl":"https:\/\/maarjamagdaleenagild.ee\/pood\/wp-content\/uploads\/2020\/07\/1209-gild-33.jpg","width":1620,"height":1080},{"@type":"BreadcrumbList","@id":"https:\/\/maarjamagdaleenagild.ee\/pood\/toode\/prossid-organza-viltlehest-ehted\/#breadcrumb","itemListElement":[{"@type":"ListItem","position":1,"name":"Home","item":"https:\/\/maarjamagdaleenagild.ee\/pood\/"},{"@type":"ListItem","position":2,"name":"Pood","item":"https:\/\/maarjamagdaleenagild.ee\/pood\/pood\/"},{"@type":"ListItem","position":3,"name":"Prossid (organza), viltlehest ehted"}]},{"@type":"WebSite","@id":"https:\/\/maarjamagdaleenagild.ee\/pood\/#website","url":"https:\/\/maarjamagdaleenagild.ee\/pood\/","name":"Maarja-Magdaleena Gild","description":"E-pood","publisher":{"@id":"https:\/\/maarjamagdaleenagild.ee\/pood\/#organization"},"potentialAction":[{"@type":"SearchAction","target":{"@type":"EntryPoint","urlTemplate":"https:\/\/maarjamagdaleenagild.ee\/pood\/?s={search_term_string}"},"query-input":{"@type":"PropertyValueSpecification","valueRequired":true,"valueName":"search_term_string"}}],"inLanguage":"et"},{"@type":"Organization","@id":"https:\/\/maarjamagdaleenagild.ee\/pood\/#organization","name":"MT\u00dc Maarja-Magdaleena Gild","url":"https:\/\/maarjamagdaleenagild.ee\/pood\/","logo":{"@type":"ImageObject","inLanguage":"et","@id":"https:\/\/maarjamagdaleenagild.ee\/pood\/#\/schema\/logo\/image\/","url":"https:\/\/maarjamagdaleenagild.ee\/pood\/wp-content\/uploads\/2020\/10\/MMGild_VAIKE.jpg","contentUrl":"https:\/\/maarjamagdaleenagild.ee\/pood\/wp-content\/uploads\/2020\/10\/MMGild_VAIKE.jpg","width":121,"height":160,"caption":"MT\u00dc Maarja-Magdaleena Gild"},"image":{"@id":"https:\/\/maarjamagdaleenagild.ee\/pood\/#\/schema\/logo\/image\/"},"sameAs":["https:\/\/www.facebook.com\/MaarjaMagdaleenaGild","https:\/\/www.instagram.com\/maarjamagdaleenagild\/","https:\/\/youtube.com\/channel\/UC58lYlWK76vAqsDJ_gunuow"]}]}},"_links":{"self":[{"href":"https:\/\/maarjamagdaleenagild.ee\/pood\/wp-json\/wp\/v2\/product\/19458","targetHints":{"allow":["GET"]}}],"collection":[{"href":"https:\/\/maarjamagdaleenagild.ee\/pood\/wp-json\/wp\/v2\/product"}],"about":[{"href":"https:\/\/maarjamagdaleenagild.ee\/pood\/wp-json\/wp\/v2\/types\/product"}],"wp:featuredmedia":[{"embeddable":true,"href":"https:\/\/maarjamagdaleenagild.ee\/pood\/wp-json\/wp\/v2\/media\/19891"}],"wp:attachment":[{"href":"https:\/\/maarjamagdaleenagild.ee\/pood\/wp-json\/wp\/v2\/media?parent=19458"}],"wp:term":[{"taxonomy":"product_brand","embeddable":true,"href":"https:\/\/maarjamagdaleenagild.ee\/pood\/wp-json\/wp\/v2\/product_brand?post=19458"},{"taxonomy":"product_cat","embeddable":true,"href":"https:\/\/maarjamagdaleenagild.ee\/pood\/wp-json\/wp\/v2\/product_cat?post=19458"},{"taxonomy":"product_tag","embeddable":true,"href":"https:\/\/maarjamagdaleenagild.ee\/pood\/wp-json\/wp\/v2\/product_tag?post=19458"}],"curies":[{"name":"wp","href":"https:\/\/api.w.org\/{rel}","templated":true}]}}