{"id":19492,"date":"2020-07-29T16:27:02","date_gmt":"2020-07-29T13:27:02","guid":{"rendered":"https:\/\/maarjamagdaleenagild.ee\/pood\/?post_type=product&#038;p=19492"},"modified":"2024-11-11T11:23:37","modified_gmt":"2024-11-11T08:23:37","slug":"meelelahutuslik-maalimine","status":"publish","type":"product","link":"https:\/\/maarjamagdaleenagild.ee\/pood\/toode\/meelelahutuslik-maalimine\/","title":{"rendered":"Meelelahutuslik maalimine"},"content":{"rendered":"<p>Maalimis\u00fcritus gruppidele koos suupistete ja jookidega. Juhendaja k\u00e4e all maalitakse samm-sammult kuulsate kunstnike teoseid ning v\u00fcrtsitatakse \u00fcritust p\u00f5nevate faktidega kunstnikust ning teosest.<\/p>\n<p>Maalimis\u00fcritust v\u00f5ib l\u00e4bi viia nii Gildis kui ka v\u00e4ljaspool Gildi.<\/p>\n<p>Juhendaja: <a href=\"https:\/\/maarjamagdaleenagild.ee\/et\/kunstielamuse-stuudio\/\">Teele Karro<\/a><br \/>\n<a href=\"tel:+37258116375\">+37258116375<\/a><br \/>\n<a href=\"mailto:info@kunstielamus.ee\">info@kunstielamus.ee<\/a><\/p>\n","protected":false},"excerpt":{"rendered":"<p>Grupi suurus: Alates 10 inimest<\/p>\n<p>Hind oleneb osalejate arvust ja toimumiskohast!<\/p>\n","protected":false},"featured_media":19673,"template":"","meta":{"_monsterinsights_skip_tracking":false,"_monsterinsights_sitenote_active":false,"_monsterinsights_sitenote_note":"","_monsterinsights_sitenote_category":0},"product_brand":[],"product_cat":[16,117],"product_tag":[300,220],"class_list":{"0":"post-19492","1":"product","2":"type-product","3":"status-publish","4":"has-post-thumbnail","6":"product_cat-tootoad","7":"product_cat-kunstielamuse-stuudio","8":"product_tag-kunstielamuse-stuudio","9":"product_tag-tootuba","10":"pa_grupi-suurus-alates-10-inimest","11":"pa_hind-soltub-osalejate-arvust-ja-toimumiskohast","12":"pa_keel-eesti-keel","13":"pa_keel-inglise-keel","14":"pa_kestvus-2-3-h","15":"pa_vanus-taiskasvanud","17":"first","18":"instock","19":"shipping-taxable","20":"product-type-simple"},"yoast_head":"<!-- This site is optimized with the Yoast SEO plugin v27.0 - https:\/\/yoast.com\/product\/yoast-seo-wordpress\/ -->\n<title>Meelelahutuslik maalimine - Maarja-Magdaleena Gild<\/title>\n<meta name=\"robots\" content=\"index, follow, max-snippet:-1, max-image-preview:large, max-video-preview:-1\" \/>\n<link rel=\"canonical\" href=\"https:\/\/maarjamagdaleenagild.ee\/pood\/toode\/meelelahutuslik-maalimine\/\" \/>\n<meta property=\"og:locale\" content=\"et_EE\" \/>\n<meta property=\"og:type\" content=\"article\" \/>\n<meta property=\"og:title\" content=\"Meelelahutuslik maalimine - Maarja-Magdaleena Gild\" \/>\n<meta property=\"og:description\" content=\"Grupi suurus: Alates 10 inimest  Hind oleneb osalejate arvust ja toimumiskohast!\" \/>\n<meta property=\"og:url\" content=\"https:\/\/maarjamagdaleenagild.ee\/pood\/toode\/meelelahutuslik-maalimine\/\" \/>\n<meta property=\"og:site_name\" content=\"Maarja-Magdaleena Gild\" \/>\n<meta property=\"article:publisher\" content=\"https:\/\/www.facebook.com\/MaarjaMagdaleenaGild\" \/>\n<meta property=\"article:modified_time\" content=\"2024-11-11T08:23:37+00:00\" \/>\n<meta property=\"og:image\" content=\"https:\/\/maarjamagdaleenagild.ee\/pood\/wp-content\/uploads\/2020\/07\/Kunstielamus_2.jpg\" \/>\n\t<meta property=\"og:image:width\" content=\"812\" \/>\n\t<meta property=\"og:image:height\" content=\"541\" \/>\n\t<meta property=\"og:image:type\" content=\"image\/jpeg\" \/>\n<meta name=\"twitter:card\" content=\"summary_large_image\" \/>\n<meta name=\"twitter:label1\" content=\"Est. reading time\" \/>\n\t<meta name=\"twitter:data1\" content=\"1 minut\" \/>\n<script type=\"application\/ld+json\" class=\"yoast-schema-graph\">{\"@context\":\"https:\/\/schema.org\",\"@graph\":[{\"@type\":\"WebPage\",\"@id\":\"https:\/\/maarjamagdaleenagild.ee\/pood\/toode\/meelelahutuslik-maalimine\/\",\"url\":\"https:\/\/maarjamagdaleenagild.ee\/pood\/toode\/meelelahutuslik-maalimine\/\",\"name\":\"Meelelahutuslik maalimine - Maarja-Magdaleena Gild\",\"isPartOf\":{\"@id\":\"https:\/\/maarjamagdaleenagild.ee\/pood\/#website\"},\"primaryImageOfPage\":{\"@id\":\"https:\/\/maarjamagdaleenagild.ee\/pood\/toode\/meelelahutuslik-maalimine\/#primaryimage\"},\"image\":{\"@id\":\"https:\/\/maarjamagdaleenagild.ee\/pood\/toode\/meelelahutuslik-maalimine\/#primaryimage\"},\"thumbnailUrl\":\"https:\/\/maarjamagdaleenagild.ee\/pood\/wp-content\/uploads\/2020\/07\/Kunstielamus_2.jpg\",\"datePublished\":\"2020-07-29T13:27:02+00:00\",\"dateModified\":\"2024-11-11T08:23:37+00:00\",\"breadcrumb\":{\"@id\":\"https:\/\/maarjamagdaleenagild.ee\/pood\/toode\/meelelahutuslik-maalimine\/#breadcrumb\"},\"inLanguage\":\"et\",\"potentialAction\":[{\"@type\":\"ReadAction\",\"target\":[\"https:\/\/maarjamagdaleenagild.ee\/pood\/toode\/meelelahutuslik-maalimine\/\"]}]},{\"@type\":\"ImageObject\",\"inLanguage\":\"et\",\"@id\":\"https:\/\/maarjamagdaleenagild.ee\/pood\/toode\/meelelahutuslik-maalimine\/#primaryimage\",\"url\":\"https:\/\/maarjamagdaleenagild.ee\/pood\/wp-content\/uploads\/2020\/07\/Kunstielamus_2.jpg\",\"contentUrl\":\"https:\/\/maarjamagdaleenagild.ee\/pood\/wp-content\/uploads\/2020\/07\/Kunstielamus_2.jpg\",\"width\":812,\"height\":541},{\"@type\":\"BreadcrumbList\",\"@id\":\"https:\/\/maarjamagdaleenagild.ee\/pood\/toode\/meelelahutuslik-maalimine\/#breadcrumb\",\"itemListElement\":[{\"@type\":\"ListItem\",\"position\":1,\"name\":\"Home\",\"item\":\"https:\/\/maarjamagdaleenagild.ee\/pood\/\"},{\"@type\":\"ListItem\",\"position\":2,\"name\":\"Pood\",\"item\":\"https:\/\/maarjamagdaleenagild.ee\/pood\/pood\/\"},{\"@type\":\"ListItem\",\"position\":3,\"name\":\"Meelelahutuslik maalimine\"}]},{\"@type\":\"WebSite\",\"@id\":\"https:\/\/maarjamagdaleenagild.ee\/pood\/#website\",\"url\":\"https:\/\/maarjamagdaleenagild.ee\/pood\/\",\"name\":\"Maarja-Magdaleena Gild\",\"description\":\"E-pood\",\"publisher\":{\"@id\":\"https:\/\/maarjamagdaleenagild.ee\/pood\/#organization\"},\"potentialAction\":[{\"@type\":\"SearchAction\",\"target\":{\"@type\":\"EntryPoint\",\"urlTemplate\":\"https:\/\/maarjamagdaleenagild.ee\/pood\/?s={search_term_string}\"},\"query-input\":{\"@type\":\"PropertyValueSpecification\",\"valueRequired\":true,\"valueName\":\"search_term_string\"}}],\"inLanguage\":\"et\"},{\"@type\":\"Organization\",\"@id\":\"https:\/\/maarjamagdaleenagild.ee\/pood\/#organization\",\"name\":\"MT\u00dc Maarja-Magdaleena Gild\",\"url\":\"https:\/\/maarjamagdaleenagild.ee\/pood\/\",\"logo\":{\"@type\":\"ImageObject\",\"inLanguage\":\"et\",\"@id\":\"https:\/\/maarjamagdaleenagild.ee\/pood\/#\/schema\/logo\/image\/\",\"url\":\"https:\/\/maarjamagdaleenagild.ee\/pood\/wp-content\/uploads\/2020\/10\/MMGild_VAIKE.jpg\",\"contentUrl\":\"https:\/\/maarjamagdaleenagild.ee\/pood\/wp-content\/uploads\/2020\/10\/MMGild_VAIKE.jpg\",\"width\":121,\"height\":160,\"caption\":\"MT\u00dc Maarja-Magdaleena Gild\"},\"image\":{\"@id\":\"https:\/\/maarjamagdaleenagild.ee\/pood\/#\/schema\/logo\/image\/\"},\"sameAs\":[\"https:\/\/www.facebook.com\/MaarjaMagdaleenaGild\",\"https:\/\/www.instagram.com\/maarjamagdaleenagild\/\",\"https:\/\/youtube.com\/channel\/UC58lYlWK76vAqsDJ_gunuow\"]}]}<\/script>\n<!-- \/ Yoast SEO plugin. -->","yoast_head_json":{"title":"Meelelahutuslik maalimine - Maarja-Magdaleena Gild","robots":{"index":"index","follow":"follow","max-snippet":"max-snippet:-1","max-image-preview":"max-image-preview:large","max-video-preview":"max-video-preview:-1"},"canonical":"https:\/\/maarjamagdaleenagild.ee\/pood\/toode\/meelelahutuslik-maalimine\/","og_locale":"et_EE","og_type":"article","og_title":"Meelelahutuslik maalimine - Maarja-Magdaleena Gild","og_description":"Grupi suurus: Alates 10 inimest  Hind oleneb osalejate arvust ja toimumiskohast!","og_url":"https:\/\/maarjamagdaleenagild.ee\/pood\/toode\/meelelahutuslik-maalimine\/","og_site_name":"Maarja-Magdaleena Gild","article_publisher":"https:\/\/www.facebook.com\/MaarjaMagdaleenaGild","article_modified_time":"2024-11-11T08:23:37+00:00","og_image":[{"width":812,"height":541,"url":"https:\/\/maarjamagdaleenagild.ee\/pood\/wp-content\/uploads\/2020\/07\/Kunstielamus_2.jpg","type":"image\/jpeg"}],"twitter_card":"summary_large_image","twitter_misc":{"Est. reading time":"1 minut"},"schema":{"@context":"https:\/\/schema.org","@graph":[{"@type":"WebPage","@id":"https:\/\/maarjamagdaleenagild.ee\/pood\/toode\/meelelahutuslik-maalimine\/","url":"https:\/\/maarjamagdaleenagild.ee\/pood\/toode\/meelelahutuslik-maalimine\/","name":"Meelelahutuslik maalimine - Maarja-Magdaleena Gild","isPartOf":{"@id":"https:\/\/maarjamagdaleenagild.ee\/pood\/#website"},"primaryImageOfPage":{"@id":"https:\/\/maarjamagdaleenagild.ee\/pood\/toode\/meelelahutuslik-maalimine\/#primaryimage"},"image":{"@id":"https:\/\/maarjamagdaleenagild.ee\/pood\/toode\/meelelahutuslik-maalimine\/#primaryimage"},"thumbnailUrl":"https:\/\/maarjamagdaleenagild.ee\/pood\/wp-content\/uploads\/2020\/07\/Kunstielamus_2.jpg","datePublished":"2020-07-29T13:27:02+00:00","dateModified":"2024-11-11T08:23:37+00:00","breadcrumb":{"@id":"https:\/\/maarjamagdaleenagild.ee\/pood\/toode\/meelelahutuslik-maalimine\/#breadcrumb"},"inLanguage":"et","potentialAction":[{"@type":"ReadAction","target":["https:\/\/maarjamagdaleenagild.ee\/pood\/toode\/meelelahutuslik-maalimine\/"]}]},{"@type":"ImageObject","inLanguage":"et","@id":"https:\/\/maarjamagdaleenagild.ee\/pood\/toode\/meelelahutuslik-maalimine\/#primaryimage","url":"https:\/\/maarjamagdaleenagild.ee\/pood\/wp-content\/uploads\/2020\/07\/Kunstielamus_2.jpg","contentUrl":"https:\/\/maarjamagdaleenagild.ee\/pood\/wp-content\/uploads\/2020\/07\/Kunstielamus_2.jpg","width":812,"height":541},{"@type":"BreadcrumbList","@id":"https:\/\/maarjamagdaleenagild.ee\/pood\/toode\/meelelahutuslik-maalimine\/#breadcrumb","itemListElement":[{"@type":"ListItem","position":1,"name":"Home","item":"https:\/\/maarjamagdaleenagild.ee\/pood\/"},{"@type":"ListItem","position":2,"name":"Pood","item":"https:\/\/maarjamagdaleenagild.ee\/pood\/pood\/"},{"@type":"ListItem","position":3,"name":"Meelelahutuslik maalimine"}]},{"@type":"WebSite","@id":"https:\/\/maarjamagdaleenagild.ee\/pood\/#website","url":"https:\/\/maarjamagdaleenagild.ee\/pood\/","name":"Maarja-Magdaleena Gild","description":"E-pood","publisher":{"@id":"https:\/\/maarjamagdaleenagild.ee\/pood\/#organization"},"potentialAction":[{"@type":"SearchAction","target":{"@type":"EntryPoint","urlTemplate":"https:\/\/maarjamagdaleenagild.ee\/pood\/?s={search_term_string}"},"query-input":{"@type":"PropertyValueSpecification","valueRequired":true,"valueName":"search_term_string"}}],"inLanguage":"et"},{"@type":"Organization","@id":"https:\/\/maarjamagdaleenagild.ee\/pood\/#organization","name":"MT\u00dc Maarja-Magdaleena Gild","url":"https:\/\/maarjamagdaleenagild.ee\/pood\/","logo":{"@type":"ImageObject","inLanguage":"et","@id":"https:\/\/maarjamagdaleenagild.ee\/pood\/#\/schema\/logo\/image\/","url":"https:\/\/maarjamagdaleenagild.ee\/pood\/wp-content\/uploads\/2020\/10\/MMGild_VAIKE.jpg","contentUrl":"https:\/\/maarjamagdaleenagild.ee\/pood\/wp-content\/uploads\/2020\/10\/MMGild_VAIKE.jpg","width":121,"height":160,"caption":"MT\u00dc Maarja-Magdaleena Gild"},"image":{"@id":"https:\/\/maarjamagdaleenagild.ee\/pood\/#\/schema\/logo\/image\/"},"sameAs":["https:\/\/www.facebook.com\/MaarjaMagdaleenaGild","https:\/\/www.instagram.com\/maarjamagdaleenagild\/","https:\/\/youtube.com\/channel\/UC58lYlWK76vAqsDJ_gunuow"]}]}},"_links":{"self":[{"href":"https:\/\/maarjamagdaleenagild.ee\/pood\/wp-json\/wp\/v2\/product\/19492","targetHints":{"allow":["GET"]}}],"collection":[{"href":"https:\/\/maarjamagdaleenagild.ee\/pood\/wp-json\/wp\/v2\/product"}],"about":[{"href":"https:\/\/maarjamagdaleenagild.ee\/pood\/wp-json\/wp\/v2\/types\/product"}],"wp:featuredmedia":[{"embeddable":true,"href":"https:\/\/maarjamagdaleenagild.ee\/pood\/wp-json\/wp\/v2\/media\/19673"}],"wp:attachment":[{"href":"https:\/\/maarjamagdaleenagild.ee\/pood\/wp-json\/wp\/v2\/media?parent=19492"}],"wp:term":[{"taxonomy":"product_brand","embeddable":true,"href":"https:\/\/maarjamagdaleenagild.ee\/pood\/wp-json\/wp\/v2\/product_brand?post=19492"},{"taxonomy":"product_cat","embeddable":true,"href":"https:\/\/maarjamagdaleenagild.ee\/pood\/wp-json\/wp\/v2\/product_cat?post=19492"},{"taxonomy":"product_tag","embeddable":true,"href":"https:\/\/maarjamagdaleenagild.ee\/pood\/wp-json\/wp\/v2\/product_tag?post=19492"}],"curies":[{"name":"wp","href":"https:\/\/api.w.org\/{rel}","templated":true}]}}