{"id":20000,"date":"2020-11-27T12:45:51","date_gmt":"2020-11-27T09:45:51","guid":{"rendered":"https:\/\/maarjamagdaleenagild.ee\/pood\/?post_type=product&#038;p=20000"},"modified":"2025-10-17T12:32:16","modified_gmt":"2025-10-17T09:32:16","slug":"korvarongad-silmus4nurk","status":"publish","type":"product","link":"https:\/\/maarjamagdaleenagild.ee\/pood\/toode\/korvarongad-silmus4nurk\/","title":{"rendered":"K\u00f5rvar\u00f5ngad &#8220;Silmus4nurk&#8221;"},"content":{"rendered":"<p>Autor:<br \/>\n<a href=\"https:\/\/maarjamagdaleenagild.ee\/et\/jane-vaselised\/\">Jane Erikson<\/a><br \/>\n<a href=\"mailto:jane.erikson@outlook.com\">jane.erikson@outlook.com<\/a><\/p>\n<p><span style=\"font-weight: 400;\">Pronksspiraalkaunistus (vaseline)<\/span><\/p>\n<p><span style=\"font-weight: 400;\">L\u00e4\u00e4nemeresoome rahvaste \u00fchine tava oli kasutada r\u00f5ivaste kaunistamiseks pronksist spiraaltorukesi.<\/span><\/p>\n<p><span style=\"font-weight: 400;\">Esimese aastatuhande algussajanditel tarvitati pronksspiraale peamiselt kaelakeedes. Sama aastatuhande teisest poolest levis komme kinnitada r\u00f5ivastele v\u00e4ikestest pronksspiraalidest ja -r\u00f5ngakestest mustreid v\u00f5i p\u00f5imida neid kudumisel kangasse.<\/span><\/p>\n<p><span style=\"font-weight: 400;\">Leidude p\u00f5hjal paiknesid pronkskaunistused peal kantavate (n\u00e4htaval kohal olevate) r\u00f5ivaosade servades. Spiraalide ja r\u00f5ngastega \u00e4\u00e4ristati allservi, kaeluseavasid, k\u00e4iseotsi. Tegemist v\u00f5ib olla usuga pronksi kaitsvasse j\u00f5udu. Samas osutas pronksdekoori rohkus ka kandja staatusele ja j\u00f5ukusele.<\/span><\/p>\n<p><span style=\"font-weight: 400;\">Uhked pronksdetailid kuulusid ennek\u00f5ike piduliku riietuse juurde ja nendega ehtisid end peamiselt naised. K\u00f5ige rohkem oli pronksspiraalkaunistusi p\u00f5lle- ja s\u00f5baservades ning peakatetel. Samuti l\u00fckiti spiraale kaelakeedesse, v\u00f6\u00f6ehetesse ja \u2013otstesse. Meeste puhul kasutati spiraale enim v\u00f6\u00f6ehetes ja paelaotstes, laste puhul v\u00f6\u00f6ehetes ja kaelakeedes.<\/span><\/p>\n<p><span style=\"font-weight: 400;\">allikas:<\/span><\/p>\n<p><span style=\"font-weight: 400;\">Kristiina Rajando, Mari Viik \u201cLihtne p\u00e4rimus\u201d 2007 lk 26-28<\/span><\/p>\n","protected":false},"excerpt":{"rendered":"<p><span style=\"font-weight: 400;\">vasktraat (h\u00f5betatud v\u00f5i lakitud), alpaka l\u00f5ng<\/span><\/p>\n<p><span style=\"font-weight: 400;\">l\u00e4bim\u00f5\u00f5t ca 2cm<\/span><\/p>\n","protected":false},"featured_media":20014,"template":"","meta":{"_monsterinsights_skip_tracking":false,"_monsterinsights_sitenote_active":false,"_monsterinsights_sitenote_note":"","_monsterinsights_sitenote_category":0},"product_brand":[],"product_cat":[38,39,92],"product_tag":[40,793,42],"class_list":{"0":"post-20000","1":"product","2":"type-product","3":"status-publish","4":"has-post-thumbnail","6":"product_cat-ehted","7":"product_cat-korvarongad","8":"product_cat-jane-erikson","9":"product_tag-ehted","10":"product_tag-jane-erikson","11":"product_tag-korvarongad","12":"product_shipping_class-itella-eesti-xs","13":"pa_varv-must","14":"pa_varv-punane","15":"pa_varv-sinine","17":"first","18":"instock","19":"shipping-taxable","20":"purchasable","21":"product-type-variable"},"yoast_head":"<!-- This site is optimized with the Yoast SEO plugin v27.0 - https:\/\/yoast.com\/product\/yoast-seo-wordpress\/ -->\n<title>K\u00f5rvar\u00f5ngad &quot;Silmus4nurk&quot; - Maarja-Magdaleena Gild<\/title>\n<meta name=\"robots\" content=\"index, follow, max-snippet:-1, max-image-preview:large, max-video-preview:-1\" \/>\n<link rel=\"canonical\" href=\"https:\/\/maarjamagdaleenagild.ee\/pood\/toode\/korvarongad-silmus4nurk\/\" \/>\n<meta property=\"og:locale\" content=\"et_EE\" \/>\n<meta property=\"og:type\" content=\"article\" \/>\n<meta property=\"og:title\" content=\"K\u00f5rvar\u00f5ngad &quot;Silmus4nurk&quot; - Maarja-Magdaleena Gild\" \/>\n<meta property=\"og:description\" content=\"vasktraat (h\u00f5betatud v\u00f5i lakitud), alpaka l\u00f5ng  l\u00e4bim\u00f5\u00f5t ca 2cm\" \/>\n<meta property=\"og:url\" content=\"https:\/\/maarjamagdaleenagild.ee\/pood\/toode\/korvarongad-silmus4nurk\/\" \/>\n<meta property=\"og:site_name\" content=\"Maarja-Magdaleena Gild\" \/>\n<meta property=\"article:publisher\" content=\"https:\/\/www.facebook.com\/MaarjaMagdaleenaGild\" \/>\n<meta property=\"article:modified_time\" content=\"2025-10-17T09:32:16+00:00\" \/>\n<meta property=\"og:image\" content=\"https:\/\/maarjamagdaleenagild.ee\/pood\/wp-content\/uploads\/2020\/11\/7-scaled.jpg\" \/>\n\t<meta property=\"og:image:width\" content=\"2560\" \/>\n\t<meta property=\"og:image:height\" content=\"2560\" \/>\n\t<meta property=\"og:image:type\" content=\"image\/jpeg\" \/>\n<meta name=\"twitter:card\" content=\"summary_large_image\" \/>\n<meta name=\"twitter:label1\" content=\"Est. reading time\" \/>\n\t<meta name=\"twitter:data1\" content=\"1 minut\" \/>\n<script type=\"application\/ld+json\" class=\"yoast-schema-graph\">{\"@context\":\"https:\/\/schema.org\",\"@graph\":[{\"@type\":\"WebPage\",\"@id\":\"https:\/\/maarjamagdaleenagild.ee\/pood\/toode\/korvarongad-silmus4nurk\/\",\"url\":\"https:\/\/maarjamagdaleenagild.ee\/pood\/toode\/korvarongad-silmus4nurk\/\",\"name\":\"K\u00f5rvar\u00f5ngad \\\"Silmus4nurk\\\" - Maarja-Magdaleena Gild\",\"isPartOf\":{\"@id\":\"https:\/\/maarjamagdaleenagild.ee\/pood\/#website\"},\"primaryImageOfPage\":{\"@id\":\"https:\/\/maarjamagdaleenagild.ee\/pood\/toode\/korvarongad-silmus4nurk\/#primaryimage\"},\"image\":{\"@id\":\"https:\/\/maarjamagdaleenagild.ee\/pood\/toode\/korvarongad-silmus4nurk\/#primaryimage\"},\"thumbnailUrl\":\"https:\/\/maarjamagdaleenagild.ee\/pood\/wp-content\/uploads\/2020\/11\/7-scaled.jpg\",\"datePublished\":\"2020-11-27T09:45:51+00:00\",\"dateModified\":\"2025-10-17T09:32:16+00:00\",\"breadcrumb\":{\"@id\":\"https:\/\/maarjamagdaleenagild.ee\/pood\/toode\/korvarongad-silmus4nurk\/#breadcrumb\"},\"inLanguage\":\"et\",\"potentialAction\":[{\"@type\":\"ReadAction\",\"target\":[\"https:\/\/maarjamagdaleenagild.ee\/pood\/toode\/korvarongad-silmus4nurk\/\"]}]},{\"@type\":\"ImageObject\",\"inLanguage\":\"et\",\"@id\":\"https:\/\/maarjamagdaleenagild.ee\/pood\/toode\/korvarongad-silmus4nurk\/#primaryimage\",\"url\":\"https:\/\/maarjamagdaleenagild.ee\/pood\/wp-content\/uploads\/2020\/11\/7-scaled.jpg\",\"contentUrl\":\"https:\/\/maarjamagdaleenagild.ee\/pood\/wp-content\/uploads\/2020\/11\/7-scaled.jpg\",\"width\":2560,\"height\":2560,\"caption\":\"MinuMuinasaegOnT\u00e4na\"},{\"@type\":\"BreadcrumbList\",\"@id\":\"https:\/\/maarjamagdaleenagild.ee\/pood\/toode\/korvarongad-silmus4nurk\/#breadcrumb\",\"itemListElement\":[{\"@type\":\"ListItem\",\"position\":1,\"name\":\"Home\",\"item\":\"https:\/\/maarjamagdaleenagild.ee\/pood\/\"},{\"@type\":\"ListItem\",\"position\":2,\"name\":\"Pood\",\"item\":\"https:\/\/maarjamagdaleenagild.ee\/pood\/pood\/\"},{\"@type\":\"ListItem\",\"position\":3,\"name\":\"K\u00f5rvar\u00f5ngad &#8220;Silmus4nurk&#8221;\"}]},{\"@type\":\"WebSite\",\"@id\":\"https:\/\/maarjamagdaleenagild.ee\/pood\/#website\",\"url\":\"https:\/\/maarjamagdaleenagild.ee\/pood\/\",\"name\":\"Maarja-Magdaleena Gild\",\"description\":\"E-pood\",\"publisher\":{\"@id\":\"https:\/\/maarjamagdaleenagild.ee\/pood\/#organization\"},\"potentialAction\":[{\"@type\":\"SearchAction\",\"target\":{\"@type\":\"EntryPoint\",\"urlTemplate\":\"https:\/\/maarjamagdaleenagild.ee\/pood\/?s={search_term_string}\"},\"query-input\":{\"@type\":\"PropertyValueSpecification\",\"valueRequired\":true,\"valueName\":\"search_term_string\"}}],\"inLanguage\":\"et\"},{\"@type\":\"Organization\",\"@id\":\"https:\/\/maarjamagdaleenagild.ee\/pood\/#organization\",\"name\":\"MT\u00dc Maarja-Magdaleena Gild\",\"url\":\"https:\/\/maarjamagdaleenagild.ee\/pood\/\",\"logo\":{\"@type\":\"ImageObject\",\"inLanguage\":\"et\",\"@id\":\"https:\/\/maarjamagdaleenagild.ee\/pood\/#\/schema\/logo\/image\/\",\"url\":\"https:\/\/maarjamagdaleenagild.ee\/pood\/wp-content\/uploads\/2020\/10\/MMGild_VAIKE.jpg\",\"contentUrl\":\"https:\/\/maarjamagdaleenagild.ee\/pood\/wp-content\/uploads\/2020\/10\/MMGild_VAIKE.jpg\",\"width\":121,\"height\":160,\"caption\":\"MT\u00dc Maarja-Magdaleena Gild\"},\"image\":{\"@id\":\"https:\/\/maarjamagdaleenagild.ee\/pood\/#\/schema\/logo\/image\/\"},\"sameAs\":[\"https:\/\/www.facebook.com\/MaarjaMagdaleenaGild\",\"https:\/\/www.instagram.com\/maarjamagdaleenagild\/\",\"https:\/\/youtube.com\/channel\/UC58lYlWK76vAqsDJ_gunuow\"]}]}<\/script>\n<!-- \/ Yoast SEO plugin. -->","yoast_head_json":{"title":"K\u00f5rvar\u00f5ngad \"Silmus4nurk\" - Maarja-Magdaleena Gild","robots":{"index":"index","follow":"follow","max-snippet":"max-snippet:-1","max-image-preview":"max-image-preview:large","max-video-preview":"max-video-preview:-1"},"canonical":"https:\/\/maarjamagdaleenagild.ee\/pood\/toode\/korvarongad-silmus4nurk\/","og_locale":"et_EE","og_type":"article","og_title":"K\u00f5rvar\u00f5ngad \"Silmus4nurk\" - Maarja-Magdaleena Gild","og_description":"vasktraat (h\u00f5betatud v\u00f5i lakitud), alpaka l\u00f5ng  l\u00e4bim\u00f5\u00f5t ca 2cm","og_url":"https:\/\/maarjamagdaleenagild.ee\/pood\/toode\/korvarongad-silmus4nurk\/","og_site_name":"Maarja-Magdaleena Gild","article_publisher":"https:\/\/www.facebook.com\/MaarjaMagdaleenaGild","article_modified_time":"2025-10-17T09:32:16+00:00","og_image":[{"width":2560,"height":2560,"url":"https:\/\/maarjamagdaleenagild.ee\/pood\/wp-content\/uploads\/2020\/11\/7-scaled.jpg","type":"image\/jpeg"}],"twitter_card":"summary_large_image","twitter_misc":{"Est. reading time":"1 minut"},"schema":{"@context":"https:\/\/schema.org","@graph":[{"@type":"WebPage","@id":"https:\/\/maarjamagdaleenagild.ee\/pood\/toode\/korvarongad-silmus4nurk\/","url":"https:\/\/maarjamagdaleenagild.ee\/pood\/toode\/korvarongad-silmus4nurk\/","name":"K\u00f5rvar\u00f5ngad \"Silmus4nurk\" - Maarja-Magdaleena Gild","isPartOf":{"@id":"https:\/\/maarjamagdaleenagild.ee\/pood\/#website"},"primaryImageOfPage":{"@id":"https:\/\/maarjamagdaleenagild.ee\/pood\/toode\/korvarongad-silmus4nurk\/#primaryimage"},"image":{"@id":"https:\/\/maarjamagdaleenagild.ee\/pood\/toode\/korvarongad-silmus4nurk\/#primaryimage"},"thumbnailUrl":"https:\/\/maarjamagdaleenagild.ee\/pood\/wp-content\/uploads\/2020\/11\/7-scaled.jpg","datePublished":"2020-11-27T09:45:51+00:00","dateModified":"2025-10-17T09:32:16+00:00","breadcrumb":{"@id":"https:\/\/maarjamagdaleenagild.ee\/pood\/toode\/korvarongad-silmus4nurk\/#breadcrumb"},"inLanguage":"et","potentialAction":[{"@type":"ReadAction","target":["https:\/\/maarjamagdaleenagild.ee\/pood\/toode\/korvarongad-silmus4nurk\/"]}]},{"@type":"ImageObject","inLanguage":"et","@id":"https:\/\/maarjamagdaleenagild.ee\/pood\/toode\/korvarongad-silmus4nurk\/#primaryimage","url":"https:\/\/maarjamagdaleenagild.ee\/pood\/wp-content\/uploads\/2020\/11\/7-scaled.jpg","contentUrl":"https:\/\/maarjamagdaleenagild.ee\/pood\/wp-content\/uploads\/2020\/11\/7-scaled.jpg","width":2560,"height":2560,"caption":"MinuMuinasaegOnT\u00e4na"},{"@type":"BreadcrumbList","@id":"https:\/\/maarjamagdaleenagild.ee\/pood\/toode\/korvarongad-silmus4nurk\/#breadcrumb","itemListElement":[{"@type":"ListItem","position":1,"name":"Home","item":"https:\/\/maarjamagdaleenagild.ee\/pood\/"},{"@type":"ListItem","position":2,"name":"Pood","item":"https:\/\/maarjamagdaleenagild.ee\/pood\/pood\/"},{"@type":"ListItem","position":3,"name":"K\u00f5rvar\u00f5ngad &#8220;Silmus4nurk&#8221;"}]},{"@type":"WebSite","@id":"https:\/\/maarjamagdaleenagild.ee\/pood\/#website","url":"https:\/\/maarjamagdaleenagild.ee\/pood\/","name":"Maarja-Magdaleena Gild","description":"E-pood","publisher":{"@id":"https:\/\/maarjamagdaleenagild.ee\/pood\/#organization"},"potentialAction":[{"@type":"SearchAction","target":{"@type":"EntryPoint","urlTemplate":"https:\/\/maarjamagdaleenagild.ee\/pood\/?s={search_term_string}"},"query-input":{"@type":"PropertyValueSpecification","valueRequired":true,"valueName":"search_term_string"}}],"inLanguage":"et"},{"@type":"Organization","@id":"https:\/\/maarjamagdaleenagild.ee\/pood\/#organization","name":"MT\u00dc Maarja-Magdaleena Gild","url":"https:\/\/maarjamagdaleenagild.ee\/pood\/","logo":{"@type":"ImageObject","inLanguage":"et","@id":"https:\/\/maarjamagdaleenagild.ee\/pood\/#\/schema\/logo\/image\/","url":"https:\/\/maarjamagdaleenagild.ee\/pood\/wp-content\/uploads\/2020\/10\/MMGild_VAIKE.jpg","contentUrl":"https:\/\/maarjamagdaleenagild.ee\/pood\/wp-content\/uploads\/2020\/10\/MMGild_VAIKE.jpg","width":121,"height":160,"caption":"MT\u00dc Maarja-Magdaleena Gild"},"image":{"@id":"https:\/\/maarjamagdaleenagild.ee\/pood\/#\/schema\/logo\/image\/"},"sameAs":["https:\/\/www.facebook.com\/MaarjaMagdaleenaGild","https:\/\/www.instagram.com\/maarjamagdaleenagild\/","https:\/\/youtube.com\/channel\/UC58lYlWK76vAqsDJ_gunuow"]}]}},"_links":{"self":[{"href":"https:\/\/maarjamagdaleenagild.ee\/pood\/wp-json\/wp\/v2\/product\/20000","targetHints":{"allow":["GET"]}}],"collection":[{"href":"https:\/\/maarjamagdaleenagild.ee\/pood\/wp-json\/wp\/v2\/product"}],"about":[{"href":"https:\/\/maarjamagdaleenagild.ee\/pood\/wp-json\/wp\/v2\/types\/product"}],"wp:featuredmedia":[{"embeddable":true,"href":"https:\/\/maarjamagdaleenagild.ee\/pood\/wp-json\/wp\/v2\/media\/20014"}],"wp:attachment":[{"href":"https:\/\/maarjamagdaleenagild.ee\/pood\/wp-json\/wp\/v2\/media?parent=20000"}],"wp:term":[{"taxonomy":"product_brand","embeddable":true,"href":"https:\/\/maarjamagdaleenagild.ee\/pood\/wp-json\/wp\/v2\/product_brand?post=20000"},{"taxonomy":"product_cat","embeddable":true,"href":"https:\/\/maarjamagdaleenagild.ee\/pood\/wp-json\/wp\/v2\/product_cat?post=20000"},{"taxonomy":"product_tag","embeddable":true,"href":"https:\/\/maarjamagdaleenagild.ee\/pood\/wp-json\/wp\/v2\/product_tag?post=20000"}],"curies":[{"name":"wp","href":"https:\/\/api.w.org\/{rel}","templated":true}]}}