{"id":20090,"date":"2020-11-30T15:03:52","date_gmt":"2020-11-30T12:03:52","guid":{"rendered":"https:\/\/maarjamagdaleenagild.ee\/pood\/?post_type=product&#038;p=20090"},"modified":"2021-03-26T18:28:07","modified_gmt":"2021-03-26T15:28:07","slug":"korvarongad-onu-pongo","status":"publish","type":"product","link":"https:\/\/maarjamagdaleenagild.ee\/pood\/toode\/korvarongad-onu-pongo\/","title":{"rendered":"K\u00f5rvar\u00f5ngad &#8220;Onu Pongo!&#8221;"},"content":{"rendered":"<p>Autor: <a href=\"https:\/\/maarjamagdaleenagild.ee\/et\/pea-peenar\/\">Pea Peenar<\/a><br \/>\n<a href=\"mailto:%20Peapeenar@gmail.com\"><strong>Peapeenar@gmail.com<\/strong>\u00a0<\/a><\/p>\n<p><span style=\"font-weight: 400;\">Orangutan\u00a0(<\/span><i><span style=\"font-weight: 400;\">Pongo<\/span><\/i><span style=\"font-weight: 400;\">) on perekond\u00a0<\/span><a href=\"https:\/\/et.wikipedia.org\/wiki\/Aasia\"><span style=\"font-weight: 400;\">Aasia<\/span><\/a><span style=\"font-weight: 400;\">\u00a0troopilistes\u00a0<\/span><a href=\"https:\/\/et.wikipedia.org\/wiki\/Vihmamets\"><span style=\"font-weight: 400;\">vihmametsades<\/span><\/a><span style=\"font-weight: 400;\">\u00a0elavaid suuri\u00a0<\/span><a href=\"https:\/\/et.wikipedia.org\/wiki\/Inimahv\"><span style=\"font-weight: 400;\">inimahve<\/span><\/a><span style=\"font-weight: 400;\">. Nad on \u00fched intelligentseimad inimahvid ja oskavad kasutada t\u00f6\u00f6riistu. S\u00f5na\u00a0<\/span><i><span style=\"font-weight: 400;\">orangutan<\/span><\/i><span style=\"font-weight: 400;\">\u00a0p\u00e4rineb\u00a0<\/span><a href=\"https:\/\/et.wikipedia.org\/w\/index.php?title=Malai&amp;action=edit&amp;redlink=1\"><span style=\"font-weight: 400;\">malai<\/span><\/a><span style=\"font-weight: 400;\">\u00a0keelest ja t\u00e4hendab \u201cmetsainimest\u201d. 925\u00b0 h\u00f5bedast tagustega ja biovaigust Onu Pongod toovad v\u00e4lja Sinu metsiku poole!<\/span><\/p>\n","protected":false},"excerpt":{"rendered":"<p><span style=\"font-weight: 400;\">Suurus:<\/span><\/p>\n<p><b>Suurus:<\/b><span style=\"font-weight: 400;\">\u00a0 1,5 cm x 2,5 cm<\/span><\/p>\n<p><b>Materjal:<\/b><span style=\"font-weight: 400;\"> Biovaik + 925\u00b0 h\u00f5be<\/span><\/p>\n<p><b>V\u00e4rvus<\/b><span style=\"font-weight: 400;\">: <\/span> <span style=\"font-weight: 400;\">Must + kuld<\/span><br \/>\n<span style=\"font-weight: 400;\">Must + h\u00f5be<\/span><br \/>\n<span style=\"font-weight: 400;\">Valge + kuld<\/span><br \/>\n<span style=\"font-weight: 400;\">Valge + h\u00f5be<\/span><\/p>\n","protected":false},"featured_media":21381,"template":"","meta":{"_monsterinsights_skip_tracking":false,"_monsterinsights_sitenote_active":false,"_monsterinsights_sitenote_note":"","_monsterinsights_sitenote_category":0},"product_brand":[],"product_cat":[38,39,93],"product_tag":[],"class_list":{"0":"post-20090","1":"product","2":"type-product","3":"status-publish","4":"has-post-thumbnail","6":"product_cat-ehted","7":"product_cat-korvarongad","8":"product_cat-pea-peenar","9":"pa_varv-musthobe","10":"pa_varv-mustkuld","11":"pa_varv-valgehobe","12":"pa_varv-valgekuld","14":"first","15":"instock","16":"shipping-taxable","17":"purchasable","18":"product-type-variable"},"yoast_head":"<!-- This site is optimized with the Yoast SEO plugin v27.0 - https:\/\/yoast.com\/product\/yoast-seo-wordpress\/ -->\n<title>K\u00f5rvar\u00f5ngad &quot;Onu Pongo!&quot; - Maarja-Magdaleena Gild<\/title>\n<meta name=\"robots\" content=\"index, follow, max-snippet:-1, max-image-preview:large, max-video-preview:-1\" \/>\n<link rel=\"canonical\" href=\"https:\/\/maarjamagdaleenagild.ee\/pood\/toode\/korvarongad-onu-pongo\/\" \/>\n<meta property=\"og:locale\" content=\"et_EE\" \/>\n<meta property=\"og:type\" content=\"article\" \/>\n<meta property=\"og:title\" content=\"K\u00f5rvar\u00f5ngad &quot;Onu Pongo!&quot; - Maarja-Magdaleena Gild\" \/>\n<meta property=\"og:description\" content=\"Suurus:  Suurus:\u00a0 1,5 cm x 2,5 cm  Materjal: Biovaik + 925\u00b0 h\u00f5be  V\u00e4rvus: Must + kuld Must + h\u00f5be Valge + kuld Valge + h\u00f5be\" \/>\n<meta property=\"og:url\" content=\"https:\/\/maarjamagdaleenagild.ee\/pood\/toode\/korvarongad-onu-pongo\/\" \/>\n<meta property=\"og:site_name\" content=\"Maarja-Magdaleena Gild\" \/>\n<meta property=\"article:publisher\" content=\"https:\/\/www.facebook.com\/MaarjaMagdaleenaGild\" \/>\n<meta property=\"article:modified_time\" content=\"2021-03-26T15:28:07+00:00\" \/>\n<meta property=\"og:image\" content=\"https:\/\/maarjamagdaleenagild.ee\/pood\/wp-content\/uploads\/2020\/11\/pea_peenar_korvarongad_onu_pongo_avapilt.jpg\" \/>\n\t<meta property=\"og:image:width\" content=\"2000\" \/>\n\t<meta property=\"og:image:height\" content=\"2000\" \/>\n\t<meta property=\"og:image:type\" content=\"image\/jpeg\" \/>\n<meta name=\"twitter:card\" content=\"summary_large_image\" \/>\n<script type=\"application\/ld+json\" class=\"yoast-schema-graph\">{\"@context\":\"https:\/\/schema.org\",\"@graph\":[{\"@type\":\"WebPage\",\"@id\":\"https:\/\/maarjamagdaleenagild.ee\/pood\/toode\/korvarongad-onu-pongo\/\",\"url\":\"https:\/\/maarjamagdaleenagild.ee\/pood\/toode\/korvarongad-onu-pongo\/\",\"name\":\"K\u00f5rvar\u00f5ngad \\\"Onu Pongo!\\\" - Maarja-Magdaleena Gild\",\"isPartOf\":{\"@id\":\"https:\/\/maarjamagdaleenagild.ee\/pood\/#website\"},\"primaryImageOfPage\":{\"@id\":\"https:\/\/maarjamagdaleenagild.ee\/pood\/toode\/korvarongad-onu-pongo\/#primaryimage\"},\"image\":{\"@id\":\"https:\/\/maarjamagdaleenagild.ee\/pood\/toode\/korvarongad-onu-pongo\/#primaryimage\"},\"thumbnailUrl\":\"https:\/\/maarjamagdaleenagild.ee\/pood\/wp-content\/uploads\/2020\/11\/pea_peenar_korvarongad_onu_pongo_avapilt.jpg\",\"datePublished\":\"2020-11-30T12:03:52+00:00\",\"dateModified\":\"2021-03-26T15:28:07+00:00\",\"breadcrumb\":{\"@id\":\"https:\/\/maarjamagdaleenagild.ee\/pood\/toode\/korvarongad-onu-pongo\/#breadcrumb\"},\"inLanguage\":\"et\",\"potentialAction\":[{\"@type\":\"ReadAction\",\"target\":[\"https:\/\/maarjamagdaleenagild.ee\/pood\/toode\/korvarongad-onu-pongo\/\"]}]},{\"@type\":\"ImageObject\",\"inLanguage\":\"et\",\"@id\":\"https:\/\/maarjamagdaleenagild.ee\/pood\/toode\/korvarongad-onu-pongo\/#primaryimage\",\"url\":\"https:\/\/maarjamagdaleenagild.ee\/pood\/wp-content\/uploads\/2020\/11\/pea_peenar_korvarongad_onu_pongo_avapilt.jpg\",\"contentUrl\":\"https:\/\/maarjamagdaleenagild.ee\/pood\/wp-content\/uploads\/2020\/11\/pea_peenar_korvarongad_onu_pongo_avapilt.jpg\",\"width\":2000,\"height\":2000},{\"@type\":\"BreadcrumbList\",\"@id\":\"https:\/\/maarjamagdaleenagild.ee\/pood\/toode\/korvarongad-onu-pongo\/#breadcrumb\",\"itemListElement\":[{\"@type\":\"ListItem\",\"position\":1,\"name\":\"Home\",\"item\":\"https:\/\/maarjamagdaleenagild.ee\/pood\/\"},{\"@type\":\"ListItem\",\"position\":2,\"name\":\"Pood\",\"item\":\"https:\/\/maarjamagdaleenagild.ee\/pood\/pood\/\"},{\"@type\":\"ListItem\",\"position\":3,\"name\":\"K\u00f5rvar\u00f5ngad &#8220;Onu Pongo!&#8221;\"}]},{\"@type\":\"WebSite\",\"@id\":\"https:\/\/maarjamagdaleenagild.ee\/pood\/#website\",\"url\":\"https:\/\/maarjamagdaleenagild.ee\/pood\/\",\"name\":\"Maarja-Magdaleena Gild\",\"description\":\"E-pood\",\"publisher\":{\"@id\":\"https:\/\/maarjamagdaleenagild.ee\/pood\/#organization\"},\"potentialAction\":[{\"@type\":\"SearchAction\",\"target\":{\"@type\":\"EntryPoint\",\"urlTemplate\":\"https:\/\/maarjamagdaleenagild.ee\/pood\/?s={search_term_string}\"},\"query-input\":{\"@type\":\"PropertyValueSpecification\",\"valueRequired\":true,\"valueName\":\"search_term_string\"}}],\"inLanguage\":\"et\"},{\"@type\":\"Organization\",\"@id\":\"https:\/\/maarjamagdaleenagild.ee\/pood\/#organization\",\"name\":\"MT\u00dc Maarja-Magdaleena Gild\",\"url\":\"https:\/\/maarjamagdaleenagild.ee\/pood\/\",\"logo\":{\"@type\":\"ImageObject\",\"inLanguage\":\"et\",\"@id\":\"https:\/\/maarjamagdaleenagild.ee\/pood\/#\/schema\/logo\/image\/\",\"url\":\"https:\/\/maarjamagdaleenagild.ee\/pood\/wp-content\/uploads\/2020\/10\/MMGild_VAIKE.jpg\",\"contentUrl\":\"https:\/\/maarjamagdaleenagild.ee\/pood\/wp-content\/uploads\/2020\/10\/MMGild_VAIKE.jpg\",\"width\":121,\"height\":160,\"caption\":\"MT\u00dc Maarja-Magdaleena Gild\"},\"image\":{\"@id\":\"https:\/\/maarjamagdaleenagild.ee\/pood\/#\/schema\/logo\/image\/\"},\"sameAs\":[\"https:\/\/www.facebook.com\/MaarjaMagdaleenaGild\",\"https:\/\/www.instagram.com\/maarjamagdaleenagild\/\",\"https:\/\/youtube.com\/channel\/UC58lYlWK76vAqsDJ_gunuow\"]}]}<\/script>\n<!-- \/ Yoast SEO plugin. -->","yoast_head_json":{"title":"K\u00f5rvar\u00f5ngad \"Onu Pongo!\" - Maarja-Magdaleena Gild","robots":{"index":"index","follow":"follow","max-snippet":"max-snippet:-1","max-image-preview":"max-image-preview:large","max-video-preview":"max-video-preview:-1"},"canonical":"https:\/\/maarjamagdaleenagild.ee\/pood\/toode\/korvarongad-onu-pongo\/","og_locale":"et_EE","og_type":"article","og_title":"K\u00f5rvar\u00f5ngad \"Onu Pongo!\" - Maarja-Magdaleena Gild","og_description":"Suurus:  Suurus:\u00a0 1,5 cm x 2,5 cm  Materjal: Biovaik + 925\u00b0 h\u00f5be  V\u00e4rvus: Must + kuld Must + h\u00f5be Valge + kuld Valge + h\u00f5be","og_url":"https:\/\/maarjamagdaleenagild.ee\/pood\/toode\/korvarongad-onu-pongo\/","og_site_name":"Maarja-Magdaleena Gild","article_publisher":"https:\/\/www.facebook.com\/MaarjaMagdaleenaGild","article_modified_time":"2021-03-26T15:28:07+00:00","og_image":[{"width":2000,"height":2000,"url":"https:\/\/maarjamagdaleenagild.ee\/pood\/wp-content\/uploads\/2020\/11\/pea_peenar_korvarongad_onu_pongo_avapilt.jpg","type":"image\/jpeg"}],"twitter_card":"summary_large_image","schema":{"@context":"https:\/\/schema.org","@graph":[{"@type":"WebPage","@id":"https:\/\/maarjamagdaleenagild.ee\/pood\/toode\/korvarongad-onu-pongo\/","url":"https:\/\/maarjamagdaleenagild.ee\/pood\/toode\/korvarongad-onu-pongo\/","name":"K\u00f5rvar\u00f5ngad \"Onu Pongo!\" - Maarja-Magdaleena Gild","isPartOf":{"@id":"https:\/\/maarjamagdaleenagild.ee\/pood\/#website"},"primaryImageOfPage":{"@id":"https:\/\/maarjamagdaleenagild.ee\/pood\/toode\/korvarongad-onu-pongo\/#primaryimage"},"image":{"@id":"https:\/\/maarjamagdaleenagild.ee\/pood\/toode\/korvarongad-onu-pongo\/#primaryimage"},"thumbnailUrl":"https:\/\/maarjamagdaleenagild.ee\/pood\/wp-content\/uploads\/2020\/11\/pea_peenar_korvarongad_onu_pongo_avapilt.jpg","datePublished":"2020-11-30T12:03:52+00:00","dateModified":"2021-03-26T15:28:07+00:00","breadcrumb":{"@id":"https:\/\/maarjamagdaleenagild.ee\/pood\/toode\/korvarongad-onu-pongo\/#breadcrumb"},"inLanguage":"et","potentialAction":[{"@type":"ReadAction","target":["https:\/\/maarjamagdaleenagild.ee\/pood\/toode\/korvarongad-onu-pongo\/"]}]},{"@type":"ImageObject","inLanguage":"et","@id":"https:\/\/maarjamagdaleenagild.ee\/pood\/toode\/korvarongad-onu-pongo\/#primaryimage","url":"https:\/\/maarjamagdaleenagild.ee\/pood\/wp-content\/uploads\/2020\/11\/pea_peenar_korvarongad_onu_pongo_avapilt.jpg","contentUrl":"https:\/\/maarjamagdaleenagild.ee\/pood\/wp-content\/uploads\/2020\/11\/pea_peenar_korvarongad_onu_pongo_avapilt.jpg","width":2000,"height":2000},{"@type":"BreadcrumbList","@id":"https:\/\/maarjamagdaleenagild.ee\/pood\/toode\/korvarongad-onu-pongo\/#breadcrumb","itemListElement":[{"@type":"ListItem","position":1,"name":"Home","item":"https:\/\/maarjamagdaleenagild.ee\/pood\/"},{"@type":"ListItem","position":2,"name":"Pood","item":"https:\/\/maarjamagdaleenagild.ee\/pood\/pood\/"},{"@type":"ListItem","position":3,"name":"K\u00f5rvar\u00f5ngad &#8220;Onu Pongo!&#8221;"}]},{"@type":"WebSite","@id":"https:\/\/maarjamagdaleenagild.ee\/pood\/#website","url":"https:\/\/maarjamagdaleenagild.ee\/pood\/","name":"Maarja-Magdaleena Gild","description":"E-pood","publisher":{"@id":"https:\/\/maarjamagdaleenagild.ee\/pood\/#organization"},"potentialAction":[{"@type":"SearchAction","target":{"@type":"EntryPoint","urlTemplate":"https:\/\/maarjamagdaleenagild.ee\/pood\/?s={search_term_string}"},"query-input":{"@type":"PropertyValueSpecification","valueRequired":true,"valueName":"search_term_string"}}],"inLanguage":"et"},{"@type":"Organization","@id":"https:\/\/maarjamagdaleenagild.ee\/pood\/#organization","name":"MT\u00dc Maarja-Magdaleena Gild","url":"https:\/\/maarjamagdaleenagild.ee\/pood\/","logo":{"@type":"ImageObject","inLanguage":"et","@id":"https:\/\/maarjamagdaleenagild.ee\/pood\/#\/schema\/logo\/image\/","url":"https:\/\/maarjamagdaleenagild.ee\/pood\/wp-content\/uploads\/2020\/10\/MMGild_VAIKE.jpg","contentUrl":"https:\/\/maarjamagdaleenagild.ee\/pood\/wp-content\/uploads\/2020\/10\/MMGild_VAIKE.jpg","width":121,"height":160,"caption":"MT\u00dc Maarja-Magdaleena Gild"},"image":{"@id":"https:\/\/maarjamagdaleenagild.ee\/pood\/#\/schema\/logo\/image\/"},"sameAs":["https:\/\/www.facebook.com\/MaarjaMagdaleenaGild","https:\/\/www.instagram.com\/maarjamagdaleenagild\/","https:\/\/youtube.com\/channel\/UC58lYlWK76vAqsDJ_gunuow"]}]}},"_links":{"self":[{"href":"https:\/\/maarjamagdaleenagild.ee\/pood\/wp-json\/wp\/v2\/product\/20090","targetHints":{"allow":["GET"]}}],"collection":[{"href":"https:\/\/maarjamagdaleenagild.ee\/pood\/wp-json\/wp\/v2\/product"}],"about":[{"href":"https:\/\/maarjamagdaleenagild.ee\/pood\/wp-json\/wp\/v2\/types\/product"}],"wp:featuredmedia":[{"embeddable":true,"href":"https:\/\/maarjamagdaleenagild.ee\/pood\/wp-json\/wp\/v2\/media\/21381"}],"wp:attachment":[{"href":"https:\/\/maarjamagdaleenagild.ee\/pood\/wp-json\/wp\/v2\/media?parent=20090"}],"wp:term":[{"taxonomy":"product_brand","embeddable":true,"href":"https:\/\/maarjamagdaleenagild.ee\/pood\/wp-json\/wp\/v2\/product_brand?post=20090"},{"taxonomy":"product_cat","embeddable":true,"href":"https:\/\/maarjamagdaleenagild.ee\/pood\/wp-json\/wp\/v2\/product_cat?post=20090"},{"taxonomy":"product_tag","embeddable":true,"href":"https:\/\/maarjamagdaleenagild.ee\/pood\/wp-json\/wp\/v2\/product_tag?post=20090"}],"curies":[{"name":"wp","href":"https:\/\/api.w.org\/{rel}","templated":true}]}}