{"id":20289,"date":"2020-12-08T17:07:02","date_gmt":"2020-12-08T14:07:02","guid":{"rendered":"https:\/\/maarjamagdaleenagild.ee\/pood\/?post_type=product&#038;p=20289"},"modified":"2020-12-08T17:11:01","modified_gmt":"2020-12-08T14:11:01","slug":"kaekott-eiolecrossbodykott-kaks-pead","status":"publish","type":"product","link":"https:\/\/maarjamagdaleenagild.ee\/pood\/toode\/kaekott-eiolecrossbodykott-kaks-pead\/","title":{"rendered":"K\u00e4ekott:  #EiOleCrossbodykott \u2013 Kaks pead!"},"content":{"rendered":"<p>Autor: <a href=\"https:\/\/maarjamagdaleenagild.ee\/et\/pea-peenar\/\">Pea Peenar<\/a><br \/>\n<a href=\"mailto:%20Peapeenar@gmail.com\"><strong>Peapeenar@gmail.com<\/strong>\u00a0<\/a><\/p>\n<p><span style=\"font-weight: 400;\">Ainueksemplarist originaall\u00f5ikega k\u00e4ekoti komplekt on kaunist helehallist p\u00f6\u00f6ratud nahast, kaunistatud h\u00f5bedaste ja punaste kettidega ning viimistletud k\u00e4sitsi v\u00e4rvitud nahast detailide ja m\u00e4tsiva halli lukuga.<\/span><\/p>\n<p><span style=\"font-weight: 400;\">Pea Peenra A4 suuruses nahast k\u00e4ekott on s\u00f5na otseses m\u00f5ttes K\u00c4E KOTT. See kaks \u00fches meistriteos on parim alternatiiv crossbody kotile \u2013 kaunis k\u00e4ev\u00f5ru ja praktiline v\u00e4ike kott ning komplektis on lisaks sobivates toonides nahast prillitoos, mis kaitseb ideaalselt Su hinnalisi prille.<\/span><\/p>\n","protected":false},"excerpt":{"rendered":"<p><b>Suurus:<\/b> <span style=\"font-weight: 400;\">Lahti voldituna 29,7 x 21 cm<\/span><br \/>\n<span style=\"font-weight: 400;\">Kokku voldituna 14,85 x 21 cm<\/span><br \/>\n<b>Materjal:<\/b><span style=\"font-weight: 400;\">\u00a0 Toodetud Eesti v\u00e4ikem\u00f6\u00f6blit\u00f6\u00f6stuse nahaj\u00e4\u00e4kidest<\/span><br \/>\n<b>V\u00e4rvus<\/b><span style=\"font-weight: 400;\">:\u00a0 Helehall p\u00f6\u00f6ratud nahk\u00a0 + aktsentv\u00e4rvina h\u00f5be ja punane<\/span><\/p>\n","protected":false},"featured_media":20292,"template":"","meta":{"_monsterinsights_skip_tracking":false,"_monsterinsights_sitenote_active":false,"_monsterinsights_sitenote_note":"","_monsterinsights_sitenote_category":0},"product_brand":[],"product_cat":[50,51,93],"product_tag":[326,141],"class_list":{"0":"post-20289","1":"product","2":"type-product","3":"status-publish","4":"has-post-thumbnail","6":"product_cat-aksessuaarid","7":"product_cat-kotid","8":"product_cat-pea-peenar","9":"product_tag-kotid","10":"product_tag-peapeenar","12":"first","13":"instock","14":"shipping-taxable","15":"purchasable","16":"product-type-simple"},"yoast_head":"<!-- This site is optimized with the Yoast SEO plugin v27.0 - https:\/\/yoast.com\/product\/yoast-seo-wordpress\/ -->\n<title>K\u00e4ekott: #EiOleCrossbodykott \u2013 Kaks pead! - Maarja-Magdaleena Gild<\/title>\n<meta name=\"robots\" content=\"index, follow, max-snippet:-1, max-image-preview:large, max-video-preview:-1\" \/>\n<link rel=\"canonical\" href=\"https:\/\/maarjamagdaleenagild.ee\/pood\/toode\/kaekott-eiolecrossbodykott-kaks-pead\/\" \/>\n<meta property=\"og:locale\" content=\"et_EE\" \/>\n<meta property=\"og:type\" content=\"article\" \/>\n<meta property=\"og:title\" content=\"K\u00e4ekott: #EiOleCrossbodykott \u2013 Kaks pead! - Maarja-Magdaleena Gild\" \/>\n<meta property=\"og:description\" content=\"Suurus: Lahti voldituna 29,7 x 21 cm Kokku voldituna 14,85 x 21 cm Materjal:\u00a0 Toodetud Eesti v\u00e4ikem\u00f6\u00f6blit\u00f6\u00f6stuse nahaj\u00e4\u00e4kidest V\u00e4rvus:\u00a0 Helehall p\u00f6\u00f6ratud nahk\u00a0 + aktsentv\u00e4rvina h\u00f5be ja punane\" \/>\n<meta property=\"og:url\" content=\"https:\/\/maarjamagdaleenagild.ee\/pood\/toode\/kaekott-eiolecrossbodykott-kaks-pead\/\" \/>\n<meta property=\"og:site_name\" content=\"Maarja-Magdaleena Gild\" \/>\n<meta property=\"article:publisher\" content=\"https:\/\/www.facebook.com\/MaarjaMagdaleenaGild\" \/>\n<meta property=\"article:modified_time\" content=\"2020-12-08T14:11:01+00:00\" \/>\n<meta property=\"og:image\" content=\"https:\/\/maarjamagdaleenagild.ee\/pood\/wp-content\/uploads\/2020\/12\/pea_peenar_kott_hall_punane_a4_avapilt.jpg\" \/>\n\t<meta property=\"og:image:width\" content=\"2000\" \/>\n\t<meta property=\"og:image:height\" content=\"2000\" \/>\n\t<meta property=\"og:image:type\" content=\"image\/jpeg\" \/>\n<meta name=\"twitter:card\" content=\"summary_large_image\" \/>\n<script type=\"application\/ld+json\" class=\"yoast-schema-graph\">{\"@context\":\"https:\/\/schema.org\",\"@graph\":[{\"@type\":\"WebPage\",\"@id\":\"https:\/\/maarjamagdaleenagild.ee\/pood\/toode\/kaekott-eiolecrossbodykott-kaks-pead\/\",\"url\":\"https:\/\/maarjamagdaleenagild.ee\/pood\/toode\/kaekott-eiolecrossbodykott-kaks-pead\/\",\"name\":\"K\u00e4ekott: #EiOleCrossbodykott \u2013 Kaks pead! - Maarja-Magdaleena Gild\",\"isPartOf\":{\"@id\":\"https:\/\/maarjamagdaleenagild.ee\/pood\/#website\"},\"primaryImageOfPage\":{\"@id\":\"https:\/\/maarjamagdaleenagild.ee\/pood\/toode\/kaekott-eiolecrossbodykott-kaks-pead\/#primaryimage\"},\"image\":{\"@id\":\"https:\/\/maarjamagdaleenagild.ee\/pood\/toode\/kaekott-eiolecrossbodykott-kaks-pead\/#primaryimage\"},\"thumbnailUrl\":\"https:\/\/maarjamagdaleenagild.ee\/pood\/wp-content\/uploads\/2020\/12\/pea_peenar_kott_hall_punane_a4_avapilt.jpg\",\"datePublished\":\"2020-12-08T14:07:02+00:00\",\"dateModified\":\"2020-12-08T14:11:01+00:00\",\"breadcrumb\":{\"@id\":\"https:\/\/maarjamagdaleenagild.ee\/pood\/toode\/kaekott-eiolecrossbodykott-kaks-pead\/#breadcrumb\"},\"inLanguage\":\"et\",\"potentialAction\":[{\"@type\":\"ReadAction\",\"target\":[\"https:\/\/maarjamagdaleenagild.ee\/pood\/toode\/kaekott-eiolecrossbodykott-kaks-pead\/\"]}]},{\"@type\":\"ImageObject\",\"inLanguage\":\"et\",\"@id\":\"https:\/\/maarjamagdaleenagild.ee\/pood\/toode\/kaekott-eiolecrossbodykott-kaks-pead\/#primaryimage\",\"url\":\"https:\/\/maarjamagdaleenagild.ee\/pood\/wp-content\/uploads\/2020\/12\/pea_peenar_kott_hall_punane_a4_avapilt.jpg\",\"contentUrl\":\"https:\/\/maarjamagdaleenagild.ee\/pood\/wp-content\/uploads\/2020\/12\/pea_peenar_kott_hall_punane_a4_avapilt.jpg\",\"width\":2000,\"height\":2000},{\"@type\":\"BreadcrumbList\",\"@id\":\"https:\/\/maarjamagdaleenagild.ee\/pood\/toode\/kaekott-eiolecrossbodykott-kaks-pead\/#breadcrumb\",\"itemListElement\":[{\"@type\":\"ListItem\",\"position\":1,\"name\":\"Home\",\"item\":\"https:\/\/maarjamagdaleenagild.ee\/pood\/\"},{\"@type\":\"ListItem\",\"position\":2,\"name\":\"Pood\",\"item\":\"https:\/\/maarjamagdaleenagild.ee\/pood\/pood\/\"},{\"@type\":\"ListItem\",\"position\":3,\"name\":\"K\u00e4ekott: #EiOleCrossbodykott \u2013 Kaks pead!\"}]},{\"@type\":\"WebSite\",\"@id\":\"https:\/\/maarjamagdaleenagild.ee\/pood\/#website\",\"url\":\"https:\/\/maarjamagdaleenagild.ee\/pood\/\",\"name\":\"Maarja-Magdaleena Gild\",\"description\":\"E-pood\",\"publisher\":{\"@id\":\"https:\/\/maarjamagdaleenagild.ee\/pood\/#organization\"},\"potentialAction\":[{\"@type\":\"SearchAction\",\"target\":{\"@type\":\"EntryPoint\",\"urlTemplate\":\"https:\/\/maarjamagdaleenagild.ee\/pood\/?s={search_term_string}\"},\"query-input\":{\"@type\":\"PropertyValueSpecification\",\"valueRequired\":true,\"valueName\":\"search_term_string\"}}],\"inLanguage\":\"et\"},{\"@type\":\"Organization\",\"@id\":\"https:\/\/maarjamagdaleenagild.ee\/pood\/#organization\",\"name\":\"MT\u00dc Maarja-Magdaleena Gild\",\"url\":\"https:\/\/maarjamagdaleenagild.ee\/pood\/\",\"logo\":{\"@type\":\"ImageObject\",\"inLanguage\":\"et\",\"@id\":\"https:\/\/maarjamagdaleenagild.ee\/pood\/#\/schema\/logo\/image\/\",\"url\":\"https:\/\/maarjamagdaleenagild.ee\/pood\/wp-content\/uploads\/2020\/10\/MMGild_VAIKE.jpg\",\"contentUrl\":\"https:\/\/maarjamagdaleenagild.ee\/pood\/wp-content\/uploads\/2020\/10\/MMGild_VAIKE.jpg\",\"width\":121,\"height\":160,\"caption\":\"MT\u00dc Maarja-Magdaleena Gild\"},\"image\":{\"@id\":\"https:\/\/maarjamagdaleenagild.ee\/pood\/#\/schema\/logo\/image\/\"},\"sameAs\":[\"https:\/\/www.facebook.com\/MaarjaMagdaleenaGild\",\"https:\/\/www.instagram.com\/maarjamagdaleenagild\/\",\"https:\/\/youtube.com\/channel\/UC58lYlWK76vAqsDJ_gunuow\"]}]}<\/script>\n<!-- \/ Yoast SEO plugin. -->","yoast_head_json":{"title":"K\u00e4ekott: #EiOleCrossbodykott \u2013 Kaks pead! - Maarja-Magdaleena Gild","robots":{"index":"index","follow":"follow","max-snippet":"max-snippet:-1","max-image-preview":"max-image-preview:large","max-video-preview":"max-video-preview:-1"},"canonical":"https:\/\/maarjamagdaleenagild.ee\/pood\/toode\/kaekott-eiolecrossbodykott-kaks-pead\/","og_locale":"et_EE","og_type":"article","og_title":"K\u00e4ekott: #EiOleCrossbodykott \u2013 Kaks pead! - Maarja-Magdaleena Gild","og_description":"Suurus: Lahti voldituna 29,7 x 21 cm Kokku voldituna 14,85 x 21 cm Materjal:\u00a0 Toodetud Eesti v\u00e4ikem\u00f6\u00f6blit\u00f6\u00f6stuse nahaj\u00e4\u00e4kidest V\u00e4rvus:\u00a0 Helehall p\u00f6\u00f6ratud nahk\u00a0 + aktsentv\u00e4rvina h\u00f5be ja punane","og_url":"https:\/\/maarjamagdaleenagild.ee\/pood\/toode\/kaekott-eiolecrossbodykott-kaks-pead\/","og_site_name":"Maarja-Magdaleena Gild","article_publisher":"https:\/\/www.facebook.com\/MaarjaMagdaleenaGild","article_modified_time":"2020-12-08T14:11:01+00:00","og_image":[{"width":2000,"height":2000,"url":"https:\/\/maarjamagdaleenagild.ee\/pood\/wp-content\/uploads\/2020\/12\/pea_peenar_kott_hall_punane_a4_avapilt.jpg","type":"image\/jpeg"}],"twitter_card":"summary_large_image","schema":{"@context":"https:\/\/schema.org","@graph":[{"@type":"WebPage","@id":"https:\/\/maarjamagdaleenagild.ee\/pood\/toode\/kaekott-eiolecrossbodykott-kaks-pead\/","url":"https:\/\/maarjamagdaleenagild.ee\/pood\/toode\/kaekott-eiolecrossbodykott-kaks-pead\/","name":"K\u00e4ekott: #EiOleCrossbodykott \u2013 Kaks pead! - Maarja-Magdaleena Gild","isPartOf":{"@id":"https:\/\/maarjamagdaleenagild.ee\/pood\/#website"},"primaryImageOfPage":{"@id":"https:\/\/maarjamagdaleenagild.ee\/pood\/toode\/kaekott-eiolecrossbodykott-kaks-pead\/#primaryimage"},"image":{"@id":"https:\/\/maarjamagdaleenagild.ee\/pood\/toode\/kaekott-eiolecrossbodykott-kaks-pead\/#primaryimage"},"thumbnailUrl":"https:\/\/maarjamagdaleenagild.ee\/pood\/wp-content\/uploads\/2020\/12\/pea_peenar_kott_hall_punane_a4_avapilt.jpg","datePublished":"2020-12-08T14:07:02+00:00","dateModified":"2020-12-08T14:11:01+00:00","breadcrumb":{"@id":"https:\/\/maarjamagdaleenagild.ee\/pood\/toode\/kaekott-eiolecrossbodykott-kaks-pead\/#breadcrumb"},"inLanguage":"et","potentialAction":[{"@type":"ReadAction","target":["https:\/\/maarjamagdaleenagild.ee\/pood\/toode\/kaekott-eiolecrossbodykott-kaks-pead\/"]}]},{"@type":"ImageObject","inLanguage":"et","@id":"https:\/\/maarjamagdaleenagild.ee\/pood\/toode\/kaekott-eiolecrossbodykott-kaks-pead\/#primaryimage","url":"https:\/\/maarjamagdaleenagild.ee\/pood\/wp-content\/uploads\/2020\/12\/pea_peenar_kott_hall_punane_a4_avapilt.jpg","contentUrl":"https:\/\/maarjamagdaleenagild.ee\/pood\/wp-content\/uploads\/2020\/12\/pea_peenar_kott_hall_punane_a4_avapilt.jpg","width":2000,"height":2000},{"@type":"BreadcrumbList","@id":"https:\/\/maarjamagdaleenagild.ee\/pood\/toode\/kaekott-eiolecrossbodykott-kaks-pead\/#breadcrumb","itemListElement":[{"@type":"ListItem","position":1,"name":"Home","item":"https:\/\/maarjamagdaleenagild.ee\/pood\/"},{"@type":"ListItem","position":2,"name":"Pood","item":"https:\/\/maarjamagdaleenagild.ee\/pood\/pood\/"},{"@type":"ListItem","position":3,"name":"K\u00e4ekott: #EiOleCrossbodykott \u2013 Kaks pead!"}]},{"@type":"WebSite","@id":"https:\/\/maarjamagdaleenagild.ee\/pood\/#website","url":"https:\/\/maarjamagdaleenagild.ee\/pood\/","name":"Maarja-Magdaleena Gild","description":"E-pood","publisher":{"@id":"https:\/\/maarjamagdaleenagild.ee\/pood\/#organization"},"potentialAction":[{"@type":"SearchAction","target":{"@type":"EntryPoint","urlTemplate":"https:\/\/maarjamagdaleenagild.ee\/pood\/?s={search_term_string}"},"query-input":{"@type":"PropertyValueSpecification","valueRequired":true,"valueName":"search_term_string"}}],"inLanguage":"et"},{"@type":"Organization","@id":"https:\/\/maarjamagdaleenagild.ee\/pood\/#organization","name":"MT\u00dc Maarja-Magdaleena Gild","url":"https:\/\/maarjamagdaleenagild.ee\/pood\/","logo":{"@type":"ImageObject","inLanguage":"et","@id":"https:\/\/maarjamagdaleenagild.ee\/pood\/#\/schema\/logo\/image\/","url":"https:\/\/maarjamagdaleenagild.ee\/pood\/wp-content\/uploads\/2020\/10\/MMGild_VAIKE.jpg","contentUrl":"https:\/\/maarjamagdaleenagild.ee\/pood\/wp-content\/uploads\/2020\/10\/MMGild_VAIKE.jpg","width":121,"height":160,"caption":"MT\u00dc Maarja-Magdaleena Gild"},"image":{"@id":"https:\/\/maarjamagdaleenagild.ee\/pood\/#\/schema\/logo\/image\/"},"sameAs":["https:\/\/www.facebook.com\/MaarjaMagdaleenaGild","https:\/\/www.instagram.com\/maarjamagdaleenagild\/","https:\/\/youtube.com\/channel\/UC58lYlWK76vAqsDJ_gunuow"]}]}},"_links":{"self":[{"href":"https:\/\/maarjamagdaleenagild.ee\/pood\/wp-json\/wp\/v2\/product\/20289","targetHints":{"allow":["GET"]}}],"collection":[{"href":"https:\/\/maarjamagdaleenagild.ee\/pood\/wp-json\/wp\/v2\/product"}],"about":[{"href":"https:\/\/maarjamagdaleenagild.ee\/pood\/wp-json\/wp\/v2\/types\/product"}],"wp:featuredmedia":[{"embeddable":true,"href":"https:\/\/maarjamagdaleenagild.ee\/pood\/wp-json\/wp\/v2\/media\/20292"}],"wp:attachment":[{"href":"https:\/\/maarjamagdaleenagild.ee\/pood\/wp-json\/wp\/v2\/media?parent=20289"}],"wp:term":[{"taxonomy":"product_brand","embeddable":true,"href":"https:\/\/maarjamagdaleenagild.ee\/pood\/wp-json\/wp\/v2\/product_brand?post=20289"},{"taxonomy":"product_cat","embeddable":true,"href":"https:\/\/maarjamagdaleenagild.ee\/pood\/wp-json\/wp\/v2\/product_cat?post=20289"},{"taxonomy":"product_tag","embeddable":true,"href":"https:\/\/maarjamagdaleenagild.ee\/pood\/wp-json\/wp\/v2\/product_tag?post=20289"}],"curies":[{"name":"wp","href":"https:\/\/api.w.org\/{rel}","templated":true}]}}