{"id":20305,"date":"2020-12-08T17:15:05","date_gmt":"2020-12-08T14:15:05","guid":{"rendered":"https:\/\/maarjamagdaleenagild.ee\/pood\/?post_type=product&#038;p=20305"},"modified":"2020-12-08T17:19:15","modified_gmt":"2020-12-08T14:19:15","slug":"kaekott-eiolecrossbodykott-mesilasema","status":"publish","type":"product","link":"https:\/\/maarjamagdaleenagild.ee\/pood\/toode\/kaekott-eiolecrossbodykott-mesilasema\/","title":{"rendered":"K\u00e4ekott:  #EiOleCrossbodykott &#8211; Mesilasema"},"content":{"rendered":"<p>Autor: <a href=\"https:\/\/maarjamagdaleenagild.ee\/et\/pea-peenar\/\">Pea Peenar<\/a><br \/>\n<a href=\"mailto:%20Peapeenar@gmail.com\"><strong>Peapeenar@gmail.com<\/strong>\u00a0<\/a><\/p>\n<p><span style=\"font-weight: 400;\">Ainueksemplarist originaall\u00f5ikega k\u00e4ekoti komplekt on kaunistatud biovaidust valatud v\u00f5rratute mustade ja kuldsete mesilastega ning viimistletud k\u00e4sitsi v\u00e4rvitud nahast detailidega.<\/span><\/p>\n<p><span style=\"font-weight: 400;\">Pea Peenra A4 suuruses nahast k\u00e4ekott on s\u00f5na otseses m\u00f5ttes K\u00c4E KOTT. See kaks \u00fches meistriteos on parim alternatiiv crossbody kotile \u2013 kaunis k\u00e4ev\u00f5ru ja praktiline v\u00e4ike kott ning komplektis on lisaks sobivates toonides nahast prillitoos, mis kaitseb ideaalselt Su hinnalisi prille.<\/span><\/p>\n","protected":false},"excerpt":{"rendered":"<p><b>Suurus:<\/b> <span style=\"font-weight: 400;\">Lahti voldituna 29,7 x 21 cm<\/span><br \/>\n<span style=\"font-weight: 400;\">Kokku voldituna 14,85 x 21 cm<\/span><br \/>\n<b>Materjal:<\/b><span style=\"font-weight: 400;\">\u00a0 Toodetud Eesti v\u00e4ikem\u00f6\u00f6blit\u00f6\u00f6stuse nahaj\u00e4\u00e4kidest<\/span><br \/>\n<b>V\u00e4rvus<\/b><span style=\"font-weight: 400;\">: Valge p\u00f6\u00f6ratud nahk\u00a0 + aktsentv\u00e4rvina kuld ja must\u00a0<\/span><\/p>\n","protected":false},"featured_media":20306,"template":"","meta":{"_monsterinsights_skip_tracking":false,"_monsterinsights_sitenote_active":false,"_monsterinsights_sitenote_note":"","_monsterinsights_sitenote_category":0},"product_brand":[],"product_cat":[50,51,93],"product_tag":[326,141],"class_list":{"0":"post-20305","1":"product","2":"type-product","3":"status-publish","4":"has-post-thumbnail","6":"product_cat-aksessuaarid","7":"product_cat-kotid","8":"product_cat-pea-peenar","9":"product_tag-kotid","10":"product_tag-peapeenar","12":"first","13":"instock","14":"shipping-taxable","15":"purchasable","16":"product-type-simple"},"yoast_head":"<!-- This site is optimized with the Yoast SEO plugin v27.0 - https:\/\/yoast.com\/product\/yoast-seo-wordpress\/ -->\n<title>K\u00e4ekott: #EiOleCrossbodykott - Mesilasema - Maarja-Magdaleena Gild<\/title>\n<meta name=\"robots\" content=\"index, follow, max-snippet:-1, max-image-preview:large, max-video-preview:-1\" \/>\n<link rel=\"canonical\" href=\"https:\/\/maarjamagdaleenagild.ee\/pood\/toode\/kaekott-eiolecrossbodykott-mesilasema\/\" \/>\n<meta property=\"og:locale\" content=\"et_EE\" \/>\n<meta property=\"og:type\" content=\"article\" \/>\n<meta property=\"og:title\" content=\"K\u00e4ekott: #EiOleCrossbodykott - Mesilasema - Maarja-Magdaleena Gild\" \/>\n<meta property=\"og:description\" content=\"Suurus: Lahti voldituna 29,7 x 21 cm Kokku voldituna 14,85 x 21 cm Materjal:\u00a0 Toodetud Eesti v\u00e4ikem\u00f6\u00f6blit\u00f6\u00f6stuse nahaj\u00e4\u00e4kidest V\u00e4rvus: Valge p\u00f6\u00f6ratud nahk\u00a0 + aktsentv\u00e4rvina kuld ja must\u00a0\" \/>\n<meta property=\"og:url\" content=\"https:\/\/maarjamagdaleenagild.ee\/pood\/toode\/kaekott-eiolecrossbodykott-mesilasema\/\" \/>\n<meta property=\"og:site_name\" content=\"Maarja-Magdaleena Gild\" \/>\n<meta property=\"article:publisher\" content=\"https:\/\/www.facebook.com\/MaarjaMagdaleenaGild\" \/>\n<meta property=\"article:modified_time\" content=\"2020-12-08T14:19:15+00:00\" \/>\n<meta property=\"og:image\" content=\"https:\/\/maarjamagdaleenagild.ee\/pood\/wp-content\/uploads\/2020\/12\/pea_peenar_kott_valge_must_a4_avapilt.jpg\" \/>\n\t<meta property=\"og:image:width\" content=\"2000\" \/>\n\t<meta property=\"og:image:height\" content=\"2000\" \/>\n\t<meta property=\"og:image:type\" content=\"image\/jpeg\" \/>\n<meta name=\"twitter:card\" content=\"summary_large_image\" \/>\n<script type=\"application\/ld+json\" class=\"yoast-schema-graph\">{\"@context\":\"https:\/\/schema.org\",\"@graph\":[{\"@type\":\"WebPage\",\"@id\":\"https:\/\/maarjamagdaleenagild.ee\/pood\/toode\/kaekott-eiolecrossbodykott-mesilasema\/\",\"url\":\"https:\/\/maarjamagdaleenagild.ee\/pood\/toode\/kaekott-eiolecrossbodykott-mesilasema\/\",\"name\":\"K\u00e4ekott: #EiOleCrossbodykott - Mesilasema - Maarja-Magdaleena Gild\",\"isPartOf\":{\"@id\":\"https:\/\/maarjamagdaleenagild.ee\/pood\/#website\"},\"primaryImageOfPage\":{\"@id\":\"https:\/\/maarjamagdaleenagild.ee\/pood\/toode\/kaekott-eiolecrossbodykott-mesilasema\/#primaryimage\"},\"image\":{\"@id\":\"https:\/\/maarjamagdaleenagild.ee\/pood\/toode\/kaekott-eiolecrossbodykott-mesilasema\/#primaryimage\"},\"thumbnailUrl\":\"https:\/\/maarjamagdaleenagild.ee\/pood\/wp-content\/uploads\/2020\/12\/pea_peenar_kott_valge_must_a4_avapilt.jpg\",\"datePublished\":\"2020-12-08T14:15:05+00:00\",\"dateModified\":\"2020-12-08T14:19:15+00:00\",\"breadcrumb\":{\"@id\":\"https:\/\/maarjamagdaleenagild.ee\/pood\/toode\/kaekott-eiolecrossbodykott-mesilasema\/#breadcrumb\"},\"inLanguage\":\"et\",\"potentialAction\":[{\"@type\":\"ReadAction\",\"target\":[\"https:\/\/maarjamagdaleenagild.ee\/pood\/toode\/kaekott-eiolecrossbodykott-mesilasema\/\"]}]},{\"@type\":\"ImageObject\",\"inLanguage\":\"et\",\"@id\":\"https:\/\/maarjamagdaleenagild.ee\/pood\/toode\/kaekott-eiolecrossbodykott-mesilasema\/#primaryimage\",\"url\":\"https:\/\/maarjamagdaleenagild.ee\/pood\/wp-content\/uploads\/2020\/12\/pea_peenar_kott_valge_must_a4_avapilt.jpg\",\"contentUrl\":\"https:\/\/maarjamagdaleenagild.ee\/pood\/wp-content\/uploads\/2020\/12\/pea_peenar_kott_valge_must_a4_avapilt.jpg\",\"width\":2000,\"height\":2000},{\"@type\":\"BreadcrumbList\",\"@id\":\"https:\/\/maarjamagdaleenagild.ee\/pood\/toode\/kaekott-eiolecrossbodykott-mesilasema\/#breadcrumb\",\"itemListElement\":[{\"@type\":\"ListItem\",\"position\":1,\"name\":\"Home\",\"item\":\"https:\/\/maarjamagdaleenagild.ee\/pood\/\"},{\"@type\":\"ListItem\",\"position\":2,\"name\":\"Pood\",\"item\":\"https:\/\/maarjamagdaleenagild.ee\/pood\/pood\/\"},{\"@type\":\"ListItem\",\"position\":3,\"name\":\"K\u00e4ekott: #EiOleCrossbodykott &#8211; Mesilasema\"}]},{\"@type\":\"WebSite\",\"@id\":\"https:\/\/maarjamagdaleenagild.ee\/pood\/#website\",\"url\":\"https:\/\/maarjamagdaleenagild.ee\/pood\/\",\"name\":\"Maarja-Magdaleena Gild\",\"description\":\"E-pood\",\"publisher\":{\"@id\":\"https:\/\/maarjamagdaleenagild.ee\/pood\/#organization\"},\"potentialAction\":[{\"@type\":\"SearchAction\",\"target\":{\"@type\":\"EntryPoint\",\"urlTemplate\":\"https:\/\/maarjamagdaleenagild.ee\/pood\/?s={search_term_string}\"},\"query-input\":{\"@type\":\"PropertyValueSpecification\",\"valueRequired\":true,\"valueName\":\"search_term_string\"}}],\"inLanguage\":\"et\"},{\"@type\":\"Organization\",\"@id\":\"https:\/\/maarjamagdaleenagild.ee\/pood\/#organization\",\"name\":\"MT\u00dc Maarja-Magdaleena Gild\",\"url\":\"https:\/\/maarjamagdaleenagild.ee\/pood\/\",\"logo\":{\"@type\":\"ImageObject\",\"inLanguage\":\"et\",\"@id\":\"https:\/\/maarjamagdaleenagild.ee\/pood\/#\/schema\/logo\/image\/\",\"url\":\"https:\/\/maarjamagdaleenagild.ee\/pood\/wp-content\/uploads\/2020\/10\/MMGild_VAIKE.jpg\",\"contentUrl\":\"https:\/\/maarjamagdaleenagild.ee\/pood\/wp-content\/uploads\/2020\/10\/MMGild_VAIKE.jpg\",\"width\":121,\"height\":160,\"caption\":\"MT\u00dc Maarja-Magdaleena Gild\"},\"image\":{\"@id\":\"https:\/\/maarjamagdaleenagild.ee\/pood\/#\/schema\/logo\/image\/\"},\"sameAs\":[\"https:\/\/www.facebook.com\/MaarjaMagdaleenaGild\",\"https:\/\/www.instagram.com\/maarjamagdaleenagild\/\",\"https:\/\/youtube.com\/channel\/UC58lYlWK76vAqsDJ_gunuow\"]}]}<\/script>\n<!-- \/ Yoast SEO plugin. -->","yoast_head_json":{"title":"K\u00e4ekott: #EiOleCrossbodykott - Mesilasema - Maarja-Magdaleena Gild","robots":{"index":"index","follow":"follow","max-snippet":"max-snippet:-1","max-image-preview":"max-image-preview:large","max-video-preview":"max-video-preview:-1"},"canonical":"https:\/\/maarjamagdaleenagild.ee\/pood\/toode\/kaekott-eiolecrossbodykott-mesilasema\/","og_locale":"et_EE","og_type":"article","og_title":"K\u00e4ekott: #EiOleCrossbodykott - Mesilasema - Maarja-Magdaleena Gild","og_description":"Suurus: Lahti voldituna 29,7 x 21 cm Kokku voldituna 14,85 x 21 cm Materjal:\u00a0 Toodetud Eesti v\u00e4ikem\u00f6\u00f6blit\u00f6\u00f6stuse nahaj\u00e4\u00e4kidest V\u00e4rvus: Valge p\u00f6\u00f6ratud nahk\u00a0 + aktsentv\u00e4rvina kuld ja must\u00a0","og_url":"https:\/\/maarjamagdaleenagild.ee\/pood\/toode\/kaekott-eiolecrossbodykott-mesilasema\/","og_site_name":"Maarja-Magdaleena Gild","article_publisher":"https:\/\/www.facebook.com\/MaarjaMagdaleenaGild","article_modified_time":"2020-12-08T14:19:15+00:00","og_image":[{"width":2000,"height":2000,"url":"https:\/\/maarjamagdaleenagild.ee\/pood\/wp-content\/uploads\/2020\/12\/pea_peenar_kott_valge_must_a4_avapilt.jpg","type":"image\/jpeg"}],"twitter_card":"summary_large_image","schema":{"@context":"https:\/\/schema.org","@graph":[{"@type":"WebPage","@id":"https:\/\/maarjamagdaleenagild.ee\/pood\/toode\/kaekott-eiolecrossbodykott-mesilasema\/","url":"https:\/\/maarjamagdaleenagild.ee\/pood\/toode\/kaekott-eiolecrossbodykott-mesilasema\/","name":"K\u00e4ekott: #EiOleCrossbodykott - Mesilasema - Maarja-Magdaleena Gild","isPartOf":{"@id":"https:\/\/maarjamagdaleenagild.ee\/pood\/#website"},"primaryImageOfPage":{"@id":"https:\/\/maarjamagdaleenagild.ee\/pood\/toode\/kaekott-eiolecrossbodykott-mesilasema\/#primaryimage"},"image":{"@id":"https:\/\/maarjamagdaleenagild.ee\/pood\/toode\/kaekott-eiolecrossbodykott-mesilasema\/#primaryimage"},"thumbnailUrl":"https:\/\/maarjamagdaleenagild.ee\/pood\/wp-content\/uploads\/2020\/12\/pea_peenar_kott_valge_must_a4_avapilt.jpg","datePublished":"2020-12-08T14:15:05+00:00","dateModified":"2020-12-08T14:19:15+00:00","breadcrumb":{"@id":"https:\/\/maarjamagdaleenagild.ee\/pood\/toode\/kaekott-eiolecrossbodykott-mesilasema\/#breadcrumb"},"inLanguage":"et","potentialAction":[{"@type":"ReadAction","target":["https:\/\/maarjamagdaleenagild.ee\/pood\/toode\/kaekott-eiolecrossbodykott-mesilasema\/"]}]},{"@type":"ImageObject","inLanguage":"et","@id":"https:\/\/maarjamagdaleenagild.ee\/pood\/toode\/kaekott-eiolecrossbodykott-mesilasema\/#primaryimage","url":"https:\/\/maarjamagdaleenagild.ee\/pood\/wp-content\/uploads\/2020\/12\/pea_peenar_kott_valge_must_a4_avapilt.jpg","contentUrl":"https:\/\/maarjamagdaleenagild.ee\/pood\/wp-content\/uploads\/2020\/12\/pea_peenar_kott_valge_must_a4_avapilt.jpg","width":2000,"height":2000},{"@type":"BreadcrumbList","@id":"https:\/\/maarjamagdaleenagild.ee\/pood\/toode\/kaekott-eiolecrossbodykott-mesilasema\/#breadcrumb","itemListElement":[{"@type":"ListItem","position":1,"name":"Home","item":"https:\/\/maarjamagdaleenagild.ee\/pood\/"},{"@type":"ListItem","position":2,"name":"Pood","item":"https:\/\/maarjamagdaleenagild.ee\/pood\/pood\/"},{"@type":"ListItem","position":3,"name":"K\u00e4ekott: #EiOleCrossbodykott &#8211; Mesilasema"}]},{"@type":"WebSite","@id":"https:\/\/maarjamagdaleenagild.ee\/pood\/#website","url":"https:\/\/maarjamagdaleenagild.ee\/pood\/","name":"Maarja-Magdaleena Gild","description":"E-pood","publisher":{"@id":"https:\/\/maarjamagdaleenagild.ee\/pood\/#organization"},"potentialAction":[{"@type":"SearchAction","target":{"@type":"EntryPoint","urlTemplate":"https:\/\/maarjamagdaleenagild.ee\/pood\/?s={search_term_string}"},"query-input":{"@type":"PropertyValueSpecification","valueRequired":true,"valueName":"search_term_string"}}],"inLanguage":"et"},{"@type":"Organization","@id":"https:\/\/maarjamagdaleenagild.ee\/pood\/#organization","name":"MT\u00dc Maarja-Magdaleena Gild","url":"https:\/\/maarjamagdaleenagild.ee\/pood\/","logo":{"@type":"ImageObject","inLanguage":"et","@id":"https:\/\/maarjamagdaleenagild.ee\/pood\/#\/schema\/logo\/image\/","url":"https:\/\/maarjamagdaleenagild.ee\/pood\/wp-content\/uploads\/2020\/10\/MMGild_VAIKE.jpg","contentUrl":"https:\/\/maarjamagdaleenagild.ee\/pood\/wp-content\/uploads\/2020\/10\/MMGild_VAIKE.jpg","width":121,"height":160,"caption":"MT\u00dc Maarja-Magdaleena Gild"},"image":{"@id":"https:\/\/maarjamagdaleenagild.ee\/pood\/#\/schema\/logo\/image\/"},"sameAs":["https:\/\/www.facebook.com\/MaarjaMagdaleenaGild","https:\/\/www.instagram.com\/maarjamagdaleenagild\/","https:\/\/youtube.com\/channel\/UC58lYlWK76vAqsDJ_gunuow"]}]}},"_links":{"self":[{"href":"https:\/\/maarjamagdaleenagild.ee\/pood\/wp-json\/wp\/v2\/product\/20305","targetHints":{"allow":["GET"]}}],"collection":[{"href":"https:\/\/maarjamagdaleenagild.ee\/pood\/wp-json\/wp\/v2\/product"}],"about":[{"href":"https:\/\/maarjamagdaleenagild.ee\/pood\/wp-json\/wp\/v2\/types\/product"}],"wp:featuredmedia":[{"embeddable":true,"href":"https:\/\/maarjamagdaleenagild.ee\/pood\/wp-json\/wp\/v2\/media\/20306"}],"wp:attachment":[{"href":"https:\/\/maarjamagdaleenagild.ee\/pood\/wp-json\/wp\/v2\/media?parent=20305"}],"wp:term":[{"taxonomy":"product_brand","embeddable":true,"href":"https:\/\/maarjamagdaleenagild.ee\/pood\/wp-json\/wp\/v2\/product_brand?post=20305"},{"taxonomy":"product_cat","embeddable":true,"href":"https:\/\/maarjamagdaleenagild.ee\/pood\/wp-json\/wp\/v2\/product_cat?post=20305"},{"taxonomy":"product_tag","embeddable":true,"href":"https:\/\/maarjamagdaleenagild.ee\/pood\/wp-json\/wp\/v2\/product_tag?post=20305"}],"curies":[{"name":"wp","href":"https:\/\/api.w.org\/{rel}","templated":true}]}}