{"id":22697,"date":"2023-12-19T19:23:28","date_gmt":"2023-12-19T16:23:28","guid":{"rendered":"https:\/\/maarjamagdaleenagild.ee\/pood\/?post_type=product&#038;p=22697"},"modified":"2023-12-19T19:30:30","modified_gmt":"2023-12-19T16:30:30","slug":"laste-hallid-sudametega-katised","status":"publish","type":"product","link":"https:\/\/maarjamagdaleenagild.ee\/pood\/toode\/laste-hallid-sudametega-katised\/","title":{"rendered":"Laste hallid s\u00fcdametega k\u00e4tised"},"content":{"rendered":"<p>Autor<br \/>\n<a href=\"https:\/\/www.facebook.com\/kindabutiik\">Eve Napp<\/a><br \/>\n<a href=\"tel:+37256486114\">+37256486114<\/a><br \/>\n<a href=\"mailto:kindabutiik@online.ee\">kindabutiik@online.ee<\/a><\/p>\n<p>M\u00f5nusalt pehmed randmesoojendajad hoiavad sinu lapse k\u00e4ed jahedatel ilmadel soojas. Helehallid valgete s\u00fcdametega randmesoojendajad on k\u00e4sitsi kootud 100% meriinovillasest l\u00f5ngast, mis ei torgi ega aja lapse nahka s\u00fcgelema.<\/p>\n<p>Pikkust on neil 19cm ja sobivad k\u00e4ele \u00fcmberm\u00f5\u00f5duga ca 14-16cm<\/p>\n","protected":false},"excerpt":{"rendered":"<p>Pikkust on neil 19cm ja sobivad k\u00e4ele \u00fcmberm\u00f5\u00f5duga ca 14-16cm<\/p>\n<p>&nbsp;<\/p>\n","protected":false},"featured_media":22702,"template":"","meta":{"_monsterinsights_skip_tracking":false,"_monsterinsights_sitenote_active":false,"_monsterinsights_sitenote_note":"","_monsterinsights_sitenote_category":0},"product_brand":[],"product_cat":[44,45,90],"product_tag":[332,333,46],"class_list":{"0":"post-22697","1":"product","2":"type-product","3":"status-publish","4":"has-post-thumbnail","6":"product_cat-lastele","7":"product_cat-roivad","8":"product_cat-eve-napp","9":"product_tag-eve-napp","10":"product_tag-kudumid","11":"product_tag-lastele","12":"pa_varv-kollane","13":"pa_varv-roosa","15":"first","16":"instock","17":"shipping-taxable","18":"purchasable","19":"product-type-simple"},"yoast_head":"<!-- This site is optimized with the Yoast SEO plugin v27.0 - https:\/\/yoast.com\/product\/yoast-seo-wordpress\/ -->\n<title>Laste hallid s\u00fcdametega k\u00e4tised - Maarja-Magdaleena Gild<\/title>\n<meta name=\"robots\" content=\"index, follow, max-snippet:-1, max-image-preview:large, max-video-preview:-1\" \/>\n<link rel=\"canonical\" href=\"https:\/\/maarjamagdaleenagild.ee\/pood\/toode\/laste-hallid-sudametega-katised\/\" \/>\n<meta property=\"og:locale\" content=\"et_EE\" \/>\n<meta property=\"og:type\" content=\"article\" \/>\n<meta property=\"og:title\" content=\"Laste hallid s\u00fcdametega k\u00e4tised - Maarja-Magdaleena Gild\" \/>\n<meta property=\"og:description\" content=\"Pikkust on neil 19cm ja sobivad k\u00e4ele \u00fcmberm\u00f5\u00f5duga ca 14-16cm  &nbsp;\" \/>\n<meta property=\"og:url\" content=\"https:\/\/maarjamagdaleenagild.ee\/pood\/toode\/laste-hallid-sudametega-katised\/\" \/>\n<meta property=\"og:site_name\" content=\"Maarja-Magdaleena Gild\" \/>\n<meta property=\"article:publisher\" content=\"https:\/\/www.facebook.com\/MaarjaMagdaleenaGild\" \/>\n<meta property=\"article:modified_time\" content=\"2023-12-19T16:30:30+00:00\" \/>\n<meta property=\"og:image\" content=\"https:\/\/maarjamagdaleenagild.ee\/pood\/wp-content\/uploads\/2023\/12\/20231006_140632.jpg\" \/>\n\t<meta property=\"og:image:width\" content=\"1574\" \/>\n\t<meta property=\"og:image:height\" content=\"1573\" \/>\n\t<meta property=\"og:image:type\" content=\"image\/jpeg\" \/>\n<meta name=\"twitter:card\" content=\"summary_large_image\" \/>\n<script type=\"application\/ld+json\" class=\"yoast-schema-graph\">{\"@context\":\"https:\/\/schema.org\",\"@graph\":[{\"@type\":\"WebPage\",\"@id\":\"https:\/\/maarjamagdaleenagild.ee\/pood\/toode\/laste-hallid-sudametega-katised\/\",\"url\":\"https:\/\/maarjamagdaleenagild.ee\/pood\/toode\/laste-hallid-sudametega-katised\/\",\"name\":\"Laste hallid s\u00fcdametega k\u00e4tised - Maarja-Magdaleena Gild\",\"isPartOf\":{\"@id\":\"https:\/\/maarjamagdaleenagild.ee\/pood\/#website\"},\"primaryImageOfPage\":{\"@id\":\"https:\/\/maarjamagdaleenagild.ee\/pood\/toode\/laste-hallid-sudametega-katised\/#primaryimage\"},\"image\":{\"@id\":\"https:\/\/maarjamagdaleenagild.ee\/pood\/toode\/laste-hallid-sudametega-katised\/#primaryimage\"},\"thumbnailUrl\":\"https:\/\/maarjamagdaleenagild.ee\/pood\/wp-content\/uploads\/2023\/12\/20231006_140632.jpg\",\"datePublished\":\"2023-12-19T16:23:28+00:00\",\"dateModified\":\"2023-12-19T16:30:30+00:00\",\"breadcrumb\":{\"@id\":\"https:\/\/maarjamagdaleenagild.ee\/pood\/toode\/laste-hallid-sudametega-katised\/#breadcrumb\"},\"inLanguage\":\"et\",\"potentialAction\":[{\"@type\":\"ReadAction\",\"target\":[\"https:\/\/maarjamagdaleenagild.ee\/pood\/toode\/laste-hallid-sudametega-katised\/\"]}]},{\"@type\":\"ImageObject\",\"inLanguage\":\"et\",\"@id\":\"https:\/\/maarjamagdaleenagild.ee\/pood\/toode\/laste-hallid-sudametega-katised\/#primaryimage\",\"url\":\"https:\/\/maarjamagdaleenagild.ee\/pood\/wp-content\/uploads\/2023\/12\/20231006_140632.jpg\",\"contentUrl\":\"https:\/\/maarjamagdaleenagild.ee\/pood\/wp-content\/uploads\/2023\/12\/20231006_140632.jpg\",\"width\":1574,\"height\":1573},{\"@type\":\"BreadcrumbList\",\"@id\":\"https:\/\/maarjamagdaleenagild.ee\/pood\/toode\/laste-hallid-sudametega-katised\/#breadcrumb\",\"itemListElement\":[{\"@type\":\"ListItem\",\"position\":1,\"name\":\"Home\",\"item\":\"https:\/\/maarjamagdaleenagild.ee\/pood\/\"},{\"@type\":\"ListItem\",\"position\":2,\"name\":\"Pood\",\"item\":\"https:\/\/maarjamagdaleenagild.ee\/pood\/pood\/\"},{\"@type\":\"ListItem\",\"position\":3,\"name\":\"Laste hallid s\u00fcdametega k\u00e4tised\"}]},{\"@type\":\"WebSite\",\"@id\":\"https:\/\/maarjamagdaleenagild.ee\/pood\/#website\",\"url\":\"https:\/\/maarjamagdaleenagild.ee\/pood\/\",\"name\":\"Maarja-Magdaleena Gild\",\"description\":\"E-pood\",\"publisher\":{\"@id\":\"https:\/\/maarjamagdaleenagild.ee\/pood\/#organization\"},\"potentialAction\":[{\"@type\":\"SearchAction\",\"target\":{\"@type\":\"EntryPoint\",\"urlTemplate\":\"https:\/\/maarjamagdaleenagild.ee\/pood\/?s={search_term_string}\"},\"query-input\":{\"@type\":\"PropertyValueSpecification\",\"valueRequired\":true,\"valueName\":\"search_term_string\"}}],\"inLanguage\":\"et\"},{\"@type\":\"Organization\",\"@id\":\"https:\/\/maarjamagdaleenagild.ee\/pood\/#organization\",\"name\":\"MT\u00dc Maarja-Magdaleena Gild\",\"url\":\"https:\/\/maarjamagdaleenagild.ee\/pood\/\",\"logo\":{\"@type\":\"ImageObject\",\"inLanguage\":\"et\",\"@id\":\"https:\/\/maarjamagdaleenagild.ee\/pood\/#\/schema\/logo\/image\/\",\"url\":\"https:\/\/maarjamagdaleenagild.ee\/pood\/wp-content\/uploads\/2020\/10\/MMGild_VAIKE.jpg\",\"contentUrl\":\"https:\/\/maarjamagdaleenagild.ee\/pood\/wp-content\/uploads\/2020\/10\/MMGild_VAIKE.jpg\",\"width\":121,\"height\":160,\"caption\":\"MT\u00dc Maarja-Magdaleena Gild\"},\"image\":{\"@id\":\"https:\/\/maarjamagdaleenagild.ee\/pood\/#\/schema\/logo\/image\/\"},\"sameAs\":[\"https:\/\/www.facebook.com\/MaarjaMagdaleenaGild\",\"https:\/\/www.instagram.com\/maarjamagdaleenagild\/\",\"https:\/\/youtube.com\/channel\/UC58lYlWK76vAqsDJ_gunuow\"]}]}<\/script>\n<!-- \/ Yoast SEO plugin. -->","yoast_head_json":{"title":"Laste hallid s\u00fcdametega k\u00e4tised - Maarja-Magdaleena Gild","robots":{"index":"index","follow":"follow","max-snippet":"max-snippet:-1","max-image-preview":"max-image-preview:large","max-video-preview":"max-video-preview:-1"},"canonical":"https:\/\/maarjamagdaleenagild.ee\/pood\/toode\/laste-hallid-sudametega-katised\/","og_locale":"et_EE","og_type":"article","og_title":"Laste hallid s\u00fcdametega k\u00e4tised - Maarja-Magdaleena Gild","og_description":"Pikkust on neil 19cm ja sobivad k\u00e4ele \u00fcmberm\u00f5\u00f5duga ca 14-16cm  &nbsp;","og_url":"https:\/\/maarjamagdaleenagild.ee\/pood\/toode\/laste-hallid-sudametega-katised\/","og_site_name":"Maarja-Magdaleena Gild","article_publisher":"https:\/\/www.facebook.com\/MaarjaMagdaleenaGild","article_modified_time":"2023-12-19T16:30:30+00:00","og_image":[{"width":1574,"height":1573,"url":"https:\/\/maarjamagdaleenagild.ee\/pood\/wp-content\/uploads\/2023\/12\/20231006_140632.jpg","type":"image\/jpeg"}],"twitter_card":"summary_large_image","schema":{"@context":"https:\/\/schema.org","@graph":[{"@type":"WebPage","@id":"https:\/\/maarjamagdaleenagild.ee\/pood\/toode\/laste-hallid-sudametega-katised\/","url":"https:\/\/maarjamagdaleenagild.ee\/pood\/toode\/laste-hallid-sudametega-katised\/","name":"Laste hallid s\u00fcdametega k\u00e4tised - Maarja-Magdaleena Gild","isPartOf":{"@id":"https:\/\/maarjamagdaleenagild.ee\/pood\/#website"},"primaryImageOfPage":{"@id":"https:\/\/maarjamagdaleenagild.ee\/pood\/toode\/laste-hallid-sudametega-katised\/#primaryimage"},"image":{"@id":"https:\/\/maarjamagdaleenagild.ee\/pood\/toode\/laste-hallid-sudametega-katised\/#primaryimage"},"thumbnailUrl":"https:\/\/maarjamagdaleenagild.ee\/pood\/wp-content\/uploads\/2023\/12\/20231006_140632.jpg","datePublished":"2023-12-19T16:23:28+00:00","dateModified":"2023-12-19T16:30:30+00:00","breadcrumb":{"@id":"https:\/\/maarjamagdaleenagild.ee\/pood\/toode\/laste-hallid-sudametega-katised\/#breadcrumb"},"inLanguage":"et","potentialAction":[{"@type":"ReadAction","target":["https:\/\/maarjamagdaleenagild.ee\/pood\/toode\/laste-hallid-sudametega-katised\/"]}]},{"@type":"ImageObject","inLanguage":"et","@id":"https:\/\/maarjamagdaleenagild.ee\/pood\/toode\/laste-hallid-sudametega-katised\/#primaryimage","url":"https:\/\/maarjamagdaleenagild.ee\/pood\/wp-content\/uploads\/2023\/12\/20231006_140632.jpg","contentUrl":"https:\/\/maarjamagdaleenagild.ee\/pood\/wp-content\/uploads\/2023\/12\/20231006_140632.jpg","width":1574,"height":1573},{"@type":"BreadcrumbList","@id":"https:\/\/maarjamagdaleenagild.ee\/pood\/toode\/laste-hallid-sudametega-katised\/#breadcrumb","itemListElement":[{"@type":"ListItem","position":1,"name":"Home","item":"https:\/\/maarjamagdaleenagild.ee\/pood\/"},{"@type":"ListItem","position":2,"name":"Pood","item":"https:\/\/maarjamagdaleenagild.ee\/pood\/pood\/"},{"@type":"ListItem","position":3,"name":"Laste hallid s\u00fcdametega k\u00e4tised"}]},{"@type":"WebSite","@id":"https:\/\/maarjamagdaleenagild.ee\/pood\/#website","url":"https:\/\/maarjamagdaleenagild.ee\/pood\/","name":"Maarja-Magdaleena Gild","description":"E-pood","publisher":{"@id":"https:\/\/maarjamagdaleenagild.ee\/pood\/#organization"},"potentialAction":[{"@type":"SearchAction","target":{"@type":"EntryPoint","urlTemplate":"https:\/\/maarjamagdaleenagild.ee\/pood\/?s={search_term_string}"},"query-input":{"@type":"PropertyValueSpecification","valueRequired":true,"valueName":"search_term_string"}}],"inLanguage":"et"},{"@type":"Organization","@id":"https:\/\/maarjamagdaleenagild.ee\/pood\/#organization","name":"MT\u00dc Maarja-Magdaleena Gild","url":"https:\/\/maarjamagdaleenagild.ee\/pood\/","logo":{"@type":"ImageObject","inLanguage":"et","@id":"https:\/\/maarjamagdaleenagild.ee\/pood\/#\/schema\/logo\/image\/","url":"https:\/\/maarjamagdaleenagild.ee\/pood\/wp-content\/uploads\/2020\/10\/MMGild_VAIKE.jpg","contentUrl":"https:\/\/maarjamagdaleenagild.ee\/pood\/wp-content\/uploads\/2020\/10\/MMGild_VAIKE.jpg","width":121,"height":160,"caption":"MT\u00dc Maarja-Magdaleena Gild"},"image":{"@id":"https:\/\/maarjamagdaleenagild.ee\/pood\/#\/schema\/logo\/image\/"},"sameAs":["https:\/\/www.facebook.com\/MaarjaMagdaleenaGild","https:\/\/www.instagram.com\/maarjamagdaleenagild\/","https:\/\/youtube.com\/channel\/UC58lYlWK76vAqsDJ_gunuow"]}]}},"_links":{"self":[{"href":"https:\/\/maarjamagdaleenagild.ee\/pood\/wp-json\/wp\/v2\/product\/22697","targetHints":{"allow":["GET"]}}],"collection":[{"href":"https:\/\/maarjamagdaleenagild.ee\/pood\/wp-json\/wp\/v2\/product"}],"about":[{"href":"https:\/\/maarjamagdaleenagild.ee\/pood\/wp-json\/wp\/v2\/types\/product"}],"wp:featuredmedia":[{"embeddable":true,"href":"https:\/\/maarjamagdaleenagild.ee\/pood\/wp-json\/wp\/v2\/media\/22702"}],"wp:attachment":[{"href":"https:\/\/maarjamagdaleenagild.ee\/pood\/wp-json\/wp\/v2\/media?parent=22697"}],"wp:term":[{"taxonomy":"product_brand","embeddable":true,"href":"https:\/\/maarjamagdaleenagild.ee\/pood\/wp-json\/wp\/v2\/product_brand?post=22697"},{"taxonomy":"product_cat","embeddable":true,"href":"https:\/\/maarjamagdaleenagild.ee\/pood\/wp-json\/wp\/v2\/product_cat?post=22697"},{"taxonomy":"product_tag","embeddable":true,"href":"https:\/\/maarjamagdaleenagild.ee\/pood\/wp-json\/wp\/v2\/product_tag?post=22697"}],"curies":[{"name":"wp","href":"https:\/\/api.w.org\/{rel}","templated":true}]}}