{"id":22915,"date":"2025-02-20T14:01:43","date_gmt":"2025-02-20T11:01:43","guid":{"rendered":"https:\/\/maarjamagdaleenagild.ee\/pood\/?post_type=product&#038;p=22915"},"modified":"2025-12-05T22:00:23","modified_gmt":"2025-12-05T19:00:23","slug":"vahapitsati-tootuba","status":"publish","type":"product","link":"https:\/\/maarjamagdaleenagild.ee\/pood\/toode\/vahapitsati-tootuba\/","title":{"rendered":"Vahapitsati t\u00f6\u00f6tuba"},"content":{"rendered":"<p>Sulata v\u00e4rviline vaha, kasuta erinevaid templeid ja loo kauneid vahapitsateid! See on t\u00f5eliselt rahustav ja nauditav tegevus, kus kuum vaha sulab aeglaselt ning templi t\u00f5stmisel j\u00e4\u00e4b kaunis ja detailne pitsat. Sobib h\u00e4sti kutsete, kirjade ja dekoratiivsete detailide tegemiseks. Iga osaleja saab teha mitu pitsatit.<\/p>\n<p>Juhendaja: <a href=\"https:\/\/maarjamagdaleenagild.ee\/glammar\/\">Annely Rohtla<\/a><br \/>\n<a href=\"tel: +37256573944\">+372 56934400<\/a><br \/>\n<a class=\"mailto-link\" href=\"mailto:shop@glammar.ee\" target=\"_blank\" rel=\"noopener\">shop@glammar.ee<\/a>.<\/p>\n","protected":false},"excerpt":{"rendered":"<h2>13\u20ac<\/h2>\n","protected":false},"featured_media":22912,"template":"","meta":{"_monsterinsights_skip_tracking":false,"_monsterinsights_sitenote_active":false,"_monsterinsights_sitenote_note":"","_monsterinsights_sitenote_category":0},"product_brand":[],"product_cat":[799,16],"product_tag":[801,797],"class_list":{"0":"post-22915","1":"product","2":"type-product","3":"status-publish","4":"has-post-thumbnail","6":"product_cat-glammar","7":"product_cat-tootoad","8":"product_tag-annelyrohtla","9":"product_tag-glammar","10":"pa_grupi-suurus-1-20-inimest","11":"pa_hind-10-15-e-osaleja","12":"pa_keel-eesti-keel","13":"pa_keel-inglise-keel","14":"pa_kestvus-1-h","15":"pa_vanus-alates-10","17":"first","18":"instock","19":"shipping-taxable","20":"product-type-simple"},"yoast_head":"<!-- This site is optimized with the Yoast SEO plugin v27.0 - https:\/\/yoast.com\/product\/yoast-seo-wordpress\/ -->\n<title>Vahapitsati t\u00f6\u00f6tuba - Maarja-Magdaleena Gild<\/title>\n<meta name=\"description\" content=\"Sulata v\u00e4rviline vaha, kasuta erinevaid templeid ja loo kauneid vahapitsateid! See on t\u00f5eliselt rahustav ja nauditav tegevus, kus kuum vaha sulab aeglaselt ning templi t\u00f5stmisel j\u00e4\u00e4b kaunis ja detailne pitsat. Sobib h\u00e4sti kutsete, kirjade ja dekoratiivsete detailide tegemiseks. Iga osaleja saab teha mitu pitsatit.\" \/>\n<meta name=\"robots\" content=\"index, follow, max-snippet:-1, max-image-preview:large, max-video-preview:-1\" \/>\n<link rel=\"canonical\" href=\"https:\/\/maarjamagdaleenagild.ee\/pood\/toode\/vahapitsati-tootuba\/\" \/>\n<meta property=\"og:locale\" content=\"et_EE\" \/>\n<meta property=\"og:type\" content=\"article\" \/>\n<meta property=\"og:title\" content=\"Vahapitsati t\u00f6\u00f6tuba - Maarja-Magdaleena Gild\" \/>\n<meta property=\"og:description\" content=\"Sulata v\u00e4rviline vaha, kasuta erinevaid templeid ja loo kauneid vahapitsateid! See on t\u00f5eliselt rahustav ja nauditav tegevus, kus kuum vaha sulab aeglaselt ning templi t\u00f5stmisel j\u00e4\u00e4b kaunis ja detailne pitsat. Sobib h\u00e4sti kutsete, kirjade ja dekoratiivsete detailide tegemiseks. Iga osaleja saab teha mitu pitsatit.\" \/>\n<meta property=\"og:url\" content=\"https:\/\/maarjamagdaleenagild.ee\/pood\/toode\/vahapitsati-tootuba\/\" \/>\n<meta property=\"og:site_name\" content=\"Maarja-Magdaleena Gild\" \/>\n<meta property=\"article:publisher\" content=\"https:\/\/www.facebook.com\/MaarjaMagdaleenaGild\" \/>\n<meta property=\"article:modified_time\" content=\"2025-12-05T19:00:23+00:00\" \/>\n<meta property=\"og:image\" content=\"https:\/\/maarjamagdaleenagild.ee\/pood\/wp-content\/uploads\/2025\/02\/Glammar-vahapitsat-tootuba.jpg\" \/>\n\t<meta property=\"og:image:width\" content=\"2048\" \/>\n\t<meta property=\"og:image:height\" content=\"1485\" \/>\n\t<meta property=\"og:image:type\" content=\"image\/jpeg\" \/>\n<meta name=\"twitter:card\" content=\"summary_large_image\" \/>\n<meta name=\"twitter:label1\" content=\"Est. reading time\" \/>\n\t<meta name=\"twitter:data1\" content=\"1 minut\" \/>\n<script type=\"application\/ld+json\" class=\"yoast-schema-graph\">{\"@context\":\"https:\/\/schema.org\",\"@graph\":[{\"@type\":\"WebPage\",\"@id\":\"https:\/\/maarjamagdaleenagild.ee\/pood\/toode\/vahapitsati-tootuba\/\",\"url\":\"https:\/\/maarjamagdaleenagild.ee\/pood\/toode\/vahapitsati-tootuba\/\",\"name\":\"Vahapitsati t\u00f6\u00f6tuba - Maarja-Magdaleena Gild\",\"isPartOf\":{\"@id\":\"https:\/\/maarjamagdaleenagild.ee\/pood\/#website\"},\"primaryImageOfPage\":{\"@id\":\"https:\/\/maarjamagdaleenagild.ee\/pood\/toode\/vahapitsati-tootuba\/#primaryimage\"},\"image\":{\"@id\":\"https:\/\/maarjamagdaleenagild.ee\/pood\/toode\/vahapitsati-tootuba\/#primaryimage\"},\"thumbnailUrl\":\"https:\/\/maarjamagdaleenagild.ee\/pood\/wp-content\/uploads\/2025\/02\/Glammar-vahapitsat-tootuba.jpg\",\"datePublished\":\"2025-02-20T11:01:43+00:00\",\"dateModified\":\"2025-12-05T19:00:23+00:00\",\"description\":\"Sulata v\u00e4rviline vaha, kasuta erinevaid templeid ja loo kauneid vahapitsateid! See on t\u00f5eliselt rahustav ja nauditav tegevus, kus kuum vaha sulab aeglaselt ning templi t\u00f5stmisel j\u00e4\u00e4b kaunis ja detailne pitsat. Sobib h\u00e4sti kutsete, kirjade ja dekoratiivsete detailide tegemiseks. Iga osaleja saab teha mitu pitsatit.\",\"breadcrumb\":{\"@id\":\"https:\/\/maarjamagdaleenagild.ee\/pood\/toode\/vahapitsati-tootuba\/#breadcrumb\"},\"inLanguage\":\"et\",\"potentialAction\":[{\"@type\":\"ReadAction\",\"target\":[\"https:\/\/maarjamagdaleenagild.ee\/pood\/toode\/vahapitsati-tootuba\/\"]}]},{\"@type\":\"ImageObject\",\"inLanguage\":\"et\",\"@id\":\"https:\/\/maarjamagdaleenagild.ee\/pood\/toode\/vahapitsati-tootuba\/#primaryimage\",\"url\":\"https:\/\/maarjamagdaleenagild.ee\/pood\/wp-content\/uploads\/2025\/02\/Glammar-vahapitsat-tootuba.jpg\",\"contentUrl\":\"https:\/\/maarjamagdaleenagild.ee\/pood\/wp-content\/uploads\/2025\/02\/Glammar-vahapitsat-tootuba.jpg\",\"width\":2048,\"height\":1485},{\"@type\":\"BreadcrumbList\",\"@id\":\"https:\/\/maarjamagdaleenagild.ee\/pood\/toode\/vahapitsati-tootuba\/#breadcrumb\",\"itemListElement\":[{\"@type\":\"ListItem\",\"position\":1,\"name\":\"Home\",\"item\":\"https:\/\/maarjamagdaleenagild.ee\/pood\/\"},{\"@type\":\"ListItem\",\"position\":2,\"name\":\"Pood\",\"item\":\"https:\/\/maarjamagdaleenagild.ee\/pood\/pood\/\"},{\"@type\":\"ListItem\",\"position\":3,\"name\":\"Vahapitsati t\u00f6\u00f6tuba\"}]},{\"@type\":\"WebSite\",\"@id\":\"https:\/\/maarjamagdaleenagild.ee\/pood\/#website\",\"url\":\"https:\/\/maarjamagdaleenagild.ee\/pood\/\",\"name\":\"Maarja-Magdaleena Gild\",\"description\":\"E-pood\",\"publisher\":{\"@id\":\"https:\/\/maarjamagdaleenagild.ee\/pood\/#organization\"},\"potentialAction\":[{\"@type\":\"SearchAction\",\"target\":{\"@type\":\"EntryPoint\",\"urlTemplate\":\"https:\/\/maarjamagdaleenagild.ee\/pood\/?s={search_term_string}\"},\"query-input\":{\"@type\":\"PropertyValueSpecification\",\"valueRequired\":true,\"valueName\":\"search_term_string\"}}],\"inLanguage\":\"et\"},{\"@type\":\"Organization\",\"@id\":\"https:\/\/maarjamagdaleenagild.ee\/pood\/#organization\",\"name\":\"MT\u00dc Maarja-Magdaleena Gild\",\"url\":\"https:\/\/maarjamagdaleenagild.ee\/pood\/\",\"logo\":{\"@type\":\"ImageObject\",\"inLanguage\":\"et\",\"@id\":\"https:\/\/maarjamagdaleenagild.ee\/pood\/#\/schema\/logo\/image\/\",\"url\":\"https:\/\/maarjamagdaleenagild.ee\/pood\/wp-content\/uploads\/2020\/10\/MMGild_VAIKE.jpg\",\"contentUrl\":\"https:\/\/maarjamagdaleenagild.ee\/pood\/wp-content\/uploads\/2020\/10\/MMGild_VAIKE.jpg\",\"width\":121,\"height\":160,\"caption\":\"MT\u00dc Maarja-Magdaleena Gild\"},\"image\":{\"@id\":\"https:\/\/maarjamagdaleenagild.ee\/pood\/#\/schema\/logo\/image\/\"},\"sameAs\":[\"https:\/\/www.facebook.com\/MaarjaMagdaleenaGild\",\"https:\/\/www.instagram.com\/maarjamagdaleenagild\/\",\"https:\/\/youtube.com\/channel\/UC58lYlWK76vAqsDJ_gunuow\"]}]}<\/script>\n<!-- \/ Yoast SEO plugin. -->","yoast_head_json":{"title":"Vahapitsati t\u00f6\u00f6tuba - Maarja-Magdaleena Gild","description":"Sulata v\u00e4rviline vaha, kasuta erinevaid templeid ja loo kauneid vahapitsateid! See on t\u00f5eliselt rahustav ja nauditav tegevus, kus kuum vaha sulab aeglaselt ning templi t\u00f5stmisel j\u00e4\u00e4b kaunis ja detailne pitsat. Sobib h\u00e4sti kutsete, kirjade ja dekoratiivsete detailide tegemiseks. Iga osaleja saab teha mitu pitsatit.","robots":{"index":"index","follow":"follow","max-snippet":"max-snippet:-1","max-image-preview":"max-image-preview:large","max-video-preview":"max-video-preview:-1"},"canonical":"https:\/\/maarjamagdaleenagild.ee\/pood\/toode\/vahapitsati-tootuba\/","og_locale":"et_EE","og_type":"article","og_title":"Vahapitsati t\u00f6\u00f6tuba - Maarja-Magdaleena Gild","og_description":"Sulata v\u00e4rviline vaha, kasuta erinevaid templeid ja loo kauneid vahapitsateid! See on t\u00f5eliselt rahustav ja nauditav tegevus, kus kuum vaha sulab aeglaselt ning templi t\u00f5stmisel j\u00e4\u00e4b kaunis ja detailne pitsat. Sobib h\u00e4sti kutsete, kirjade ja dekoratiivsete detailide tegemiseks. Iga osaleja saab teha mitu pitsatit.","og_url":"https:\/\/maarjamagdaleenagild.ee\/pood\/toode\/vahapitsati-tootuba\/","og_site_name":"Maarja-Magdaleena Gild","article_publisher":"https:\/\/www.facebook.com\/MaarjaMagdaleenaGild","article_modified_time":"2025-12-05T19:00:23+00:00","og_image":[{"width":2048,"height":1485,"url":"https:\/\/maarjamagdaleenagild.ee\/pood\/wp-content\/uploads\/2025\/02\/Glammar-vahapitsat-tootuba.jpg","type":"image\/jpeg"}],"twitter_card":"summary_large_image","twitter_misc":{"Est. reading time":"1 minut"},"schema":{"@context":"https:\/\/schema.org","@graph":[{"@type":"WebPage","@id":"https:\/\/maarjamagdaleenagild.ee\/pood\/toode\/vahapitsati-tootuba\/","url":"https:\/\/maarjamagdaleenagild.ee\/pood\/toode\/vahapitsati-tootuba\/","name":"Vahapitsati t\u00f6\u00f6tuba - Maarja-Magdaleena Gild","isPartOf":{"@id":"https:\/\/maarjamagdaleenagild.ee\/pood\/#website"},"primaryImageOfPage":{"@id":"https:\/\/maarjamagdaleenagild.ee\/pood\/toode\/vahapitsati-tootuba\/#primaryimage"},"image":{"@id":"https:\/\/maarjamagdaleenagild.ee\/pood\/toode\/vahapitsati-tootuba\/#primaryimage"},"thumbnailUrl":"https:\/\/maarjamagdaleenagild.ee\/pood\/wp-content\/uploads\/2025\/02\/Glammar-vahapitsat-tootuba.jpg","datePublished":"2025-02-20T11:01:43+00:00","dateModified":"2025-12-05T19:00:23+00:00","description":"Sulata v\u00e4rviline vaha, kasuta erinevaid templeid ja loo kauneid vahapitsateid! See on t\u00f5eliselt rahustav ja nauditav tegevus, kus kuum vaha sulab aeglaselt ning templi t\u00f5stmisel j\u00e4\u00e4b kaunis ja detailne pitsat. Sobib h\u00e4sti kutsete, kirjade ja dekoratiivsete detailide tegemiseks. Iga osaleja saab teha mitu pitsatit.","breadcrumb":{"@id":"https:\/\/maarjamagdaleenagild.ee\/pood\/toode\/vahapitsati-tootuba\/#breadcrumb"},"inLanguage":"et","potentialAction":[{"@type":"ReadAction","target":["https:\/\/maarjamagdaleenagild.ee\/pood\/toode\/vahapitsati-tootuba\/"]}]},{"@type":"ImageObject","inLanguage":"et","@id":"https:\/\/maarjamagdaleenagild.ee\/pood\/toode\/vahapitsati-tootuba\/#primaryimage","url":"https:\/\/maarjamagdaleenagild.ee\/pood\/wp-content\/uploads\/2025\/02\/Glammar-vahapitsat-tootuba.jpg","contentUrl":"https:\/\/maarjamagdaleenagild.ee\/pood\/wp-content\/uploads\/2025\/02\/Glammar-vahapitsat-tootuba.jpg","width":2048,"height":1485},{"@type":"BreadcrumbList","@id":"https:\/\/maarjamagdaleenagild.ee\/pood\/toode\/vahapitsati-tootuba\/#breadcrumb","itemListElement":[{"@type":"ListItem","position":1,"name":"Home","item":"https:\/\/maarjamagdaleenagild.ee\/pood\/"},{"@type":"ListItem","position":2,"name":"Pood","item":"https:\/\/maarjamagdaleenagild.ee\/pood\/pood\/"},{"@type":"ListItem","position":3,"name":"Vahapitsati t\u00f6\u00f6tuba"}]},{"@type":"WebSite","@id":"https:\/\/maarjamagdaleenagild.ee\/pood\/#website","url":"https:\/\/maarjamagdaleenagild.ee\/pood\/","name":"Maarja-Magdaleena Gild","description":"E-pood","publisher":{"@id":"https:\/\/maarjamagdaleenagild.ee\/pood\/#organization"},"potentialAction":[{"@type":"SearchAction","target":{"@type":"EntryPoint","urlTemplate":"https:\/\/maarjamagdaleenagild.ee\/pood\/?s={search_term_string}"},"query-input":{"@type":"PropertyValueSpecification","valueRequired":true,"valueName":"search_term_string"}}],"inLanguage":"et"},{"@type":"Organization","@id":"https:\/\/maarjamagdaleenagild.ee\/pood\/#organization","name":"MT\u00dc Maarja-Magdaleena Gild","url":"https:\/\/maarjamagdaleenagild.ee\/pood\/","logo":{"@type":"ImageObject","inLanguage":"et","@id":"https:\/\/maarjamagdaleenagild.ee\/pood\/#\/schema\/logo\/image\/","url":"https:\/\/maarjamagdaleenagild.ee\/pood\/wp-content\/uploads\/2020\/10\/MMGild_VAIKE.jpg","contentUrl":"https:\/\/maarjamagdaleenagild.ee\/pood\/wp-content\/uploads\/2020\/10\/MMGild_VAIKE.jpg","width":121,"height":160,"caption":"MT\u00dc Maarja-Magdaleena Gild"},"image":{"@id":"https:\/\/maarjamagdaleenagild.ee\/pood\/#\/schema\/logo\/image\/"},"sameAs":["https:\/\/www.facebook.com\/MaarjaMagdaleenaGild","https:\/\/www.instagram.com\/maarjamagdaleenagild\/","https:\/\/youtube.com\/channel\/UC58lYlWK76vAqsDJ_gunuow"]}]}},"_links":{"self":[{"href":"https:\/\/maarjamagdaleenagild.ee\/pood\/wp-json\/wp\/v2\/product\/22915","targetHints":{"allow":["GET"]}}],"collection":[{"href":"https:\/\/maarjamagdaleenagild.ee\/pood\/wp-json\/wp\/v2\/product"}],"about":[{"href":"https:\/\/maarjamagdaleenagild.ee\/pood\/wp-json\/wp\/v2\/types\/product"}],"wp:featuredmedia":[{"embeddable":true,"href":"https:\/\/maarjamagdaleenagild.ee\/pood\/wp-json\/wp\/v2\/media\/22912"}],"wp:attachment":[{"href":"https:\/\/maarjamagdaleenagild.ee\/pood\/wp-json\/wp\/v2\/media?parent=22915"}],"wp:term":[{"taxonomy":"product_brand","embeddable":true,"href":"https:\/\/maarjamagdaleenagild.ee\/pood\/wp-json\/wp\/v2\/product_brand?post=22915"},{"taxonomy":"product_cat","embeddable":true,"href":"https:\/\/maarjamagdaleenagild.ee\/pood\/wp-json\/wp\/v2\/product_cat?post=22915"},{"taxonomy":"product_tag","embeddable":true,"href":"https:\/\/maarjamagdaleenagild.ee\/pood\/wp-json\/wp\/v2\/product_tag?post=22915"}],"curies":[{"name":"wp","href":"https:\/\/api.w.org\/{rel}","templated":true}]}}