{"id":22918,"date":"2025-02-25T16:10:45","date_gmt":"2025-02-25T13:10:45","guid":{"rendered":"https:\/\/maarjamagdaleenagild.ee\/pood\/?post_type=product&#038;p=22918"},"modified":"2025-12-05T22:00:39","modified_gmt":"2025-12-05T19:00:39","slug":"isekovenevastsavist-riputatavad-pildikesed","status":"publish","type":"product","link":"https:\/\/maarjamagdaleenagild.ee\/pood\/toode\/isekovenevastsavist-riputatavad-pildikesed\/","title":{"rendered":"Isek\u00f5venevast savist riputatavad pildikesed"},"content":{"rendered":"<p>Savilillestuudio pakub lastele erinevaid t\u00f6\u00f6tube. 5. eluaastast saab teha isek\u00f5venevast savist toredaid riputatavaid pildikesi \u2013 laps \u00f5pib savi l\u00f5ikama, \u201eliimima\u201d, loob ise disaini ning v\u00e4rvib glasuuriv\u00e4rvidega. T\u00f6\u00f6 saab kohe koju kaasa.<\/p>\n<p>\u00dcks pildike 7 eurot 1 tund, kaks ja rohkem 10-15 eurot 1,5 tundi<\/p>\n<p>Juhendaja: <a href=\"https:\/\/maarjamagdaleenagild.ee\/kojad\/savilille-stuudio\/\">Silja Joon<\/a><\/p>\n<p><a href=\"tel:+372 55615559\">+37255615559<\/a><br \/>\n<a href=\"mailto:savililleke@gmail.com\">savililleke@gmail.com<\/a><\/p>\n","protected":false},"excerpt":{"rendered":"<h2>7\u20ac<\/h2>\n","protected":false},"featured_media":22925,"template":"","meta":{"_monsterinsights_skip_tracking":false,"_monsterinsights_sitenote_active":false,"_monsterinsights_sitenote_note":"","_monsterinsights_sitenote_category":0},"product_brand":[],"product_cat":[802,803,16],"product_tag":[343,804,805],"class_list":{"0":"post-22918","1":"product","2":"type-product","3":"status-publish","4":"has-post-thumbnail","6":"product_cat-savilille-stuudio","7":"product_cat-silja-joon","8":"product_cat-tootoad","9":"product_tag-keraamika","10":"product_tag-savilillestuudio","11":"product_tag-siljajoon","12":"pa_grupi-suurus-1-10-inimest","13":"pa_hind-7-e-osaleja","14":"pa_keel-eesti-keel","15":"pa_keel-inglise-keel","16":"pa_keel-vene-keel","17":"pa_kestvus-1-h","18":"pa_vanus-alates-5","20":"first","21":"instock","22":"shipping-taxable","23":"product-type-simple"},"yoast_head":"<!-- This site is optimized with the Yoast SEO plugin v27.0 - https:\/\/yoast.com\/product\/yoast-seo-wordpress\/ -->\n<title>Isek\u00f5venevast savist riputatavad pildikesed - Maarja-Magdaleena Gild<\/title>\n<meta name=\"description\" content=\"Isek\u00f5venevast savist riputatavad pildikesed- laps \u00f5pib savi l\u00f5ikama, \u201eliimima\u201d, loob ise disaini ning v\u00e4rvib glasuuriv\u00e4rvidega.\" \/>\n<meta name=\"robots\" content=\"index, follow, max-snippet:-1, max-image-preview:large, max-video-preview:-1\" \/>\n<link rel=\"canonical\" href=\"https:\/\/maarjamagdaleenagild.ee\/pood\/toode\/isekovenevastsavist-riputatavad-pildikesed\/\" \/>\n<meta property=\"og:locale\" content=\"et_EE\" \/>\n<meta property=\"og:type\" content=\"article\" \/>\n<meta property=\"og:title\" content=\"Isek\u00f5venevast savist riputatavad pildikesed - Maarja-Magdaleena Gild\" \/>\n<meta property=\"og:description\" content=\"Isek\u00f5venevast savist riputatavad pildikesed- laps \u00f5pib savi l\u00f5ikama, \u201eliimima\u201d, loob ise disaini ning v\u00e4rvib glasuuriv\u00e4rvidega.\" \/>\n<meta property=\"og:url\" content=\"https:\/\/maarjamagdaleenagild.ee\/pood\/toode\/isekovenevastsavist-riputatavad-pildikesed\/\" \/>\n<meta property=\"og:site_name\" content=\"Maarja-Magdaleena Gild\" \/>\n<meta property=\"article:publisher\" content=\"https:\/\/www.facebook.com\/MaarjaMagdaleenaGild\" \/>\n<meta property=\"article:modified_time\" content=\"2025-12-05T19:00:39+00:00\" \/>\n<meta property=\"og:image\" content=\"https:\/\/maarjamagdaleenagild.ee\/pood\/wp-content\/uploads\/2025\/02\/cc3a05a1-5037-4b8d-84fe-535dbf40473d.jpg\" \/>\n\t<meta property=\"og:image:width\" content=\"1536\" \/>\n\t<meta property=\"og:image:height\" content=\"2048\" \/>\n\t<meta property=\"og:image:type\" content=\"image\/jpeg\" \/>\n<meta name=\"twitter:card\" content=\"summary_large_image\" \/>\n<meta name=\"twitter:label1\" content=\"Est. reading time\" \/>\n\t<meta name=\"twitter:data1\" content=\"1 minut\" \/>\n<script type=\"application\/ld+json\" class=\"yoast-schema-graph\">{\"@context\":\"https:\/\/schema.org\",\"@graph\":[{\"@type\":\"WebPage\",\"@id\":\"https:\/\/maarjamagdaleenagild.ee\/pood\/toode\/isekovenevastsavist-riputatavad-pildikesed\/\",\"url\":\"https:\/\/maarjamagdaleenagild.ee\/pood\/toode\/isekovenevastsavist-riputatavad-pildikesed\/\",\"name\":\"Isek\u00f5venevast savist riputatavad pildikesed - Maarja-Magdaleena Gild\",\"isPartOf\":{\"@id\":\"https:\/\/maarjamagdaleenagild.ee\/pood\/#website\"},\"primaryImageOfPage\":{\"@id\":\"https:\/\/maarjamagdaleenagild.ee\/pood\/toode\/isekovenevastsavist-riputatavad-pildikesed\/#primaryimage\"},\"image\":{\"@id\":\"https:\/\/maarjamagdaleenagild.ee\/pood\/toode\/isekovenevastsavist-riputatavad-pildikesed\/#primaryimage\"},\"thumbnailUrl\":\"https:\/\/maarjamagdaleenagild.ee\/pood\/wp-content\/uploads\/2025\/02\/cc3a05a1-5037-4b8d-84fe-535dbf40473d.jpg\",\"datePublished\":\"2025-02-25T13:10:45+00:00\",\"dateModified\":\"2025-12-05T19:00:39+00:00\",\"description\":\"Isek\u00f5venevast savist riputatavad pildikesed- laps \u00f5pib savi l\u00f5ikama, \u201eliimima\u201d, loob ise disaini ning v\u00e4rvib glasuuriv\u00e4rvidega.\",\"breadcrumb\":{\"@id\":\"https:\/\/maarjamagdaleenagild.ee\/pood\/toode\/isekovenevastsavist-riputatavad-pildikesed\/#breadcrumb\"},\"inLanguage\":\"et\",\"potentialAction\":[{\"@type\":\"ReadAction\",\"target\":[\"https:\/\/maarjamagdaleenagild.ee\/pood\/toode\/isekovenevastsavist-riputatavad-pildikesed\/\"]}]},{\"@type\":\"ImageObject\",\"inLanguage\":\"et\",\"@id\":\"https:\/\/maarjamagdaleenagild.ee\/pood\/toode\/isekovenevastsavist-riputatavad-pildikesed\/#primaryimage\",\"url\":\"https:\/\/maarjamagdaleenagild.ee\/pood\/wp-content\/uploads\/2025\/02\/cc3a05a1-5037-4b8d-84fe-535dbf40473d.jpg\",\"contentUrl\":\"https:\/\/maarjamagdaleenagild.ee\/pood\/wp-content\/uploads\/2025\/02\/cc3a05a1-5037-4b8d-84fe-535dbf40473d.jpg\",\"width\":1536,\"height\":2048},{\"@type\":\"BreadcrumbList\",\"@id\":\"https:\/\/maarjamagdaleenagild.ee\/pood\/toode\/isekovenevastsavist-riputatavad-pildikesed\/#breadcrumb\",\"itemListElement\":[{\"@type\":\"ListItem\",\"position\":1,\"name\":\"Home\",\"item\":\"https:\/\/maarjamagdaleenagild.ee\/pood\/\"},{\"@type\":\"ListItem\",\"position\":2,\"name\":\"Pood\",\"item\":\"https:\/\/maarjamagdaleenagild.ee\/pood\/pood\/\"},{\"@type\":\"ListItem\",\"position\":3,\"name\":\"Isek\u00f5venevast savist riputatavad pildikesed\"}]},{\"@type\":\"WebSite\",\"@id\":\"https:\/\/maarjamagdaleenagild.ee\/pood\/#website\",\"url\":\"https:\/\/maarjamagdaleenagild.ee\/pood\/\",\"name\":\"Maarja-Magdaleena Gild\",\"description\":\"E-pood\",\"publisher\":{\"@id\":\"https:\/\/maarjamagdaleenagild.ee\/pood\/#organization\"},\"potentialAction\":[{\"@type\":\"SearchAction\",\"target\":{\"@type\":\"EntryPoint\",\"urlTemplate\":\"https:\/\/maarjamagdaleenagild.ee\/pood\/?s={search_term_string}\"},\"query-input\":{\"@type\":\"PropertyValueSpecification\",\"valueRequired\":true,\"valueName\":\"search_term_string\"}}],\"inLanguage\":\"et\"},{\"@type\":\"Organization\",\"@id\":\"https:\/\/maarjamagdaleenagild.ee\/pood\/#organization\",\"name\":\"MT\u00dc Maarja-Magdaleena Gild\",\"url\":\"https:\/\/maarjamagdaleenagild.ee\/pood\/\",\"logo\":{\"@type\":\"ImageObject\",\"inLanguage\":\"et\",\"@id\":\"https:\/\/maarjamagdaleenagild.ee\/pood\/#\/schema\/logo\/image\/\",\"url\":\"https:\/\/maarjamagdaleenagild.ee\/pood\/wp-content\/uploads\/2020\/10\/MMGild_VAIKE.jpg\",\"contentUrl\":\"https:\/\/maarjamagdaleenagild.ee\/pood\/wp-content\/uploads\/2020\/10\/MMGild_VAIKE.jpg\",\"width\":121,\"height\":160,\"caption\":\"MT\u00dc Maarja-Magdaleena Gild\"},\"image\":{\"@id\":\"https:\/\/maarjamagdaleenagild.ee\/pood\/#\/schema\/logo\/image\/\"},\"sameAs\":[\"https:\/\/www.facebook.com\/MaarjaMagdaleenaGild\",\"https:\/\/www.instagram.com\/maarjamagdaleenagild\/\",\"https:\/\/youtube.com\/channel\/UC58lYlWK76vAqsDJ_gunuow\"]}]}<\/script>\n<!-- \/ Yoast SEO plugin. -->","yoast_head_json":{"title":"Isek\u00f5venevast savist riputatavad pildikesed - Maarja-Magdaleena Gild","description":"Isek\u00f5venevast savist riputatavad pildikesed- laps \u00f5pib savi l\u00f5ikama, \u201eliimima\u201d, loob ise disaini ning v\u00e4rvib glasuuriv\u00e4rvidega.","robots":{"index":"index","follow":"follow","max-snippet":"max-snippet:-1","max-image-preview":"max-image-preview:large","max-video-preview":"max-video-preview:-1"},"canonical":"https:\/\/maarjamagdaleenagild.ee\/pood\/toode\/isekovenevastsavist-riputatavad-pildikesed\/","og_locale":"et_EE","og_type":"article","og_title":"Isek\u00f5venevast savist riputatavad pildikesed - Maarja-Magdaleena Gild","og_description":"Isek\u00f5venevast savist riputatavad pildikesed- laps \u00f5pib savi l\u00f5ikama, \u201eliimima\u201d, loob ise disaini ning v\u00e4rvib glasuuriv\u00e4rvidega.","og_url":"https:\/\/maarjamagdaleenagild.ee\/pood\/toode\/isekovenevastsavist-riputatavad-pildikesed\/","og_site_name":"Maarja-Magdaleena Gild","article_publisher":"https:\/\/www.facebook.com\/MaarjaMagdaleenaGild","article_modified_time":"2025-12-05T19:00:39+00:00","og_image":[{"width":1536,"height":2048,"url":"https:\/\/maarjamagdaleenagild.ee\/pood\/wp-content\/uploads\/2025\/02\/cc3a05a1-5037-4b8d-84fe-535dbf40473d.jpg","type":"image\/jpeg"}],"twitter_card":"summary_large_image","twitter_misc":{"Est. reading time":"1 minut"},"schema":{"@context":"https:\/\/schema.org","@graph":[{"@type":"WebPage","@id":"https:\/\/maarjamagdaleenagild.ee\/pood\/toode\/isekovenevastsavist-riputatavad-pildikesed\/","url":"https:\/\/maarjamagdaleenagild.ee\/pood\/toode\/isekovenevastsavist-riputatavad-pildikesed\/","name":"Isek\u00f5venevast savist riputatavad pildikesed - Maarja-Magdaleena Gild","isPartOf":{"@id":"https:\/\/maarjamagdaleenagild.ee\/pood\/#website"},"primaryImageOfPage":{"@id":"https:\/\/maarjamagdaleenagild.ee\/pood\/toode\/isekovenevastsavist-riputatavad-pildikesed\/#primaryimage"},"image":{"@id":"https:\/\/maarjamagdaleenagild.ee\/pood\/toode\/isekovenevastsavist-riputatavad-pildikesed\/#primaryimage"},"thumbnailUrl":"https:\/\/maarjamagdaleenagild.ee\/pood\/wp-content\/uploads\/2025\/02\/cc3a05a1-5037-4b8d-84fe-535dbf40473d.jpg","datePublished":"2025-02-25T13:10:45+00:00","dateModified":"2025-12-05T19:00:39+00:00","description":"Isek\u00f5venevast savist riputatavad pildikesed- laps \u00f5pib savi l\u00f5ikama, \u201eliimima\u201d, loob ise disaini ning v\u00e4rvib glasuuriv\u00e4rvidega.","breadcrumb":{"@id":"https:\/\/maarjamagdaleenagild.ee\/pood\/toode\/isekovenevastsavist-riputatavad-pildikesed\/#breadcrumb"},"inLanguage":"et","potentialAction":[{"@type":"ReadAction","target":["https:\/\/maarjamagdaleenagild.ee\/pood\/toode\/isekovenevastsavist-riputatavad-pildikesed\/"]}]},{"@type":"ImageObject","inLanguage":"et","@id":"https:\/\/maarjamagdaleenagild.ee\/pood\/toode\/isekovenevastsavist-riputatavad-pildikesed\/#primaryimage","url":"https:\/\/maarjamagdaleenagild.ee\/pood\/wp-content\/uploads\/2025\/02\/cc3a05a1-5037-4b8d-84fe-535dbf40473d.jpg","contentUrl":"https:\/\/maarjamagdaleenagild.ee\/pood\/wp-content\/uploads\/2025\/02\/cc3a05a1-5037-4b8d-84fe-535dbf40473d.jpg","width":1536,"height":2048},{"@type":"BreadcrumbList","@id":"https:\/\/maarjamagdaleenagild.ee\/pood\/toode\/isekovenevastsavist-riputatavad-pildikesed\/#breadcrumb","itemListElement":[{"@type":"ListItem","position":1,"name":"Home","item":"https:\/\/maarjamagdaleenagild.ee\/pood\/"},{"@type":"ListItem","position":2,"name":"Pood","item":"https:\/\/maarjamagdaleenagild.ee\/pood\/pood\/"},{"@type":"ListItem","position":3,"name":"Isek\u00f5venevast savist riputatavad pildikesed"}]},{"@type":"WebSite","@id":"https:\/\/maarjamagdaleenagild.ee\/pood\/#website","url":"https:\/\/maarjamagdaleenagild.ee\/pood\/","name":"Maarja-Magdaleena Gild","description":"E-pood","publisher":{"@id":"https:\/\/maarjamagdaleenagild.ee\/pood\/#organization"},"potentialAction":[{"@type":"SearchAction","target":{"@type":"EntryPoint","urlTemplate":"https:\/\/maarjamagdaleenagild.ee\/pood\/?s={search_term_string}"},"query-input":{"@type":"PropertyValueSpecification","valueRequired":true,"valueName":"search_term_string"}}],"inLanguage":"et"},{"@type":"Organization","@id":"https:\/\/maarjamagdaleenagild.ee\/pood\/#organization","name":"MT\u00dc Maarja-Magdaleena Gild","url":"https:\/\/maarjamagdaleenagild.ee\/pood\/","logo":{"@type":"ImageObject","inLanguage":"et","@id":"https:\/\/maarjamagdaleenagild.ee\/pood\/#\/schema\/logo\/image\/","url":"https:\/\/maarjamagdaleenagild.ee\/pood\/wp-content\/uploads\/2020\/10\/MMGild_VAIKE.jpg","contentUrl":"https:\/\/maarjamagdaleenagild.ee\/pood\/wp-content\/uploads\/2020\/10\/MMGild_VAIKE.jpg","width":121,"height":160,"caption":"MT\u00dc Maarja-Magdaleena Gild"},"image":{"@id":"https:\/\/maarjamagdaleenagild.ee\/pood\/#\/schema\/logo\/image\/"},"sameAs":["https:\/\/www.facebook.com\/MaarjaMagdaleenaGild","https:\/\/www.instagram.com\/maarjamagdaleenagild\/","https:\/\/youtube.com\/channel\/UC58lYlWK76vAqsDJ_gunuow"]}]}},"_links":{"self":[{"href":"https:\/\/maarjamagdaleenagild.ee\/pood\/wp-json\/wp\/v2\/product\/22918","targetHints":{"allow":["GET"]}}],"collection":[{"href":"https:\/\/maarjamagdaleenagild.ee\/pood\/wp-json\/wp\/v2\/product"}],"about":[{"href":"https:\/\/maarjamagdaleenagild.ee\/pood\/wp-json\/wp\/v2\/types\/product"}],"wp:featuredmedia":[{"embeddable":true,"href":"https:\/\/maarjamagdaleenagild.ee\/pood\/wp-json\/wp\/v2\/media\/22925"}],"wp:attachment":[{"href":"https:\/\/maarjamagdaleenagild.ee\/pood\/wp-json\/wp\/v2\/media?parent=22918"}],"wp:term":[{"taxonomy":"product_brand","embeddable":true,"href":"https:\/\/maarjamagdaleenagild.ee\/pood\/wp-json\/wp\/v2\/product_brand?post=22918"},{"taxonomy":"product_cat","embeddable":true,"href":"https:\/\/maarjamagdaleenagild.ee\/pood\/wp-json\/wp\/v2\/product_cat?post=22918"},{"taxonomy":"product_tag","embeddable":true,"href":"https:\/\/maarjamagdaleenagild.ee\/pood\/wp-json\/wp\/v2\/product_tag?post=22918"}],"curies":[{"name":"wp","href":"https:\/\/api.w.org\/{rel}","templated":true}]}}