{"id":23089,"date":"2026-01-07T14:44:09","date_gmt":"2026-01-07T11:44:09","guid":{"rendered":"https:\/\/maarjamagdaleenagild.ee\/pood\/?post_type=product&#038;p=23089"},"modified":"2026-03-03T13:52:35","modified_gmt":"2026-03-03T10:52:35","slug":"kipsivaigu-ja-betooni-valamise-tootuba","status":"publish","type":"product","link":"https:\/\/maarjamagdaleenagild.ee\/pood\/toode\/kipsivaigu-ja-betooni-valamise-tootuba\/","title":{"rendered":"Kipsivaigu &#038; betooni valamise t\u00f6\u00f6tuba"},"content":{"rendered":"<div data-canvas-width=\"579.28\">T\u00f6\u00f6toas t\u00f6\u00f6tame kahe erineva materjaliga. Kipsivaigust valatud esemed saavad osalejad kohe kaasa, betoonist esemed j\u00e4\u00e4vad kivistuma. Nendele saab j\u00e4rgi tulla kolme p\u00e4eva p\u00e4rast.<\/div>\n<div data-canvas-width=\"564.5920000000001\">T\u00f6\u00f6toas valmivad vaigukipsist ja betoonist dekoratiivsed alused. Nii kips kui betoon on materjalid mis on h\u00f5lpsalt valatavad silikoonvormidesse kus nad kivistuvad. T\u00f6\u00f6tuba on j\u00f5ukohane k\u00f5ikidele alates 6. eluaastast.<\/div>\n<p>Juhendaja: <a href=\"https:\/\/maarjamagdaleenagild.ee\/loometootoad\/\">Daisi Lorents<\/a><br \/>\n<strong><a href=\"tel:+372 5697 4833\">+372 5697 4833<\/a><\/strong><br \/>\n<a href=\"mailto:loometoad@gmail.com\">loometoad@gmail.com<\/a><\/p>\n","protected":false},"excerpt":{"rendered":"<h2>24-36\u20ac osaleja, hind s\u00f5ltub valatavate esemete arvust.<\/h2>\n","protected":false},"featured_media":23080,"template":"","meta":{"_monsterinsights_skip_tracking":false,"_monsterinsights_sitenote_active":false,"_monsterinsights_sitenote_note":"","_monsterinsights_sitenote_category":0},"product_brand":[],"product_cat":[844,16],"product_tag":[845,846],"class_list":{"0":"post-23089","1":"product","2":"type-product","3":"status-publish","4":"has-post-thumbnail","6":"product_cat-loometootoad","7":"product_cat-tootoad","8":"product_tag-daisi-lorents","9":"product_tag-loometootoad","10":"pa_grupi-suurus-alates-8","11":"pa_hind-oleneb-toode-arvust","12":"pa_keel-eesti-keel","13":"pa_keel-vene-keel","14":"pa_kestvus-15-2-tundi","16":"first","17":"instock","18":"shipping-taxable","19":"product-type-simple"},"yoast_head":"<!-- This site is optimized with the Yoast SEO plugin v27.0 - https:\/\/yoast.com\/product\/yoast-seo-wordpress\/ -->\n<title>Kipsivaigu &amp; betooni valamise t\u00f6\u00f6tuba - Maarja-Magdaleena Gild<\/title>\n<meta name=\"robots\" content=\"index, follow, max-snippet:-1, max-image-preview:large, max-video-preview:-1\" \/>\n<link rel=\"canonical\" href=\"https:\/\/maarjamagdaleenagild.ee\/pood\/toode\/kipsivaigu-ja-betooni-valamise-tootuba\/\" \/>\n<meta property=\"og:locale\" content=\"et_EE\" \/>\n<meta property=\"og:type\" content=\"article\" \/>\n<meta property=\"og:title\" content=\"Kipsivaigu &amp; betooni valamise t\u00f6\u00f6tuba - Maarja-Magdaleena Gild\" \/>\n<meta property=\"og:description\" content=\"24-36\u20ac osaleja, hind s\u00f5ltub valatavate esemete arvust.\" \/>\n<meta property=\"og:url\" content=\"https:\/\/maarjamagdaleenagild.ee\/pood\/toode\/kipsivaigu-ja-betooni-valamise-tootuba\/\" \/>\n<meta property=\"og:site_name\" content=\"Maarja-Magdaleena Gild\" \/>\n<meta property=\"article:publisher\" content=\"https:\/\/www.facebook.com\/MaarjaMagdaleenaGild\" \/>\n<meta property=\"article:modified_time\" content=\"2026-03-03T10:52:35+00:00\" \/>\n<meta property=\"og:image\" content=\"https:\/\/maarjamagdaleenagild.ee\/pood\/wp-content\/uploads\/2026\/01\/Kips.jpg\" \/>\n\t<meta property=\"og:image:width\" content=\"955\" \/>\n\t<meta property=\"og:image:height\" content=\"955\" \/>\n\t<meta property=\"og:image:type\" content=\"image\/jpeg\" \/>\n<meta name=\"twitter:card\" content=\"summary_large_image\" \/>\n<meta name=\"twitter:label1\" content=\"Est. reading time\" \/>\n\t<meta name=\"twitter:data1\" content=\"1 minut\" \/>\n<script type=\"application\/ld+json\" class=\"yoast-schema-graph\">{\"@context\":\"https:\/\/schema.org\",\"@graph\":[{\"@type\":\"WebPage\",\"@id\":\"https:\/\/maarjamagdaleenagild.ee\/pood\/toode\/kipsivaigu-ja-betooni-valamise-tootuba\/\",\"url\":\"https:\/\/maarjamagdaleenagild.ee\/pood\/toode\/kipsivaigu-ja-betooni-valamise-tootuba\/\",\"name\":\"Kipsivaigu & betooni valamise t\u00f6\u00f6tuba - Maarja-Magdaleena Gild\",\"isPartOf\":{\"@id\":\"https:\/\/maarjamagdaleenagild.ee\/pood\/#website\"},\"primaryImageOfPage\":{\"@id\":\"https:\/\/maarjamagdaleenagild.ee\/pood\/toode\/kipsivaigu-ja-betooni-valamise-tootuba\/#primaryimage\"},\"image\":{\"@id\":\"https:\/\/maarjamagdaleenagild.ee\/pood\/toode\/kipsivaigu-ja-betooni-valamise-tootuba\/#primaryimage\"},\"thumbnailUrl\":\"https:\/\/maarjamagdaleenagild.ee\/pood\/wp-content\/uploads\/2026\/01\/Kips.jpg\",\"datePublished\":\"2026-01-07T11:44:09+00:00\",\"dateModified\":\"2026-03-03T10:52:35+00:00\",\"breadcrumb\":{\"@id\":\"https:\/\/maarjamagdaleenagild.ee\/pood\/toode\/kipsivaigu-ja-betooni-valamise-tootuba\/#breadcrumb\"},\"inLanguage\":\"et\",\"potentialAction\":[{\"@type\":\"ReadAction\",\"target\":[\"https:\/\/maarjamagdaleenagild.ee\/pood\/toode\/kipsivaigu-ja-betooni-valamise-tootuba\/\"]}]},{\"@type\":\"ImageObject\",\"inLanguage\":\"et\",\"@id\":\"https:\/\/maarjamagdaleenagild.ee\/pood\/toode\/kipsivaigu-ja-betooni-valamise-tootuba\/#primaryimage\",\"url\":\"https:\/\/maarjamagdaleenagild.ee\/pood\/wp-content\/uploads\/2026\/01\/Kips.jpg\",\"contentUrl\":\"https:\/\/maarjamagdaleenagild.ee\/pood\/wp-content\/uploads\/2026\/01\/Kips.jpg\",\"width\":955,\"height\":955},{\"@type\":\"BreadcrumbList\",\"@id\":\"https:\/\/maarjamagdaleenagild.ee\/pood\/toode\/kipsivaigu-ja-betooni-valamise-tootuba\/#breadcrumb\",\"itemListElement\":[{\"@type\":\"ListItem\",\"position\":1,\"name\":\"Home\",\"item\":\"https:\/\/maarjamagdaleenagild.ee\/pood\/\"},{\"@type\":\"ListItem\",\"position\":2,\"name\":\"Pood\",\"item\":\"https:\/\/maarjamagdaleenagild.ee\/pood\/pood\/\"},{\"@type\":\"ListItem\",\"position\":3,\"name\":\"Kipsivaigu &#038; betooni valamise t\u00f6\u00f6tuba\"}]},{\"@type\":\"WebSite\",\"@id\":\"https:\/\/maarjamagdaleenagild.ee\/pood\/#website\",\"url\":\"https:\/\/maarjamagdaleenagild.ee\/pood\/\",\"name\":\"Maarja-Magdaleena Gild\",\"description\":\"E-pood\",\"publisher\":{\"@id\":\"https:\/\/maarjamagdaleenagild.ee\/pood\/#organization\"},\"potentialAction\":[{\"@type\":\"SearchAction\",\"target\":{\"@type\":\"EntryPoint\",\"urlTemplate\":\"https:\/\/maarjamagdaleenagild.ee\/pood\/?s={search_term_string}\"},\"query-input\":{\"@type\":\"PropertyValueSpecification\",\"valueRequired\":true,\"valueName\":\"search_term_string\"}}],\"inLanguage\":\"et\"},{\"@type\":\"Organization\",\"@id\":\"https:\/\/maarjamagdaleenagild.ee\/pood\/#organization\",\"name\":\"MT\u00dc Maarja-Magdaleena Gild\",\"url\":\"https:\/\/maarjamagdaleenagild.ee\/pood\/\",\"logo\":{\"@type\":\"ImageObject\",\"inLanguage\":\"et\",\"@id\":\"https:\/\/maarjamagdaleenagild.ee\/pood\/#\/schema\/logo\/image\/\",\"url\":\"https:\/\/maarjamagdaleenagild.ee\/pood\/wp-content\/uploads\/2020\/10\/MMGild_VAIKE.jpg\",\"contentUrl\":\"https:\/\/maarjamagdaleenagild.ee\/pood\/wp-content\/uploads\/2020\/10\/MMGild_VAIKE.jpg\",\"width\":121,\"height\":160,\"caption\":\"MT\u00dc Maarja-Magdaleena Gild\"},\"image\":{\"@id\":\"https:\/\/maarjamagdaleenagild.ee\/pood\/#\/schema\/logo\/image\/\"},\"sameAs\":[\"https:\/\/www.facebook.com\/MaarjaMagdaleenaGild\",\"https:\/\/www.instagram.com\/maarjamagdaleenagild\/\",\"https:\/\/youtube.com\/channel\/UC58lYlWK76vAqsDJ_gunuow\"]}]}<\/script>\n<!-- \/ Yoast SEO plugin. -->","yoast_head_json":{"title":"Kipsivaigu & betooni valamise t\u00f6\u00f6tuba - Maarja-Magdaleena Gild","robots":{"index":"index","follow":"follow","max-snippet":"max-snippet:-1","max-image-preview":"max-image-preview:large","max-video-preview":"max-video-preview:-1"},"canonical":"https:\/\/maarjamagdaleenagild.ee\/pood\/toode\/kipsivaigu-ja-betooni-valamise-tootuba\/","og_locale":"et_EE","og_type":"article","og_title":"Kipsivaigu & betooni valamise t\u00f6\u00f6tuba - Maarja-Magdaleena Gild","og_description":"24-36\u20ac osaleja, hind s\u00f5ltub valatavate esemete arvust.","og_url":"https:\/\/maarjamagdaleenagild.ee\/pood\/toode\/kipsivaigu-ja-betooni-valamise-tootuba\/","og_site_name":"Maarja-Magdaleena Gild","article_publisher":"https:\/\/www.facebook.com\/MaarjaMagdaleenaGild","article_modified_time":"2026-03-03T10:52:35+00:00","og_image":[{"width":955,"height":955,"url":"https:\/\/maarjamagdaleenagild.ee\/pood\/wp-content\/uploads\/2026\/01\/Kips.jpg","type":"image\/jpeg"}],"twitter_card":"summary_large_image","twitter_misc":{"Est. reading time":"1 minut"},"schema":{"@context":"https:\/\/schema.org","@graph":[{"@type":"WebPage","@id":"https:\/\/maarjamagdaleenagild.ee\/pood\/toode\/kipsivaigu-ja-betooni-valamise-tootuba\/","url":"https:\/\/maarjamagdaleenagild.ee\/pood\/toode\/kipsivaigu-ja-betooni-valamise-tootuba\/","name":"Kipsivaigu & betooni valamise t\u00f6\u00f6tuba - Maarja-Magdaleena Gild","isPartOf":{"@id":"https:\/\/maarjamagdaleenagild.ee\/pood\/#website"},"primaryImageOfPage":{"@id":"https:\/\/maarjamagdaleenagild.ee\/pood\/toode\/kipsivaigu-ja-betooni-valamise-tootuba\/#primaryimage"},"image":{"@id":"https:\/\/maarjamagdaleenagild.ee\/pood\/toode\/kipsivaigu-ja-betooni-valamise-tootuba\/#primaryimage"},"thumbnailUrl":"https:\/\/maarjamagdaleenagild.ee\/pood\/wp-content\/uploads\/2026\/01\/Kips.jpg","datePublished":"2026-01-07T11:44:09+00:00","dateModified":"2026-03-03T10:52:35+00:00","breadcrumb":{"@id":"https:\/\/maarjamagdaleenagild.ee\/pood\/toode\/kipsivaigu-ja-betooni-valamise-tootuba\/#breadcrumb"},"inLanguage":"et","potentialAction":[{"@type":"ReadAction","target":["https:\/\/maarjamagdaleenagild.ee\/pood\/toode\/kipsivaigu-ja-betooni-valamise-tootuba\/"]}]},{"@type":"ImageObject","inLanguage":"et","@id":"https:\/\/maarjamagdaleenagild.ee\/pood\/toode\/kipsivaigu-ja-betooni-valamise-tootuba\/#primaryimage","url":"https:\/\/maarjamagdaleenagild.ee\/pood\/wp-content\/uploads\/2026\/01\/Kips.jpg","contentUrl":"https:\/\/maarjamagdaleenagild.ee\/pood\/wp-content\/uploads\/2026\/01\/Kips.jpg","width":955,"height":955},{"@type":"BreadcrumbList","@id":"https:\/\/maarjamagdaleenagild.ee\/pood\/toode\/kipsivaigu-ja-betooni-valamise-tootuba\/#breadcrumb","itemListElement":[{"@type":"ListItem","position":1,"name":"Home","item":"https:\/\/maarjamagdaleenagild.ee\/pood\/"},{"@type":"ListItem","position":2,"name":"Pood","item":"https:\/\/maarjamagdaleenagild.ee\/pood\/pood\/"},{"@type":"ListItem","position":3,"name":"Kipsivaigu &#038; betooni valamise t\u00f6\u00f6tuba"}]},{"@type":"WebSite","@id":"https:\/\/maarjamagdaleenagild.ee\/pood\/#website","url":"https:\/\/maarjamagdaleenagild.ee\/pood\/","name":"Maarja-Magdaleena Gild","description":"E-pood","publisher":{"@id":"https:\/\/maarjamagdaleenagild.ee\/pood\/#organization"},"potentialAction":[{"@type":"SearchAction","target":{"@type":"EntryPoint","urlTemplate":"https:\/\/maarjamagdaleenagild.ee\/pood\/?s={search_term_string}"},"query-input":{"@type":"PropertyValueSpecification","valueRequired":true,"valueName":"search_term_string"}}],"inLanguage":"et"},{"@type":"Organization","@id":"https:\/\/maarjamagdaleenagild.ee\/pood\/#organization","name":"MT\u00dc Maarja-Magdaleena Gild","url":"https:\/\/maarjamagdaleenagild.ee\/pood\/","logo":{"@type":"ImageObject","inLanguage":"et","@id":"https:\/\/maarjamagdaleenagild.ee\/pood\/#\/schema\/logo\/image\/","url":"https:\/\/maarjamagdaleenagild.ee\/pood\/wp-content\/uploads\/2020\/10\/MMGild_VAIKE.jpg","contentUrl":"https:\/\/maarjamagdaleenagild.ee\/pood\/wp-content\/uploads\/2020\/10\/MMGild_VAIKE.jpg","width":121,"height":160,"caption":"MT\u00dc Maarja-Magdaleena Gild"},"image":{"@id":"https:\/\/maarjamagdaleenagild.ee\/pood\/#\/schema\/logo\/image\/"},"sameAs":["https:\/\/www.facebook.com\/MaarjaMagdaleenaGild","https:\/\/www.instagram.com\/maarjamagdaleenagild\/","https:\/\/youtube.com\/channel\/UC58lYlWK76vAqsDJ_gunuow"]}]}},"_links":{"self":[{"href":"https:\/\/maarjamagdaleenagild.ee\/pood\/wp-json\/wp\/v2\/product\/23089","targetHints":{"allow":["GET"]}}],"collection":[{"href":"https:\/\/maarjamagdaleenagild.ee\/pood\/wp-json\/wp\/v2\/product"}],"about":[{"href":"https:\/\/maarjamagdaleenagild.ee\/pood\/wp-json\/wp\/v2\/types\/product"}],"wp:featuredmedia":[{"embeddable":true,"href":"https:\/\/maarjamagdaleenagild.ee\/pood\/wp-json\/wp\/v2\/media\/23080"}],"wp:attachment":[{"href":"https:\/\/maarjamagdaleenagild.ee\/pood\/wp-json\/wp\/v2\/media?parent=23089"}],"wp:term":[{"taxonomy":"product_brand","embeddable":true,"href":"https:\/\/maarjamagdaleenagild.ee\/pood\/wp-json\/wp\/v2\/product_brand?post=23089"},{"taxonomy":"product_cat","embeddable":true,"href":"https:\/\/maarjamagdaleenagild.ee\/pood\/wp-json\/wp\/v2\/product_cat?post=23089"},{"taxonomy":"product_tag","embeddable":true,"href":"https:\/\/maarjamagdaleenagild.ee\/pood\/wp-json\/wp\/v2\/product_tag?post=23089"}],"curies":[{"name":"wp","href":"https:\/\/api.w.org\/{rel}","templated":true}]}}