{"id":23092,"date":"2026-01-07T15:02:26","date_gmt":"2026-01-07T12:02:26","guid":{"rendered":"https:\/\/maarjamagdaleenagild.ee\/pood\/?post_type=product&#038;p=23092"},"modified":"2026-03-03T13:51:49","modified_gmt":"2026-03-03T10:51:49","slug":"mikroklaas-sulatus-ja-puidust-karbi-disainimine","status":"publish","type":"product","link":"https:\/\/maarjamagdaleenagild.ee\/pood\/toode\/mikroklaas-sulatus-ja-puidust-karbi-disainimine\/","title":{"rendered":"MikroKlaas sulatus &#038; puidust karbi disainimine"},"content":{"rendered":"<div data-canvas-width=\"564.5920000000001\">\n<div data-canvas-width=\"582.2560000000001\">Daisi Lorentsi MikroKlaas ehete valmistamine HotPot klaasisulatusmeetodil on unikaalne. Klaasikuumutus toimub majapidamises kasutatavas mikrolaineahju asetatavas keraamilisest kiust konteinerahjus mille kambri sisek\u00fclg neelab mikrolainekiirgust. Konteinerahi v\u00f5imaldab klaasi soojenemist temperatuurini 900C. Klaasikillud sulavad kokku 7-9 minutiga s\u00f5ltuvalt mikrolaineahju v\u00f5imsusest.<\/div>\n<div data-canvas-width=\"600.48\">Ajal kui klaas jahtub, alustatakse puidust kinkekarpide disainimisega kuhu MikroKlaas ehted pakitakse. Jahtunud klaasist valmistatakse juhendamisel ehted. Valminud ehted koos enda poolt disainitud karbiga saab kohe kaasa. T\u00f6\u00f6tuba sobib pigem t\u00e4iskasvanutele v\u00f5i lastele koos t\u00e4iskasvanuga.<\/div>\n<\/div>\n<p>Juhendaja: <a href=\"https:\/\/maarjamagdaleenagild.ee\/loometootoad\/\">Daisi Lorents<\/a><br \/>\n<strong><a href=\"tel:+372 5697 4833\">+372 5697 4833<\/a><\/strong><br \/>\n<a href=\"mailto:loometoad@gmail.com\">loometoad@gmail.com<\/a><\/p>\n","protected":false},"excerpt":{"rendered":"<h2>alates 30\u20ac osaleja<\/h2>\n","protected":false},"featured_media":23074,"template":"","meta":{"_monsterinsights_skip_tracking":false,"_monsterinsights_sitenote_active":false,"_monsterinsights_sitenote_note":"","_monsterinsights_sitenote_category":0},"product_brand":[],"product_cat":[844,16],"product_tag":[845,846],"class_list":{"0":"post-23092","1":"product","2":"type-product","3":"status-publish","4":"has-post-thumbnail","6":"product_cat-loometootoad","7":"product_cat-tootoad","8":"product_tag-daisi-lorents","9":"product_tag-loometootoad","10":"pa_grupi-suurus-2-8","11":"pa_hind-alates-30e","12":"pa_keel-eesti-keel","13":"pa_keel-vene-keel","14":"pa_kestvus-2-3-h","16":"first","17":"instock","18":"shipping-taxable","19":"product-type-simple"},"yoast_head":"<!-- This site is optimized with the Yoast SEO plugin v27.0 - https:\/\/yoast.com\/product\/yoast-seo-wordpress\/ -->\n<title>MikroKlaas sulatus &amp; puidust karbi disainimine - Maarja-Magdaleena Gild<\/title>\n<meta name=\"robots\" content=\"index, follow, max-snippet:-1, max-image-preview:large, max-video-preview:-1\" \/>\n<link rel=\"canonical\" href=\"https:\/\/maarjamagdaleenagild.ee\/pood\/toode\/mikroklaas-sulatus-ja-puidust-karbi-disainimine\/\" \/>\n<meta property=\"og:locale\" content=\"et_EE\" \/>\n<meta property=\"og:type\" content=\"article\" \/>\n<meta property=\"og:title\" content=\"MikroKlaas sulatus &amp; puidust karbi disainimine - Maarja-Magdaleena Gild\" \/>\n<meta property=\"og:description\" content=\"alates 30\u20ac osaleja\" \/>\n<meta property=\"og:url\" content=\"https:\/\/maarjamagdaleenagild.ee\/pood\/toode\/mikroklaas-sulatus-ja-puidust-karbi-disainimine\/\" \/>\n<meta property=\"og:site_name\" content=\"Maarja-Magdaleena Gild\" \/>\n<meta property=\"article:publisher\" content=\"https:\/\/www.facebook.com\/MaarjaMagdaleenaGild\" \/>\n<meta property=\"article:modified_time\" content=\"2026-03-03T10:51:49+00:00\" \/>\n<meta property=\"og:image\" content=\"https:\/\/maarjamagdaleenagild.ee\/pood\/wp-content\/uploads\/2026\/01\/mikroklaas.jpg\" \/>\n\t<meta property=\"og:image:width\" content=\"1273\" \/>\n\t<meta property=\"og:image:height\" content=\"955\" \/>\n\t<meta property=\"og:image:type\" content=\"image\/jpeg\" \/>\n<meta name=\"twitter:card\" content=\"summary_large_image\" \/>\n<meta name=\"twitter:label1\" content=\"Est. reading time\" \/>\n\t<meta name=\"twitter:data1\" content=\"1 minut\" \/>\n<script type=\"application\/ld+json\" class=\"yoast-schema-graph\">{\"@context\":\"https:\/\/schema.org\",\"@graph\":[{\"@type\":\"WebPage\",\"@id\":\"https:\/\/maarjamagdaleenagild.ee\/pood\/toode\/mikroklaas-sulatus-ja-puidust-karbi-disainimine\/\",\"url\":\"https:\/\/maarjamagdaleenagild.ee\/pood\/toode\/mikroklaas-sulatus-ja-puidust-karbi-disainimine\/\",\"name\":\"MikroKlaas sulatus & puidust karbi disainimine - Maarja-Magdaleena Gild\",\"isPartOf\":{\"@id\":\"https:\/\/maarjamagdaleenagild.ee\/pood\/#website\"},\"primaryImageOfPage\":{\"@id\":\"https:\/\/maarjamagdaleenagild.ee\/pood\/toode\/mikroklaas-sulatus-ja-puidust-karbi-disainimine\/#primaryimage\"},\"image\":{\"@id\":\"https:\/\/maarjamagdaleenagild.ee\/pood\/toode\/mikroklaas-sulatus-ja-puidust-karbi-disainimine\/#primaryimage\"},\"thumbnailUrl\":\"https:\/\/maarjamagdaleenagild.ee\/pood\/wp-content\/uploads\/2026\/01\/mikroklaas.jpg\",\"datePublished\":\"2026-01-07T12:02:26+00:00\",\"dateModified\":\"2026-03-03T10:51:49+00:00\",\"breadcrumb\":{\"@id\":\"https:\/\/maarjamagdaleenagild.ee\/pood\/toode\/mikroklaas-sulatus-ja-puidust-karbi-disainimine\/#breadcrumb\"},\"inLanguage\":\"et\",\"potentialAction\":[{\"@type\":\"ReadAction\",\"target\":[\"https:\/\/maarjamagdaleenagild.ee\/pood\/toode\/mikroklaas-sulatus-ja-puidust-karbi-disainimine\/\"]}]},{\"@type\":\"ImageObject\",\"inLanguage\":\"et\",\"@id\":\"https:\/\/maarjamagdaleenagild.ee\/pood\/toode\/mikroklaas-sulatus-ja-puidust-karbi-disainimine\/#primaryimage\",\"url\":\"https:\/\/maarjamagdaleenagild.ee\/pood\/wp-content\/uploads\/2026\/01\/mikroklaas.jpg\",\"contentUrl\":\"https:\/\/maarjamagdaleenagild.ee\/pood\/wp-content\/uploads\/2026\/01\/mikroklaas.jpg\",\"width\":1273,\"height\":955},{\"@type\":\"BreadcrumbList\",\"@id\":\"https:\/\/maarjamagdaleenagild.ee\/pood\/toode\/mikroklaas-sulatus-ja-puidust-karbi-disainimine\/#breadcrumb\",\"itemListElement\":[{\"@type\":\"ListItem\",\"position\":1,\"name\":\"Home\",\"item\":\"https:\/\/maarjamagdaleenagild.ee\/pood\/\"},{\"@type\":\"ListItem\",\"position\":2,\"name\":\"Pood\",\"item\":\"https:\/\/maarjamagdaleenagild.ee\/pood\/pood\/\"},{\"@type\":\"ListItem\",\"position\":3,\"name\":\"MikroKlaas sulatus &#038; puidust karbi disainimine\"}]},{\"@type\":\"WebSite\",\"@id\":\"https:\/\/maarjamagdaleenagild.ee\/pood\/#website\",\"url\":\"https:\/\/maarjamagdaleenagild.ee\/pood\/\",\"name\":\"Maarja-Magdaleena Gild\",\"description\":\"E-pood\",\"publisher\":{\"@id\":\"https:\/\/maarjamagdaleenagild.ee\/pood\/#organization\"},\"potentialAction\":[{\"@type\":\"SearchAction\",\"target\":{\"@type\":\"EntryPoint\",\"urlTemplate\":\"https:\/\/maarjamagdaleenagild.ee\/pood\/?s={search_term_string}\"},\"query-input\":{\"@type\":\"PropertyValueSpecification\",\"valueRequired\":true,\"valueName\":\"search_term_string\"}}],\"inLanguage\":\"et\"},{\"@type\":\"Organization\",\"@id\":\"https:\/\/maarjamagdaleenagild.ee\/pood\/#organization\",\"name\":\"MT\u00dc Maarja-Magdaleena Gild\",\"url\":\"https:\/\/maarjamagdaleenagild.ee\/pood\/\",\"logo\":{\"@type\":\"ImageObject\",\"inLanguage\":\"et\",\"@id\":\"https:\/\/maarjamagdaleenagild.ee\/pood\/#\/schema\/logo\/image\/\",\"url\":\"https:\/\/maarjamagdaleenagild.ee\/pood\/wp-content\/uploads\/2020\/10\/MMGild_VAIKE.jpg\",\"contentUrl\":\"https:\/\/maarjamagdaleenagild.ee\/pood\/wp-content\/uploads\/2020\/10\/MMGild_VAIKE.jpg\",\"width\":121,\"height\":160,\"caption\":\"MT\u00dc Maarja-Magdaleena Gild\"},\"image\":{\"@id\":\"https:\/\/maarjamagdaleenagild.ee\/pood\/#\/schema\/logo\/image\/\"},\"sameAs\":[\"https:\/\/www.facebook.com\/MaarjaMagdaleenaGild\",\"https:\/\/www.instagram.com\/maarjamagdaleenagild\/\",\"https:\/\/youtube.com\/channel\/UC58lYlWK76vAqsDJ_gunuow\"]}]}<\/script>\n<!-- \/ Yoast SEO plugin. -->","yoast_head_json":{"title":"MikroKlaas sulatus & puidust karbi disainimine - Maarja-Magdaleena Gild","robots":{"index":"index","follow":"follow","max-snippet":"max-snippet:-1","max-image-preview":"max-image-preview:large","max-video-preview":"max-video-preview:-1"},"canonical":"https:\/\/maarjamagdaleenagild.ee\/pood\/toode\/mikroklaas-sulatus-ja-puidust-karbi-disainimine\/","og_locale":"et_EE","og_type":"article","og_title":"MikroKlaas sulatus & puidust karbi disainimine - Maarja-Magdaleena Gild","og_description":"alates 30\u20ac osaleja","og_url":"https:\/\/maarjamagdaleenagild.ee\/pood\/toode\/mikroklaas-sulatus-ja-puidust-karbi-disainimine\/","og_site_name":"Maarja-Magdaleena Gild","article_publisher":"https:\/\/www.facebook.com\/MaarjaMagdaleenaGild","article_modified_time":"2026-03-03T10:51:49+00:00","og_image":[{"width":1273,"height":955,"url":"https:\/\/maarjamagdaleenagild.ee\/pood\/wp-content\/uploads\/2026\/01\/mikroklaas.jpg","type":"image\/jpeg"}],"twitter_card":"summary_large_image","twitter_misc":{"Est. reading time":"1 minut"},"schema":{"@context":"https:\/\/schema.org","@graph":[{"@type":"WebPage","@id":"https:\/\/maarjamagdaleenagild.ee\/pood\/toode\/mikroklaas-sulatus-ja-puidust-karbi-disainimine\/","url":"https:\/\/maarjamagdaleenagild.ee\/pood\/toode\/mikroklaas-sulatus-ja-puidust-karbi-disainimine\/","name":"MikroKlaas sulatus & puidust karbi disainimine - Maarja-Magdaleena Gild","isPartOf":{"@id":"https:\/\/maarjamagdaleenagild.ee\/pood\/#website"},"primaryImageOfPage":{"@id":"https:\/\/maarjamagdaleenagild.ee\/pood\/toode\/mikroklaas-sulatus-ja-puidust-karbi-disainimine\/#primaryimage"},"image":{"@id":"https:\/\/maarjamagdaleenagild.ee\/pood\/toode\/mikroklaas-sulatus-ja-puidust-karbi-disainimine\/#primaryimage"},"thumbnailUrl":"https:\/\/maarjamagdaleenagild.ee\/pood\/wp-content\/uploads\/2026\/01\/mikroklaas.jpg","datePublished":"2026-01-07T12:02:26+00:00","dateModified":"2026-03-03T10:51:49+00:00","breadcrumb":{"@id":"https:\/\/maarjamagdaleenagild.ee\/pood\/toode\/mikroklaas-sulatus-ja-puidust-karbi-disainimine\/#breadcrumb"},"inLanguage":"et","potentialAction":[{"@type":"ReadAction","target":["https:\/\/maarjamagdaleenagild.ee\/pood\/toode\/mikroklaas-sulatus-ja-puidust-karbi-disainimine\/"]}]},{"@type":"ImageObject","inLanguage":"et","@id":"https:\/\/maarjamagdaleenagild.ee\/pood\/toode\/mikroklaas-sulatus-ja-puidust-karbi-disainimine\/#primaryimage","url":"https:\/\/maarjamagdaleenagild.ee\/pood\/wp-content\/uploads\/2026\/01\/mikroklaas.jpg","contentUrl":"https:\/\/maarjamagdaleenagild.ee\/pood\/wp-content\/uploads\/2026\/01\/mikroklaas.jpg","width":1273,"height":955},{"@type":"BreadcrumbList","@id":"https:\/\/maarjamagdaleenagild.ee\/pood\/toode\/mikroklaas-sulatus-ja-puidust-karbi-disainimine\/#breadcrumb","itemListElement":[{"@type":"ListItem","position":1,"name":"Home","item":"https:\/\/maarjamagdaleenagild.ee\/pood\/"},{"@type":"ListItem","position":2,"name":"Pood","item":"https:\/\/maarjamagdaleenagild.ee\/pood\/pood\/"},{"@type":"ListItem","position":3,"name":"MikroKlaas sulatus &#038; puidust karbi disainimine"}]},{"@type":"WebSite","@id":"https:\/\/maarjamagdaleenagild.ee\/pood\/#website","url":"https:\/\/maarjamagdaleenagild.ee\/pood\/","name":"Maarja-Magdaleena Gild","description":"E-pood","publisher":{"@id":"https:\/\/maarjamagdaleenagild.ee\/pood\/#organization"},"potentialAction":[{"@type":"SearchAction","target":{"@type":"EntryPoint","urlTemplate":"https:\/\/maarjamagdaleenagild.ee\/pood\/?s={search_term_string}"},"query-input":{"@type":"PropertyValueSpecification","valueRequired":true,"valueName":"search_term_string"}}],"inLanguage":"et"},{"@type":"Organization","@id":"https:\/\/maarjamagdaleenagild.ee\/pood\/#organization","name":"MT\u00dc Maarja-Magdaleena Gild","url":"https:\/\/maarjamagdaleenagild.ee\/pood\/","logo":{"@type":"ImageObject","inLanguage":"et","@id":"https:\/\/maarjamagdaleenagild.ee\/pood\/#\/schema\/logo\/image\/","url":"https:\/\/maarjamagdaleenagild.ee\/pood\/wp-content\/uploads\/2020\/10\/MMGild_VAIKE.jpg","contentUrl":"https:\/\/maarjamagdaleenagild.ee\/pood\/wp-content\/uploads\/2020\/10\/MMGild_VAIKE.jpg","width":121,"height":160,"caption":"MT\u00dc Maarja-Magdaleena Gild"},"image":{"@id":"https:\/\/maarjamagdaleenagild.ee\/pood\/#\/schema\/logo\/image\/"},"sameAs":["https:\/\/www.facebook.com\/MaarjaMagdaleenaGild","https:\/\/www.instagram.com\/maarjamagdaleenagild\/","https:\/\/youtube.com\/channel\/UC58lYlWK76vAqsDJ_gunuow"]}]}},"_links":{"self":[{"href":"https:\/\/maarjamagdaleenagild.ee\/pood\/wp-json\/wp\/v2\/product\/23092","targetHints":{"allow":["GET"]}}],"collection":[{"href":"https:\/\/maarjamagdaleenagild.ee\/pood\/wp-json\/wp\/v2\/product"}],"about":[{"href":"https:\/\/maarjamagdaleenagild.ee\/pood\/wp-json\/wp\/v2\/types\/product"}],"wp:featuredmedia":[{"embeddable":true,"href":"https:\/\/maarjamagdaleenagild.ee\/pood\/wp-json\/wp\/v2\/media\/23074"}],"wp:attachment":[{"href":"https:\/\/maarjamagdaleenagild.ee\/pood\/wp-json\/wp\/v2\/media?parent=23092"}],"wp:term":[{"taxonomy":"product_brand","embeddable":true,"href":"https:\/\/maarjamagdaleenagild.ee\/pood\/wp-json\/wp\/v2\/product_brand?post=23092"},{"taxonomy":"product_cat","embeddable":true,"href":"https:\/\/maarjamagdaleenagild.ee\/pood\/wp-json\/wp\/v2\/product_cat?post=23092"},{"taxonomy":"product_tag","embeddable":true,"href":"https:\/\/maarjamagdaleenagild.ee\/pood\/wp-json\/wp\/v2\/product_tag?post=23092"}],"curies":[{"name":"wp","href":"https:\/\/api.w.org\/{rel}","templated":true}]}}