{"id":23094,"date":"2026-01-07T15:12:22","date_gmt":"2026-01-07T12:12:22","guid":{"rendered":"https:\/\/maarjamagdaleenagild.ee\/pood\/?post_type=product&#038;p=23094"},"modified":"2026-03-03T13:49:39","modified_gmt":"2026-03-03T10:49:39","slug":"joulukuulide-dekoreerimise-tootuba","status":"publish","type":"product","link":"https:\/\/maarjamagdaleenagild.ee\/pood\/toode\/joulukuulide-dekoreerimise-tootuba\/","title":{"rendered":"J\u00f5ulukuulide dekoreerimise t\u00f6\u00f6tuba"},"content":{"rendered":"<div data-canvas-width=\"564.5920000000001\">\n<div data-canvas-width=\"600.48\">\n<div data-canvas-width=\"338.0480000000002\">\n<div data-canvas-width=\"570.3040000000001\">Iga osaleja saab endale valmistada 2-4 j\u00f5ulukuulist koosneva komplekti. Oma olemuselt on t\u00f6\u00f6tuba s\u00e4\u00e4stev ja kestlikku m\u00f5tteviisi kandev. Kohapeal on olemas vormid, v\u00e4rvid ja n\u00e4idised. J\u00f5ulukuulide tuunimine on suurep\u00e4rane viis saada personaalsed ja kordumatud j\u00f5uluehted. T\u00f6\u00f6tuba sobib k\u00f5ikidele alates 6. eluaastast.<\/div>\n<div data-canvas-width=\"570.3040000000001\"><\/div>\n<div data-canvas-width=\"570.3040000000001\">\n<div data-canvas-width=\"581.776\">Koht: Maarja Magdaleena Gildis, Loomet\u00f6\u00f6toad v\u00f5i kliendiga kokkuleppel tema ruumides<\/div>\n<div data-canvas-width=\"176.88\">Aeg: November-Detsember<\/div>\n<\/div>\n<\/div>\n<\/div>\n<\/div>\n<p>Juhendaja: <a href=\"https:\/\/maarjamagdaleenagild.ee\/loometootoad\/\">Daisi Lorents<\/a><br \/>\n<strong><a href=\"tel:+372 5697 4833\">+372 5697 4833<\/a><\/strong><br \/>\n<a href=\"mailto:loometoad@gmail.com\">loometoad@gmail.com<\/a><\/p>\n","protected":false},"excerpt":{"rendered":"<p>Iga osaleja saab endale valmistada 2-4 j\u00f5ulukuulist koosneva komplekti. Oma olemuselt on t\u00f6\u00f6tuba s\u00e4\u00e4stev ja kestlikku m\u00f5tteviisi kandev. Kohapeal on olemas vormid, v\u00e4rvid ja n\u00e4idised. J\u00f5ulukuulide tuunimine on suurep\u00e4rane viis saada personaalsed ja kordumatud j\u00f5uluehted. T\u00f6\u00f6tuba sobib k\u00f5ikidele alates 6. eluaastast. Koht: Maarja Magdaleena Gildis, Loomet\u00f6\u00f6toad v\u00f5i kliendiga kokkuleppel tema ruumides Aeg: November-Detsember Juhendaja: Daisi [&#8230;]\n","protected":false},"featured_media":23086,"template":"","meta":{"_monsterinsights_skip_tracking":false,"_monsterinsights_sitenote_active":false,"_monsterinsights_sitenote_note":"","_monsterinsights_sitenote_category":0},"product_brand":[],"product_cat":[844,16],"product_tag":[845,846],"class_list":{"0":"post-23094","1":"product","2":"type-product","3":"status-publish","4":"has-post-thumbnail","6":"product_cat-loometootoad","7":"product_cat-tootoad","8":"product_tag-daisi-lorents","9":"product_tag-loometootoad","10":"pa_grupi-suurus-alates-8","11":"pa_hind-15-e-osaleja","12":"pa_keel-eesti-keel","13":"pa_keel-vene-keel","14":"pa_kestvus-1-15-tundi","16":"first","17":"instock","18":"shipping-taxable","19":"purchasable","20":"product-type-simple"},"yoast_head":"<!-- This site is optimized with the Yoast SEO plugin v27.0 - https:\/\/yoast.com\/product\/yoast-seo-wordpress\/ -->\n<title>J\u00f5ulukuulide dekoreerimise t\u00f6\u00f6tuba - Maarja-Magdaleena Gild<\/title>\n<meta name=\"robots\" content=\"index, follow, max-snippet:-1, max-image-preview:large, max-video-preview:-1\" \/>\n<link rel=\"canonical\" href=\"https:\/\/maarjamagdaleenagild.ee\/pood\/toode\/joulukuulide-dekoreerimise-tootuba\/\" \/>\n<meta property=\"og:locale\" content=\"et_EE\" \/>\n<meta property=\"og:type\" content=\"article\" \/>\n<meta property=\"og:title\" content=\"J\u00f5ulukuulide dekoreerimise t\u00f6\u00f6tuba - Maarja-Magdaleena Gild\" \/>\n<meta property=\"og:description\" content=\"Iga osaleja saab endale valmistada 2-4 j\u00f5ulukuulist koosneva komplekti. Oma olemuselt on t\u00f6\u00f6tuba s\u00e4\u00e4stev ja kestlikku m\u00f5tteviisi kandev. Kohapeal on olemas vormid, v\u00e4rvid ja n\u00e4idised. J\u00f5ulukuulide tuunimine on suurep\u00e4rane viis saada personaalsed ja kordumatud j\u00f5uluehted. T\u00f6\u00f6tuba sobib k\u00f5ikidele alates 6. eluaastast. Koht: Maarja Magdaleena Gildis, Loomet\u00f6\u00f6toad v\u00f5i kliendiga kokkuleppel tema ruumides Aeg: November-Detsember Juhendaja: Daisi [...]\" \/>\n<meta property=\"og:url\" content=\"https:\/\/maarjamagdaleenagild.ee\/pood\/toode\/joulukuulide-dekoreerimise-tootuba\/\" \/>\n<meta property=\"og:site_name\" content=\"Maarja-Magdaleena Gild\" \/>\n<meta property=\"article:publisher\" content=\"https:\/\/www.facebook.com\/MaarjaMagdaleenaGild\" \/>\n<meta property=\"article:modified_time\" content=\"2026-03-03T10:49:39+00:00\" \/>\n<meta property=\"og:image\" content=\"https:\/\/maarjamagdaleenagild.ee\/pood\/wp-content\/uploads\/2026\/01\/joulukuulide-dekoreerimine.jpg\" \/>\n\t<meta property=\"og:image:width\" content=\"1536\" \/>\n\t<meta property=\"og:image:height\" content=\"2048\" \/>\n\t<meta property=\"og:image:type\" content=\"image\/jpeg\" \/>\n<meta name=\"twitter:card\" content=\"summary_large_image\" \/>\n<meta name=\"twitter:label1\" content=\"Est. reading time\" \/>\n\t<meta name=\"twitter:data1\" content=\"1 minut\" \/>\n<script type=\"application\/ld+json\" class=\"yoast-schema-graph\">{\"@context\":\"https:\/\/schema.org\",\"@graph\":[{\"@type\":\"WebPage\",\"@id\":\"https:\/\/maarjamagdaleenagild.ee\/pood\/toode\/joulukuulide-dekoreerimise-tootuba\/\",\"url\":\"https:\/\/maarjamagdaleenagild.ee\/pood\/toode\/joulukuulide-dekoreerimise-tootuba\/\",\"name\":\"J\u00f5ulukuulide dekoreerimise t\u00f6\u00f6tuba - Maarja-Magdaleena Gild\",\"isPartOf\":{\"@id\":\"https:\/\/maarjamagdaleenagild.ee\/pood\/#website\"},\"primaryImageOfPage\":{\"@id\":\"https:\/\/maarjamagdaleenagild.ee\/pood\/toode\/joulukuulide-dekoreerimise-tootuba\/#primaryimage\"},\"image\":{\"@id\":\"https:\/\/maarjamagdaleenagild.ee\/pood\/toode\/joulukuulide-dekoreerimise-tootuba\/#primaryimage\"},\"thumbnailUrl\":\"https:\/\/maarjamagdaleenagild.ee\/pood\/wp-content\/uploads\/2026\/01\/joulukuulide-dekoreerimine.jpg\",\"datePublished\":\"2026-01-07T12:12:22+00:00\",\"dateModified\":\"2026-03-03T10:49:39+00:00\",\"breadcrumb\":{\"@id\":\"https:\/\/maarjamagdaleenagild.ee\/pood\/toode\/joulukuulide-dekoreerimise-tootuba\/#breadcrumb\"},\"inLanguage\":\"et\",\"potentialAction\":[{\"@type\":\"ReadAction\",\"target\":[\"https:\/\/maarjamagdaleenagild.ee\/pood\/toode\/joulukuulide-dekoreerimise-tootuba\/\"]}]},{\"@type\":\"ImageObject\",\"inLanguage\":\"et\",\"@id\":\"https:\/\/maarjamagdaleenagild.ee\/pood\/toode\/joulukuulide-dekoreerimise-tootuba\/#primaryimage\",\"url\":\"https:\/\/maarjamagdaleenagild.ee\/pood\/wp-content\/uploads\/2026\/01\/joulukuulide-dekoreerimine.jpg\",\"contentUrl\":\"https:\/\/maarjamagdaleenagild.ee\/pood\/wp-content\/uploads\/2026\/01\/joulukuulide-dekoreerimine.jpg\",\"width\":1536,\"height\":2048},{\"@type\":\"BreadcrumbList\",\"@id\":\"https:\/\/maarjamagdaleenagild.ee\/pood\/toode\/joulukuulide-dekoreerimise-tootuba\/#breadcrumb\",\"itemListElement\":[{\"@type\":\"ListItem\",\"position\":1,\"name\":\"Home\",\"item\":\"https:\/\/maarjamagdaleenagild.ee\/pood\/\"},{\"@type\":\"ListItem\",\"position\":2,\"name\":\"Pood\",\"item\":\"https:\/\/maarjamagdaleenagild.ee\/pood\/pood\/\"},{\"@type\":\"ListItem\",\"position\":3,\"name\":\"J\u00f5ulukuulide dekoreerimise t\u00f6\u00f6tuba\"}]},{\"@type\":\"WebSite\",\"@id\":\"https:\/\/maarjamagdaleenagild.ee\/pood\/#website\",\"url\":\"https:\/\/maarjamagdaleenagild.ee\/pood\/\",\"name\":\"Maarja-Magdaleena Gild\",\"description\":\"E-pood\",\"publisher\":{\"@id\":\"https:\/\/maarjamagdaleenagild.ee\/pood\/#organization\"},\"potentialAction\":[{\"@type\":\"SearchAction\",\"target\":{\"@type\":\"EntryPoint\",\"urlTemplate\":\"https:\/\/maarjamagdaleenagild.ee\/pood\/?s={search_term_string}\"},\"query-input\":{\"@type\":\"PropertyValueSpecification\",\"valueRequired\":true,\"valueName\":\"search_term_string\"}}],\"inLanguage\":\"et\"},{\"@type\":\"Organization\",\"@id\":\"https:\/\/maarjamagdaleenagild.ee\/pood\/#organization\",\"name\":\"MT\u00dc Maarja-Magdaleena Gild\",\"url\":\"https:\/\/maarjamagdaleenagild.ee\/pood\/\",\"logo\":{\"@type\":\"ImageObject\",\"inLanguage\":\"et\",\"@id\":\"https:\/\/maarjamagdaleenagild.ee\/pood\/#\/schema\/logo\/image\/\",\"url\":\"https:\/\/maarjamagdaleenagild.ee\/pood\/wp-content\/uploads\/2020\/10\/MMGild_VAIKE.jpg\",\"contentUrl\":\"https:\/\/maarjamagdaleenagild.ee\/pood\/wp-content\/uploads\/2020\/10\/MMGild_VAIKE.jpg\",\"width\":121,\"height\":160,\"caption\":\"MT\u00dc Maarja-Magdaleena Gild\"},\"image\":{\"@id\":\"https:\/\/maarjamagdaleenagild.ee\/pood\/#\/schema\/logo\/image\/\"},\"sameAs\":[\"https:\/\/www.facebook.com\/MaarjaMagdaleenaGild\",\"https:\/\/www.instagram.com\/maarjamagdaleenagild\/\",\"https:\/\/youtube.com\/channel\/UC58lYlWK76vAqsDJ_gunuow\"]}]}<\/script>\n<!-- \/ Yoast SEO plugin. -->","yoast_head_json":{"title":"J\u00f5ulukuulide dekoreerimise t\u00f6\u00f6tuba - Maarja-Magdaleena Gild","robots":{"index":"index","follow":"follow","max-snippet":"max-snippet:-1","max-image-preview":"max-image-preview:large","max-video-preview":"max-video-preview:-1"},"canonical":"https:\/\/maarjamagdaleenagild.ee\/pood\/toode\/joulukuulide-dekoreerimise-tootuba\/","og_locale":"et_EE","og_type":"article","og_title":"J\u00f5ulukuulide dekoreerimise t\u00f6\u00f6tuba - Maarja-Magdaleena Gild","og_description":"Iga osaleja saab endale valmistada 2-4 j\u00f5ulukuulist koosneva komplekti. Oma olemuselt on t\u00f6\u00f6tuba s\u00e4\u00e4stev ja kestlikku m\u00f5tteviisi kandev. Kohapeal on olemas vormid, v\u00e4rvid ja n\u00e4idised. J\u00f5ulukuulide tuunimine on suurep\u00e4rane viis saada personaalsed ja kordumatud j\u00f5uluehted. T\u00f6\u00f6tuba sobib k\u00f5ikidele alates 6. eluaastast. Koht: Maarja Magdaleena Gildis, Loomet\u00f6\u00f6toad v\u00f5i kliendiga kokkuleppel tema ruumides Aeg: November-Detsember Juhendaja: Daisi [...]","og_url":"https:\/\/maarjamagdaleenagild.ee\/pood\/toode\/joulukuulide-dekoreerimise-tootuba\/","og_site_name":"Maarja-Magdaleena Gild","article_publisher":"https:\/\/www.facebook.com\/MaarjaMagdaleenaGild","article_modified_time":"2026-03-03T10:49:39+00:00","og_image":[{"width":1536,"height":2048,"url":"https:\/\/maarjamagdaleenagild.ee\/pood\/wp-content\/uploads\/2026\/01\/joulukuulide-dekoreerimine.jpg","type":"image\/jpeg"}],"twitter_card":"summary_large_image","twitter_misc":{"Est. reading time":"1 minut"},"schema":{"@context":"https:\/\/schema.org","@graph":[{"@type":"WebPage","@id":"https:\/\/maarjamagdaleenagild.ee\/pood\/toode\/joulukuulide-dekoreerimise-tootuba\/","url":"https:\/\/maarjamagdaleenagild.ee\/pood\/toode\/joulukuulide-dekoreerimise-tootuba\/","name":"J\u00f5ulukuulide dekoreerimise t\u00f6\u00f6tuba - Maarja-Magdaleena Gild","isPartOf":{"@id":"https:\/\/maarjamagdaleenagild.ee\/pood\/#website"},"primaryImageOfPage":{"@id":"https:\/\/maarjamagdaleenagild.ee\/pood\/toode\/joulukuulide-dekoreerimise-tootuba\/#primaryimage"},"image":{"@id":"https:\/\/maarjamagdaleenagild.ee\/pood\/toode\/joulukuulide-dekoreerimise-tootuba\/#primaryimage"},"thumbnailUrl":"https:\/\/maarjamagdaleenagild.ee\/pood\/wp-content\/uploads\/2026\/01\/joulukuulide-dekoreerimine.jpg","datePublished":"2026-01-07T12:12:22+00:00","dateModified":"2026-03-03T10:49:39+00:00","breadcrumb":{"@id":"https:\/\/maarjamagdaleenagild.ee\/pood\/toode\/joulukuulide-dekoreerimise-tootuba\/#breadcrumb"},"inLanguage":"et","potentialAction":[{"@type":"ReadAction","target":["https:\/\/maarjamagdaleenagild.ee\/pood\/toode\/joulukuulide-dekoreerimise-tootuba\/"]}]},{"@type":"ImageObject","inLanguage":"et","@id":"https:\/\/maarjamagdaleenagild.ee\/pood\/toode\/joulukuulide-dekoreerimise-tootuba\/#primaryimage","url":"https:\/\/maarjamagdaleenagild.ee\/pood\/wp-content\/uploads\/2026\/01\/joulukuulide-dekoreerimine.jpg","contentUrl":"https:\/\/maarjamagdaleenagild.ee\/pood\/wp-content\/uploads\/2026\/01\/joulukuulide-dekoreerimine.jpg","width":1536,"height":2048},{"@type":"BreadcrumbList","@id":"https:\/\/maarjamagdaleenagild.ee\/pood\/toode\/joulukuulide-dekoreerimise-tootuba\/#breadcrumb","itemListElement":[{"@type":"ListItem","position":1,"name":"Home","item":"https:\/\/maarjamagdaleenagild.ee\/pood\/"},{"@type":"ListItem","position":2,"name":"Pood","item":"https:\/\/maarjamagdaleenagild.ee\/pood\/pood\/"},{"@type":"ListItem","position":3,"name":"J\u00f5ulukuulide dekoreerimise t\u00f6\u00f6tuba"}]},{"@type":"WebSite","@id":"https:\/\/maarjamagdaleenagild.ee\/pood\/#website","url":"https:\/\/maarjamagdaleenagild.ee\/pood\/","name":"Maarja-Magdaleena Gild","description":"E-pood","publisher":{"@id":"https:\/\/maarjamagdaleenagild.ee\/pood\/#organization"},"potentialAction":[{"@type":"SearchAction","target":{"@type":"EntryPoint","urlTemplate":"https:\/\/maarjamagdaleenagild.ee\/pood\/?s={search_term_string}"},"query-input":{"@type":"PropertyValueSpecification","valueRequired":true,"valueName":"search_term_string"}}],"inLanguage":"et"},{"@type":"Organization","@id":"https:\/\/maarjamagdaleenagild.ee\/pood\/#organization","name":"MT\u00dc Maarja-Magdaleena Gild","url":"https:\/\/maarjamagdaleenagild.ee\/pood\/","logo":{"@type":"ImageObject","inLanguage":"et","@id":"https:\/\/maarjamagdaleenagild.ee\/pood\/#\/schema\/logo\/image\/","url":"https:\/\/maarjamagdaleenagild.ee\/pood\/wp-content\/uploads\/2020\/10\/MMGild_VAIKE.jpg","contentUrl":"https:\/\/maarjamagdaleenagild.ee\/pood\/wp-content\/uploads\/2020\/10\/MMGild_VAIKE.jpg","width":121,"height":160,"caption":"MT\u00dc Maarja-Magdaleena Gild"},"image":{"@id":"https:\/\/maarjamagdaleenagild.ee\/pood\/#\/schema\/logo\/image\/"},"sameAs":["https:\/\/www.facebook.com\/MaarjaMagdaleenaGild","https:\/\/www.instagram.com\/maarjamagdaleenagild\/","https:\/\/youtube.com\/channel\/UC58lYlWK76vAqsDJ_gunuow"]}]}},"_links":{"self":[{"href":"https:\/\/maarjamagdaleenagild.ee\/pood\/wp-json\/wp\/v2\/product\/23094","targetHints":{"allow":["GET"]}}],"collection":[{"href":"https:\/\/maarjamagdaleenagild.ee\/pood\/wp-json\/wp\/v2\/product"}],"about":[{"href":"https:\/\/maarjamagdaleenagild.ee\/pood\/wp-json\/wp\/v2\/types\/product"}],"wp:featuredmedia":[{"embeddable":true,"href":"https:\/\/maarjamagdaleenagild.ee\/pood\/wp-json\/wp\/v2\/media\/23086"}],"wp:attachment":[{"href":"https:\/\/maarjamagdaleenagild.ee\/pood\/wp-json\/wp\/v2\/media?parent=23094"}],"wp:term":[{"taxonomy":"product_brand","embeddable":true,"href":"https:\/\/maarjamagdaleenagild.ee\/pood\/wp-json\/wp\/v2\/product_brand?post=23094"},{"taxonomy":"product_cat","embeddable":true,"href":"https:\/\/maarjamagdaleenagild.ee\/pood\/wp-json\/wp\/v2\/product_cat?post=23094"},{"taxonomy":"product_tag","embeddable":true,"href":"https:\/\/maarjamagdaleenagild.ee\/pood\/wp-json\/wp\/v2\/product_tag?post=23094"}],"curies":[{"name":"wp","href":"https:\/\/api.w.org\/{rel}","templated":true}]}}