{"id":23095,"date":"2026-01-07T15:15:12","date_gmt":"2026-01-07T12:15:12","guid":{"rendered":"https:\/\/maarjamagdaleenagild.ee\/pood\/?post_type=product&#038;p=23095"},"modified":"2026-03-03T13:48:39","modified_gmt":"2026-03-03T10:48:39","slug":"akvarellmaalitud-pressitud-kaardid","status":"publish","type":"product","link":"https:\/\/maarjamagdaleenagild.ee\/pood\/toode\/akvarellmaalitud-pressitud-kaardid\/","title":{"rendered":"Akvarellmaalitud pressitud kaardid"},"content":{"rendered":"<div data-canvas-width=\"564.5920000000001\">\n<div data-canvas-width=\"600.48\">\n<div data-canvas-width=\"338.0480000000002\">\n<div data-canvas-width=\"570.3040000000001\">\n<div data-canvas-width=\"176.88\">\n<div data-canvas-width=\"546.288\">Reljeefpressi abil pressitakse omale meelep\u00e4rase \u0161ablooni abil kaardip\u00f5hi.<\/div>\n<div data-canvas-width=\"600.9279999999998\">Akvarellvildikate v\u00f5i-pliiatsitega v\u00e4rvitakse kaart. V\u00e4rv hajutatakse veega laiali. Peale kaardi kuivatamist liimitakse kaart kaardip\u00f5hjale. T\u00f6\u00f6toas j\u00f5uab valmistada 2-3 kaarti.<\/div>\n<div data-canvas-width=\"282.03200000000015\">T\u00f6\u00f6tuba sobib k\u00f5ikidele alates 6. eluaastast.<\/div>\n<div data-canvas-width=\"282.03200000000015\"><\/div>\n<div data-canvas-width=\"282.03200000000015\">Koht: Maarja Magdaleena Gildis, Loomet\u00f6\u00f6toad v\u00f5i kliendiga kokkuleppel tema ruumides<\/div>\n<\/div>\n<\/div>\n<\/div>\n<\/div>\n<\/div>\n<p>Juhendaja: <a href=\"https:\/\/maarjamagdaleenagild.ee\/loometootoad\/\">Daisi Lorents<\/a><br \/>\n<strong><a href=\"tel:+372 5697 4833\">+372 5697 4833<\/a><\/strong><br \/>\n<a href=\"mailto:loometoad@gmail.com\">loometoad@gmail.com<\/a><\/p>\n","protected":false},"excerpt":{"rendered":"<p>Reljeefpressi abil pressitakse omale meelep\u00e4rase \u0161ablooni abil kaardip\u00f5hi. Akvarellvildikate v\u00f5i-pliiatsitega v\u00e4rvitakse kaart. V\u00e4rv hajutatakse veega laiali. Peale kaardi kuivatamist liimitakse kaart kaardip\u00f5hjale. T\u00f6\u00f6toas j\u00f5uab valmistada 2-3 kaarti. T\u00f6\u00f6tuba sobib k\u00f5ikidele alates 6. eluaastast. Koht: Maarja Magdaleena Gildis, Loomet\u00f6\u00f6toad v\u00f5i kliendiga kokkuleppel tema ruumides Juhendaja: Daisi Lorents +372 5697 4833 loometoad@gmail.com<\/p>\n","protected":false},"featured_media":23082,"template":"","meta":{"_monsterinsights_skip_tracking":false,"_monsterinsights_sitenote_active":false,"_monsterinsights_sitenote_note":"","_monsterinsights_sitenote_category":0},"product_brand":[],"product_cat":[844,16],"product_tag":[845,846],"class_list":{"0":"post-23095","1":"product","2":"type-product","3":"status-publish","4":"has-post-thumbnail","6":"product_cat-loometootoad","7":"product_cat-tootoad","8":"product_tag-daisi-lorents","9":"product_tag-loometootoad","10":"pa_grupi-suurus-alates-8","11":"pa_hind-12e-osaleja","12":"pa_keel-eesti-keel","13":"pa_keel-vene-keel","14":"pa_kestvus-15-25-h","16":"first","17":"instock","18":"shipping-taxable","19":"purchasable","20":"product-type-simple"},"yoast_head":"<!-- This site is optimized with the Yoast SEO plugin v27.0 - https:\/\/yoast.com\/product\/yoast-seo-wordpress\/ -->\n<title>Akvarellmaalitud pressitud kaardid - Maarja-Magdaleena Gild<\/title>\n<meta name=\"robots\" content=\"index, follow, max-snippet:-1, max-image-preview:large, max-video-preview:-1\" \/>\n<link rel=\"canonical\" href=\"https:\/\/maarjamagdaleenagild.ee\/pood\/toode\/akvarellmaalitud-pressitud-kaardid\/\" \/>\n<meta property=\"og:locale\" content=\"et_EE\" \/>\n<meta property=\"og:type\" content=\"article\" \/>\n<meta property=\"og:title\" content=\"Akvarellmaalitud pressitud kaardid - Maarja-Magdaleena Gild\" \/>\n<meta property=\"og:description\" content=\"Reljeefpressi abil pressitakse omale meelep\u00e4rase \u0161ablooni abil kaardip\u00f5hi. Akvarellvildikate v\u00f5i-pliiatsitega v\u00e4rvitakse kaart. V\u00e4rv hajutatakse veega laiali. Peale kaardi kuivatamist liimitakse kaart kaardip\u00f5hjale. T\u00f6\u00f6toas j\u00f5uab valmistada 2-3 kaarti. T\u00f6\u00f6tuba sobib k\u00f5ikidele alates 6. eluaastast. Koht: Maarja Magdaleena Gildis, Loomet\u00f6\u00f6toad v\u00f5i kliendiga kokkuleppel tema ruumides Juhendaja: Daisi Lorents +372 5697 4833 loometoad@gmail.com\" \/>\n<meta property=\"og:url\" content=\"https:\/\/maarjamagdaleenagild.ee\/pood\/toode\/akvarellmaalitud-pressitud-kaardid\/\" \/>\n<meta property=\"og:site_name\" content=\"Maarja-Magdaleena Gild\" \/>\n<meta property=\"article:publisher\" content=\"https:\/\/www.facebook.com\/MaarjaMagdaleenaGild\" \/>\n<meta property=\"article:modified_time\" content=\"2026-03-03T10:48:39+00:00\" \/>\n<meta property=\"og:image\" content=\"https:\/\/maarjamagdaleenagild.ee\/pood\/wp-content\/uploads\/2026\/01\/akvarell.jpg\" \/>\n\t<meta property=\"og:image:width\" content=\"1273\" \/>\n\t<meta property=\"og:image:height\" content=\"955\" \/>\n\t<meta property=\"og:image:type\" content=\"image\/jpeg\" \/>\n<meta name=\"twitter:card\" content=\"summary_large_image\" \/>\n<meta name=\"twitter:label1\" content=\"Est. reading time\" \/>\n\t<meta name=\"twitter:data1\" content=\"1 minut\" \/>\n<script type=\"application\/ld+json\" class=\"yoast-schema-graph\">{\"@context\":\"https:\/\/schema.org\",\"@graph\":[{\"@type\":\"WebPage\",\"@id\":\"https:\/\/maarjamagdaleenagild.ee\/pood\/toode\/akvarellmaalitud-pressitud-kaardid\/\",\"url\":\"https:\/\/maarjamagdaleenagild.ee\/pood\/toode\/akvarellmaalitud-pressitud-kaardid\/\",\"name\":\"Akvarellmaalitud pressitud kaardid - Maarja-Magdaleena Gild\",\"isPartOf\":{\"@id\":\"https:\/\/maarjamagdaleenagild.ee\/pood\/#website\"},\"primaryImageOfPage\":{\"@id\":\"https:\/\/maarjamagdaleenagild.ee\/pood\/toode\/akvarellmaalitud-pressitud-kaardid\/#primaryimage\"},\"image\":{\"@id\":\"https:\/\/maarjamagdaleenagild.ee\/pood\/toode\/akvarellmaalitud-pressitud-kaardid\/#primaryimage\"},\"thumbnailUrl\":\"https:\/\/maarjamagdaleenagild.ee\/pood\/wp-content\/uploads\/2026\/01\/akvarell.jpg\",\"datePublished\":\"2026-01-07T12:15:12+00:00\",\"dateModified\":\"2026-03-03T10:48:39+00:00\",\"breadcrumb\":{\"@id\":\"https:\/\/maarjamagdaleenagild.ee\/pood\/toode\/akvarellmaalitud-pressitud-kaardid\/#breadcrumb\"},\"inLanguage\":\"et\",\"potentialAction\":[{\"@type\":\"ReadAction\",\"target\":[\"https:\/\/maarjamagdaleenagild.ee\/pood\/toode\/akvarellmaalitud-pressitud-kaardid\/\"]}]},{\"@type\":\"ImageObject\",\"inLanguage\":\"et\",\"@id\":\"https:\/\/maarjamagdaleenagild.ee\/pood\/toode\/akvarellmaalitud-pressitud-kaardid\/#primaryimage\",\"url\":\"https:\/\/maarjamagdaleenagild.ee\/pood\/wp-content\/uploads\/2026\/01\/akvarell.jpg\",\"contentUrl\":\"https:\/\/maarjamagdaleenagild.ee\/pood\/wp-content\/uploads\/2026\/01\/akvarell.jpg\",\"width\":1273,\"height\":955},{\"@type\":\"BreadcrumbList\",\"@id\":\"https:\/\/maarjamagdaleenagild.ee\/pood\/toode\/akvarellmaalitud-pressitud-kaardid\/#breadcrumb\",\"itemListElement\":[{\"@type\":\"ListItem\",\"position\":1,\"name\":\"Home\",\"item\":\"https:\/\/maarjamagdaleenagild.ee\/pood\/\"},{\"@type\":\"ListItem\",\"position\":2,\"name\":\"Pood\",\"item\":\"https:\/\/maarjamagdaleenagild.ee\/pood\/pood\/\"},{\"@type\":\"ListItem\",\"position\":3,\"name\":\"Akvarellmaalitud pressitud kaardid\"}]},{\"@type\":\"WebSite\",\"@id\":\"https:\/\/maarjamagdaleenagild.ee\/pood\/#website\",\"url\":\"https:\/\/maarjamagdaleenagild.ee\/pood\/\",\"name\":\"Maarja-Magdaleena Gild\",\"description\":\"E-pood\",\"publisher\":{\"@id\":\"https:\/\/maarjamagdaleenagild.ee\/pood\/#organization\"},\"potentialAction\":[{\"@type\":\"SearchAction\",\"target\":{\"@type\":\"EntryPoint\",\"urlTemplate\":\"https:\/\/maarjamagdaleenagild.ee\/pood\/?s={search_term_string}\"},\"query-input\":{\"@type\":\"PropertyValueSpecification\",\"valueRequired\":true,\"valueName\":\"search_term_string\"}}],\"inLanguage\":\"et\"},{\"@type\":\"Organization\",\"@id\":\"https:\/\/maarjamagdaleenagild.ee\/pood\/#organization\",\"name\":\"MT\u00dc Maarja-Magdaleena Gild\",\"url\":\"https:\/\/maarjamagdaleenagild.ee\/pood\/\",\"logo\":{\"@type\":\"ImageObject\",\"inLanguage\":\"et\",\"@id\":\"https:\/\/maarjamagdaleenagild.ee\/pood\/#\/schema\/logo\/image\/\",\"url\":\"https:\/\/maarjamagdaleenagild.ee\/pood\/wp-content\/uploads\/2020\/10\/MMGild_VAIKE.jpg\",\"contentUrl\":\"https:\/\/maarjamagdaleenagild.ee\/pood\/wp-content\/uploads\/2020\/10\/MMGild_VAIKE.jpg\",\"width\":121,\"height\":160,\"caption\":\"MT\u00dc Maarja-Magdaleena Gild\"},\"image\":{\"@id\":\"https:\/\/maarjamagdaleenagild.ee\/pood\/#\/schema\/logo\/image\/\"},\"sameAs\":[\"https:\/\/www.facebook.com\/MaarjaMagdaleenaGild\",\"https:\/\/www.instagram.com\/maarjamagdaleenagild\/\",\"https:\/\/youtube.com\/channel\/UC58lYlWK76vAqsDJ_gunuow\"]}]}<\/script>\n<!-- \/ Yoast SEO plugin. -->","yoast_head_json":{"title":"Akvarellmaalitud pressitud kaardid - Maarja-Magdaleena Gild","robots":{"index":"index","follow":"follow","max-snippet":"max-snippet:-1","max-image-preview":"max-image-preview:large","max-video-preview":"max-video-preview:-1"},"canonical":"https:\/\/maarjamagdaleenagild.ee\/pood\/toode\/akvarellmaalitud-pressitud-kaardid\/","og_locale":"et_EE","og_type":"article","og_title":"Akvarellmaalitud pressitud kaardid - Maarja-Magdaleena Gild","og_description":"Reljeefpressi abil pressitakse omale meelep\u00e4rase \u0161ablooni abil kaardip\u00f5hi. Akvarellvildikate v\u00f5i-pliiatsitega v\u00e4rvitakse kaart. V\u00e4rv hajutatakse veega laiali. Peale kaardi kuivatamist liimitakse kaart kaardip\u00f5hjale. T\u00f6\u00f6toas j\u00f5uab valmistada 2-3 kaarti. T\u00f6\u00f6tuba sobib k\u00f5ikidele alates 6. eluaastast. Koht: Maarja Magdaleena Gildis, Loomet\u00f6\u00f6toad v\u00f5i kliendiga kokkuleppel tema ruumides Juhendaja: Daisi Lorents +372 5697 4833 loometoad@gmail.com","og_url":"https:\/\/maarjamagdaleenagild.ee\/pood\/toode\/akvarellmaalitud-pressitud-kaardid\/","og_site_name":"Maarja-Magdaleena Gild","article_publisher":"https:\/\/www.facebook.com\/MaarjaMagdaleenaGild","article_modified_time":"2026-03-03T10:48:39+00:00","og_image":[{"width":1273,"height":955,"url":"https:\/\/maarjamagdaleenagild.ee\/pood\/wp-content\/uploads\/2026\/01\/akvarell.jpg","type":"image\/jpeg"}],"twitter_card":"summary_large_image","twitter_misc":{"Est. reading time":"1 minut"},"schema":{"@context":"https:\/\/schema.org","@graph":[{"@type":"WebPage","@id":"https:\/\/maarjamagdaleenagild.ee\/pood\/toode\/akvarellmaalitud-pressitud-kaardid\/","url":"https:\/\/maarjamagdaleenagild.ee\/pood\/toode\/akvarellmaalitud-pressitud-kaardid\/","name":"Akvarellmaalitud pressitud kaardid - Maarja-Magdaleena Gild","isPartOf":{"@id":"https:\/\/maarjamagdaleenagild.ee\/pood\/#website"},"primaryImageOfPage":{"@id":"https:\/\/maarjamagdaleenagild.ee\/pood\/toode\/akvarellmaalitud-pressitud-kaardid\/#primaryimage"},"image":{"@id":"https:\/\/maarjamagdaleenagild.ee\/pood\/toode\/akvarellmaalitud-pressitud-kaardid\/#primaryimage"},"thumbnailUrl":"https:\/\/maarjamagdaleenagild.ee\/pood\/wp-content\/uploads\/2026\/01\/akvarell.jpg","datePublished":"2026-01-07T12:15:12+00:00","dateModified":"2026-03-03T10:48:39+00:00","breadcrumb":{"@id":"https:\/\/maarjamagdaleenagild.ee\/pood\/toode\/akvarellmaalitud-pressitud-kaardid\/#breadcrumb"},"inLanguage":"et","potentialAction":[{"@type":"ReadAction","target":["https:\/\/maarjamagdaleenagild.ee\/pood\/toode\/akvarellmaalitud-pressitud-kaardid\/"]}]},{"@type":"ImageObject","inLanguage":"et","@id":"https:\/\/maarjamagdaleenagild.ee\/pood\/toode\/akvarellmaalitud-pressitud-kaardid\/#primaryimage","url":"https:\/\/maarjamagdaleenagild.ee\/pood\/wp-content\/uploads\/2026\/01\/akvarell.jpg","contentUrl":"https:\/\/maarjamagdaleenagild.ee\/pood\/wp-content\/uploads\/2026\/01\/akvarell.jpg","width":1273,"height":955},{"@type":"BreadcrumbList","@id":"https:\/\/maarjamagdaleenagild.ee\/pood\/toode\/akvarellmaalitud-pressitud-kaardid\/#breadcrumb","itemListElement":[{"@type":"ListItem","position":1,"name":"Home","item":"https:\/\/maarjamagdaleenagild.ee\/pood\/"},{"@type":"ListItem","position":2,"name":"Pood","item":"https:\/\/maarjamagdaleenagild.ee\/pood\/pood\/"},{"@type":"ListItem","position":3,"name":"Akvarellmaalitud pressitud kaardid"}]},{"@type":"WebSite","@id":"https:\/\/maarjamagdaleenagild.ee\/pood\/#website","url":"https:\/\/maarjamagdaleenagild.ee\/pood\/","name":"Maarja-Magdaleena Gild","description":"E-pood","publisher":{"@id":"https:\/\/maarjamagdaleenagild.ee\/pood\/#organization"},"potentialAction":[{"@type":"SearchAction","target":{"@type":"EntryPoint","urlTemplate":"https:\/\/maarjamagdaleenagild.ee\/pood\/?s={search_term_string}"},"query-input":{"@type":"PropertyValueSpecification","valueRequired":true,"valueName":"search_term_string"}}],"inLanguage":"et"},{"@type":"Organization","@id":"https:\/\/maarjamagdaleenagild.ee\/pood\/#organization","name":"MT\u00dc Maarja-Magdaleena Gild","url":"https:\/\/maarjamagdaleenagild.ee\/pood\/","logo":{"@type":"ImageObject","inLanguage":"et","@id":"https:\/\/maarjamagdaleenagild.ee\/pood\/#\/schema\/logo\/image\/","url":"https:\/\/maarjamagdaleenagild.ee\/pood\/wp-content\/uploads\/2020\/10\/MMGild_VAIKE.jpg","contentUrl":"https:\/\/maarjamagdaleenagild.ee\/pood\/wp-content\/uploads\/2020\/10\/MMGild_VAIKE.jpg","width":121,"height":160,"caption":"MT\u00dc Maarja-Magdaleena Gild"},"image":{"@id":"https:\/\/maarjamagdaleenagild.ee\/pood\/#\/schema\/logo\/image\/"},"sameAs":["https:\/\/www.facebook.com\/MaarjaMagdaleenaGild","https:\/\/www.instagram.com\/maarjamagdaleenagild\/","https:\/\/youtube.com\/channel\/UC58lYlWK76vAqsDJ_gunuow"]}]}},"_links":{"self":[{"href":"https:\/\/maarjamagdaleenagild.ee\/pood\/wp-json\/wp\/v2\/product\/23095","targetHints":{"allow":["GET"]}}],"collection":[{"href":"https:\/\/maarjamagdaleenagild.ee\/pood\/wp-json\/wp\/v2\/product"}],"about":[{"href":"https:\/\/maarjamagdaleenagild.ee\/pood\/wp-json\/wp\/v2\/types\/product"}],"wp:featuredmedia":[{"embeddable":true,"href":"https:\/\/maarjamagdaleenagild.ee\/pood\/wp-json\/wp\/v2\/media\/23082"}],"wp:attachment":[{"href":"https:\/\/maarjamagdaleenagild.ee\/pood\/wp-json\/wp\/v2\/media?parent=23095"}],"wp:term":[{"taxonomy":"product_brand","embeddable":true,"href":"https:\/\/maarjamagdaleenagild.ee\/pood\/wp-json\/wp\/v2\/product_brand?post=23095"},{"taxonomy":"product_cat","embeddable":true,"href":"https:\/\/maarjamagdaleenagild.ee\/pood\/wp-json\/wp\/v2\/product_cat?post=23095"},{"taxonomy":"product_tag","embeddable":true,"href":"https:\/\/maarjamagdaleenagild.ee\/pood\/wp-json\/wp\/v2\/product_tag?post=23095"}],"curies":[{"name":"wp","href":"https:\/\/api.w.org\/{rel}","templated":true}]}}